{"id":5720856,"date":"2026-02-04T10:16:10","date_gmt":"2026-02-04T09:16:10","guid":{"rendered":"https:\/\/stoic-curie.212-227-153-4.plesk.page\/product\/kit-de-anodos-para-mercury-verado-mmp\/"},"modified":"2026-02-25T00:29:03","modified_gmt":"2026-02-25T00:29:03","slug":"kit-de-anodos-para-mercury-verado-mmp","status":"publish","type":"product","link":"https:\/\/stoic-curie.212-227-153-4.plesk.page\/pt\/product\/kit-de-anodos-para-mercury-verado-mmp\/","title":{"rendered":"Kit de \u00e2nodos para Mercury Verado MMP"},"content":{"rendered":"<p>Kit de \u00e2nodos para Mercury Verado MMP &#8211; <\/p>\n<p>Kit de \u00e2nodos Martyr para Mercury Verado MMP feito de liga de alum\u00ednio M2. Esses \u00e2nodos pesam 50% menos que os \u00e2nodos de zinco tradicionais, mantendo o mesmo n\u00edvel de prote\u00e7\u00e3o. O kit inclui: 2 x 826134Q, 2 x 893404, 1 x 8M0012083, 1 x 8M0001734, 1 x 762145Q.<\/p>\n","protected":false},"excerpt":{"rendered":"<p>Kit de \u00e2nodos para Mercury Verado MMP &#8211; Kit de \u00e2nodos Martyr para Mercury Verado MMP feito de liga de<\/p>\n","protected":false},"featured_media":5719282,"comment_status":"open","ping_status":"closed","template":"","meta":[],"product_brand":[3287],"product_cat":[2102],"product_tag":[],"class_list":{"0":"post-5720856","1":"product","2":"type-product","3":"status-publish","4":"has-post-thumbnail","6":"product_brand-quicksilver-pt","7":"product_cat-pecas-para-motores-fora-de-bordo-mercury-e-mariner","9":"first","10":"instock","11":"shipping-taxable","12":"purchasable","13":"product-type-simple"},"_links":{"self":[{"href":"https:\/\/stoic-curie.212-227-153-4.plesk.page\/pt\/wp-json\/wp\/v2\/product\/5720856","targetHints":{"allow":["GET"]}}],"collection":[{"href":"https:\/\/stoic-curie.212-227-153-4.plesk.page\/pt\/wp-json\/wp\/v2\/product"}],"about":[{"href":"https:\/\/stoic-curie.212-227-153-4.plesk.page\/pt\/wp-json\/wp\/v2\/types\/product"}],"replies":[{"embeddable":true,"href":"https:\/\/stoic-curie.212-227-153-4.plesk.page\/pt\/wp-json\/wp\/v2\/comments?post=5720856"}],"version-history":[{"count":0,"href":"https:\/\/stoic-curie.212-227-153-4.plesk.page\/pt\/wp-json\/wp\/v2\/product\/5720856\/revisions"}],"wp:featuredmedia":[{"embeddable":true,"href":"https:\/\/stoic-curie.212-227-153-4.plesk.page\/pt\/wp-json\/wp\/v2\/media\/5719282"}],"wp:attachment":[{"href":"https:\/\/stoic-curie.212-227-153-4.plesk.page\/pt\/wp-json\/wp\/v2\/media?parent=5720856"}],"wp:term":[{"taxonomy":"product_brand","embeddable":true,"href":"https:\/\/stoic-curie.212-227-153-4.plesk.page\/pt\/wp-json\/wp\/v2\/product_brand?post=5720856"},{"taxonomy":"product_cat","embeddable":true,"href":"https:\/\/stoic-curie.212-227-153-4.plesk.page\/pt\/wp-json\/wp\/v2\/product_cat?post=5720856"},{"taxonomy":"product_tag","embeddable":true,"href":"https:\/\/stoic-curie.212-227-153-4.plesk.page\/pt\/wp-json\/wp\/v2\/product_tag?post=5720856"}],"curies":[{"name":"wp","href":"https:\/\/api.w.org\/{rel}","templated":true}]}}