{"id":5720859,"date":"2026-02-04T10:16:13","date_gmt":"2026-02-04T09:16:13","guid":{"rendered":"https:\/\/stoic-curie.212-227-153-4.plesk.page\/product\/bomba-de-combustivel-original-para-motores-mercruiser-861155a3\/"},"modified":"2026-02-25T00:29:03","modified_gmt":"2026-02-25T00:29:03","slug":"bomba-de-combustivel-original-para-motores-mercruiser-861155a3","status":"publish","type":"product","link":"https:\/\/stoic-curie.212-227-153-4.plesk.page\/pt\/product\/bomba-de-combustivel-original-para-motores-mercruiser-861155a3\/","title":{"rendered":"Bomba de Combust\u00edvel Original para Motores Mercruiser 861155A3"},"content":{"rendered":"<p>Bomba de Combust\u00edvel Original para Motores Mercruiser 861155A3 &#8211; <\/p>\n<p>Bomba de combust\u00edvel original para motores Mercruiser. Pe\u00e7a de reposi\u00e7\u00e3o compat\u00edvel para os modelos MAG350, MAG357, MAG383, MAG385, MAG496, 4.3L, 5.0L, 5.7L, 6.2L, MX6.2L e 8.1L.<\/p>\n","protected":false},"excerpt":{"rendered":"<p>Bomba de Combust\u00edvel Original para Motores Mercruiser 861155A3 &#8211; Bomba de combust\u00edvel original para motores Mercruiser. Pe\u00e7a de reposi\u00e7\u00e3o compat\u00edvel<\/p>\n","protected":false},"featured_media":5719333,"comment_status":"open","ping_status":"closed","template":"","meta":[],"product_brand":[3287],"product_cat":[2117],"product_tag":[],"class_list":{"0":"post-5720859","1":"product","2":"type-product","3":"status-publish","4":"has-post-thumbnail","6":"product_brand-quicksilver-pt","7":"product_cat-pecas-para-motores-mercruiser","9":"first","10":"instock","11":"shipping-taxable","12":"purchasable","13":"product-type-simple"},"_links":{"self":[{"href":"https:\/\/stoic-curie.212-227-153-4.plesk.page\/pt\/wp-json\/wp\/v2\/product\/5720859","targetHints":{"allow":["GET"]}}],"collection":[{"href":"https:\/\/stoic-curie.212-227-153-4.plesk.page\/pt\/wp-json\/wp\/v2\/product"}],"about":[{"href":"https:\/\/stoic-curie.212-227-153-4.plesk.page\/pt\/wp-json\/wp\/v2\/types\/product"}],"replies":[{"embeddable":true,"href":"https:\/\/stoic-curie.212-227-153-4.plesk.page\/pt\/wp-json\/wp\/v2\/comments?post=5720859"}],"version-history":[{"count":0,"href":"https:\/\/stoic-curie.212-227-153-4.plesk.page\/pt\/wp-json\/wp\/v2\/product\/5720859\/revisions"}],"wp:featuredmedia":[{"embeddable":true,"href":"https:\/\/stoic-curie.212-227-153-4.plesk.page\/pt\/wp-json\/wp\/v2\/media\/5719333"}],"wp:attachment":[{"href":"https:\/\/stoic-curie.212-227-153-4.plesk.page\/pt\/wp-json\/wp\/v2\/media?parent=5720859"}],"wp:term":[{"taxonomy":"product_brand","embeddable":true,"href":"https:\/\/stoic-curie.212-227-153-4.plesk.page\/pt\/wp-json\/wp\/v2\/product_brand?post=5720859"},{"taxonomy":"product_cat","embeddable":true,"href":"https:\/\/stoic-curie.212-227-153-4.plesk.page\/pt\/wp-json\/wp\/v2\/product_cat?post=5720859"},{"taxonomy":"product_tag","embeddable":true,"href":"https:\/\/stoic-curie.212-227-153-4.plesk.page\/pt\/wp-json\/wp\/v2\/product_tag?post=5720859"}],"curies":[{"name":"wp","href":"https:\/\/api.w.org\/{rel}","templated":true}]}}