{"id":5720860,"date":"2026-02-04T10:16:14","date_gmt":"2026-02-04T09:16:14","guid":{"rendered":"https:\/\/stoic-curie.212-227-153-4.plesk.page\/product\/rolamento-de-eixo-de-helice-genuino-para-motores-suzuki-56120-94321-0ep\/"},"modified":"2026-02-25T00:29:20","modified_gmt":"2026-02-25T00:29:20","slug":"rolamento-de-eixo-de-helice-genuino-para-motores-suzuki-56120-94321-0ep","status":"publish","type":"product","link":"https:\/\/stoic-curie.212-227-153-4.plesk.page\/pt\/product\/rolamento-de-eixo-de-helice-genuino-para-motores-suzuki-56120-94321-0ep\/","title":{"rendered":"Rolamento de eixo de h\u00e9lice genu\u00edno para motores Suzuki 56120-94321-0EP"},"content":{"rendered":"<p>Rolamento de eixo de h\u00e9lice genu\u00edno para motores Suzuki 56120-94321-0EP &#8211; <\/p>\n<p>Rolamento de suporte de eixo de h\u00e9lice para motores fora de borda Suzuki. Pe\u00e7a de reposi\u00e7\u00e3o compat\u00edvel.<\/p>\n","protected":false},"excerpt":{"rendered":"<p>Rolamento de eixo de h\u00e9lice genu\u00edno para motores Suzuki 56120-94321-0EP &#8211; Rolamento de suporte de eixo de h\u00e9lice para motores<\/p>\n","protected":false},"featured_media":5719336,"comment_status":"open","ping_status":"closed","template":"","meta":[],"product_brand":[3392],"product_cat":[2119],"product_tag":[],"class_list":{"0":"post-5720860","1":"product","2":"type-product","3":"status-publish","4":"has-post-thumbnail","6":"product_brand-sierra-marine-pt","7":"product_cat-pecas-para-motores-fora-de-borda-suzuki","9":"first","10":"instock","11":"shipping-taxable","12":"purchasable","13":"product-type-simple"},"_links":{"self":[{"href":"https:\/\/stoic-curie.212-227-153-4.plesk.page\/pt\/wp-json\/wp\/v2\/product\/5720860","targetHints":{"allow":["GET"]}}],"collection":[{"href":"https:\/\/stoic-curie.212-227-153-4.plesk.page\/pt\/wp-json\/wp\/v2\/product"}],"about":[{"href":"https:\/\/stoic-curie.212-227-153-4.plesk.page\/pt\/wp-json\/wp\/v2\/types\/product"}],"replies":[{"embeddable":true,"href":"https:\/\/stoic-curie.212-227-153-4.plesk.page\/pt\/wp-json\/wp\/v2\/comments?post=5720860"}],"version-history":[{"count":0,"href":"https:\/\/stoic-curie.212-227-153-4.plesk.page\/pt\/wp-json\/wp\/v2\/product\/5720860\/revisions"}],"wp:featuredmedia":[{"embeddable":true,"href":"https:\/\/stoic-curie.212-227-153-4.plesk.page\/pt\/wp-json\/wp\/v2\/media\/5719336"}],"wp:attachment":[{"href":"https:\/\/stoic-curie.212-227-153-4.plesk.page\/pt\/wp-json\/wp\/v2\/media?parent=5720860"}],"wp:term":[{"taxonomy":"product_brand","embeddable":true,"href":"https:\/\/stoic-curie.212-227-153-4.plesk.page\/pt\/wp-json\/wp\/v2\/product_brand?post=5720860"},{"taxonomy":"product_cat","embeddable":true,"href":"https:\/\/stoic-curie.212-227-153-4.plesk.page\/pt\/wp-json\/wp\/v2\/product_cat?post=5720860"},{"taxonomy":"product_tag","embeddable":true,"href":"https:\/\/stoic-curie.212-227-153-4.plesk.page\/pt\/wp-json\/wp\/v2\/product_tag?post=5720860"}],"curies":[{"name":"wp","href":"https:\/\/api.w.org\/{rel}","templated":true}]}}