{"id":5720862,"date":"2026-02-04T10:16:16","date_gmt":"2026-02-04T09:16:16","guid":{"rendered":"https:\/\/stoic-curie.212-227-153-4.plesk.page\/product\/rele-de-trim-original-para-motores-yamaha-6h1-81950-00\/"},"modified":"2026-02-25T00:29:20","modified_gmt":"2026-02-25T00:29:20","slug":"rele-de-trim-original-para-motores-yamaha-6h1-81950-00","status":"publish","type":"product","link":"https:\/\/stoic-curie.212-227-153-4.plesk.page\/pt\/product\/rele-de-trim-original-para-motores-yamaha-6h1-81950-00\/","title":{"rendered":"Rel\u00e9 de Trim Original para Motores Yamaha 6H1-81950-00"},"content":{"rendered":"<p>Rel\u00e9 de Trim Original para Motores Yamaha 6H1-81950-00 &#8211; <\/p>\n<p>Rel\u00e9 de trim para motores de popa Yamaha. Pe\u00e7as de reposi\u00e7\u00e3o compat\u00edveis.<\/p>\n","protected":false},"excerpt":{"rendered":"<p>Rel\u00e9 de Trim Original para Motores Yamaha 6H1-81950-00 &#8211; Rel\u00e9 de trim para motores de popa Yamaha. Pe\u00e7as de reposi\u00e7\u00e3o<\/p>\n","protected":false},"featured_media":5719340,"comment_status":"open","ping_status":"closed","template":"","meta":[],"product_brand":[3392],"product_cat":[2118],"product_tag":[],"class_list":{"0":"post-5720862","1":"product","2":"type-product","3":"status-publish","4":"has-post-thumbnail","6":"product_brand-sierra-marine-pt","7":"product_cat-pecas-para-motores-fora-de-bordo-yamaha","9":"first","10":"instock","11":"shipping-taxable","12":"purchasable","13":"product-type-simple"},"_links":{"self":[{"href":"https:\/\/stoic-curie.212-227-153-4.plesk.page\/pt\/wp-json\/wp\/v2\/product\/5720862","targetHints":{"allow":["GET"]}}],"collection":[{"href":"https:\/\/stoic-curie.212-227-153-4.plesk.page\/pt\/wp-json\/wp\/v2\/product"}],"about":[{"href":"https:\/\/stoic-curie.212-227-153-4.plesk.page\/pt\/wp-json\/wp\/v2\/types\/product"}],"replies":[{"embeddable":true,"href":"https:\/\/stoic-curie.212-227-153-4.plesk.page\/pt\/wp-json\/wp\/v2\/comments?post=5720862"}],"version-history":[{"count":0,"href":"https:\/\/stoic-curie.212-227-153-4.plesk.page\/pt\/wp-json\/wp\/v2\/product\/5720862\/revisions"}],"wp:featuredmedia":[{"embeddable":true,"href":"https:\/\/stoic-curie.212-227-153-4.plesk.page\/pt\/wp-json\/wp\/v2\/media\/5719340"}],"wp:attachment":[{"href":"https:\/\/stoic-curie.212-227-153-4.plesk.page\/pt\/wp-json\/wp\/v2\/media?parent=5720862"}],"wp:term":[{"taxonomy":"product_brand","embeddable":true,"href":"https:\/\/stoic-curie.212-227-153-4.plesk.page\/pt\/wp-json\/wp\/v2\/product_brand?post=5720862"},{"taxonomy":"product_cat","embeddable":true,"href":"https:\/\/stoic-curie.212-227-153-4.plesk.page\/pt\/wp-json\/wp\/v2\/product_cat?post=5720862"},{"taxonomy":"product_tag","embeddable":true,"href":"https:\/\/stoic-curie.212-227-153-4.plesk.page\/pt\/wp-json\/wp\/v2\/product_tag?post=5720862"}],"curies":[{"name":"wp","href":"https:\/\/api.w.org\/{rel}","templated":true}]}}