{"id":5720866,"date":"2026-02-04T10:16:20","date_gmt":"2026-02-04T09:16:20","guid":{"rendered":"https:\/\/stoic-curie.212-227-153-4.plesk.page\/product\/kit-completo-de-acessorios-para-segunda-estacao-de-direcao\/"},"modified":"2026-02-25T00:29:20","modified_gmt":"2026-02-25T00:29:20","slug":"kit-completo-de-acessorios-para-segunda-estacao-de-direcao","status":"publish","type":"product","link":"https:\/\/stoic-curie.212-227-153-4.plesk.page\/pt\/product\/kit-completo-de-acessorios-para-segunda-estacao-de-direcao\/","title":{"rendered":"Kit Completo de Acess\u00f3rios para Segunda Esta\u00e7\u00e3o de Dire\u00e7\u00e3o"},"content":{"rendered":"<p>Kit Completo de Acess\u00f3rios para Segunda Esta\u00e7\u00e3o de Dire\u00e7\u00e3o &#8211; <\/p>\n<p>Os sistemas de dire\u00e7\u00e3o hidr\u00e1ulica Ultraflex para dupla esta\u00e7\u00e3o ou acess\u00f3rios de piloto autom\u00e1tico s\u00e3o projetados para durabilidade e alto desempenho.<\/p>\n","protected":false},"excerpt":{"rendered":"<p>Kit Completo de Acess\u00f3rios para Segunda Esta\u00e7\u00e3o de Dire\u00e7\u00e3o &#8211; Os sistemas de dire\u00e7\u00e3o hidr\u00e1ulica Ultraflex para dupla esta\u00e7\u00e3o ou<\/p>\n","protected":false},"featured_media":5719351,"comment_status":"open","ping_status":"closed","template":"","meta":[],"product_brand":[3502],"product_cat":[2110],"product_tag":[],"class_list":{"0":"post-5720866","1":"product","2":"type-product","3":"status-publish","4":"has-post-thumbnail","6":"product_brand-ultraflex-uflex-pt","7":"product_cat-direcao-hidraulica","9":"first","10":"instock","11":"shipping-taxable","12":"purchasable","13":"product-type-simple"},"_links":{"self":[{"href":"https:\/\/stoic-curie.212-227-153-4.plesk.page\/pt\/wp-json\/wp\/v2\/product\/5720866","targetHints":{"allow":["GET"]}}],"collection":[{"href":"https:\/\/stoic-curie.212-227-153-4.plesk.page\/pt\/wp-json\/wp\/v2\/product"}],"about":[{"href":"https:\/\/stoic-curie.212-227-153-4.plesk.page\/pt\/wp-json\/wp\/v2\/types\/product"}],"replies":[{"embeddable":true,"href":"https:\/\/stoic-curie.212-227-153-4.plesk.page\/pt\/wp-json\/wp\/v2\/comments?post=5720866"}],"version-history":[{"count":0,"href":"https:\/\/stoic-curie.212-227-153-4.plesk.page\/pt\/wp-json\/wp\/v2\/product\/5720866\/revisions"}],"wp:featuredmedia":[{"embeddable":true,"href":"https:\/\/stoic-curie.212-227-153-4.plesk.page\/pt\/wp-json\/wp\/v2\/media\/5719351"}],"wp:attachment":[{"href":"https:\/\/stoic-curie.212-227-153-4.plesk.page\/pt\/wp-json\/wp\/v2\/media?parent=5720866"}],"wp:term":[{"taxonomy":"product_brand","embeddable":true,"href":"https:\/\/stoic-curie.212-227-153-4.plesk.page\/pt\/wp-json\/wp\/v2\/product_brand?post=5720866"},{"taxonomy":"product_cat","embeddable":true,"href":"https:\/\/stoic-curie.212-227-153-4.plesk.page\/pt\/wp-json\/wp\/v2\/product_cat?post=5720866"},{"taxonomy":"product_tag","embeddable":true,"href":"https:\/\/stoic-curie.212-227-153-4.plesk.page\/pt\/wp-json\/wp\/v2\/product_tag?post=5720866"}],"curies":[{"name":"wp","href":"https:\/\/api.w.org\/{rel}","templated":true}]}}