{"id":5737592,"date":"2026-02-05T11:22:29","date_gmt":"2026-02-05T10:22:29","guid":{"rendered":"https:\/\/stoic-curie.212-227-153-4.plesk.page\/product\/redutor-hexagonal-de-bronze-m-f-g-3-x-2-1-2-rosca\/"},"modified":"2026-02-25T00:28:32","modified_gmt":"2026-02-25T00:28:32","slug":"redutor-hexagonal-de-bronze-m-f-g-3-x-2-1-2-rosca","status":"publish","type":"product","link":"https:\/\/stoic-curie.212-227-153-4.plesk.page\/pt\/product\/redutor-hexagonal-de-bronze-m-f-g-3-x-2-1-2-rosca\/","title":{"rendered":"Redutor Hexagonal de Bronze M-F G 3&#8243; x 2&#8243; 1\/2 Rosca"},"content":{"rendered":"<p>Redutor Hexagonal de Bronze M-F G 3&#8243; x 2&#8243; 1\/2 Rosca &#8211; <\/p>\n<p>Redutor hexagonal em bronze de macho para f\u00eamea para conex\u00f5es hidr\u00e1ulicas confi\u00e1veis.<\/p>\n","protected":false},"excerpt":{"rendered":"<p>Redutor Hexagonal de Bronze M-F G 3&#8243; x 2&#8243; 1\/2 Rosca &#8211; Redutor hexagonal em bronze de macho para f\u00eamea<\/p>\n","protected":false},"featured_media":5941474,"comment_status":"open","ping_status":"closed","template":"","meta":[],"product_brand":[2997],"product_cat":[1956],"product_tag":[],"class_list":{"0":"post-5737592","1":"product","2":"type-product","3":"status-publish","4":"has-post-thumbnail","6":"product_brand-guidi-marine-pt","7":"product_cat-acessorios-de-canalizacao-em-bronze","9":"first","10":"instock","11":"shipping-taxable","12":"purchasable","13":"product-type-simple"},"_links":{"self":[{"href":"https:\/\/stoic-curie.212-227-153-4.plesk.page\/pt\/wp-json\/wp\/v2\/product\/5737592","targetHints":{"allow":["GET"]}}],"collection":[{"href":"https:\/\/stoic-curie.212-227-153-4.plesk.page\/pt\/wp-json\/wp\/v2\/product"}],"about":[{"href":"https:\/\/stoic-curie.212-227-153-4.plesk.page\/pt\/wp-json\/wp\/v2\/types\/product"}],"replies":[{"embeddable":true,"href":"https:\/\/stoic-curie.212-227-153-4.plesk.page\/pt\/wp-json\/wp\/v2\/comments?post=5737592"}],"version-history":[{"count":0,"href":"https:\/\/stoic-curie.212-227-153-4.plesk.page\/pt\/wp-json\/wp\/v2\/product\/5737592\/revisions"}],"wp:featuredmedia":[{"embeddable":true,"href":"https:\/\/stoic-curie.212-227-153-4.plesk.page\/pt\/wp-json\/wp\/v2\/media\/5941474"}],"wp:attachment":[{"href":"https:\/\/stoic-curie.212-227-153-4.plesk.page\/pt\/wp-json\/wp\/v2\/media?parent=5737592"}],"wp:term":[{"taxonomy":"product_brand","embeddable":true,"href":"https:\/\/stoic-curie.212-227-153-4.plesk.page\/pt\/wp-json\/wp\/v2\/product_brand?post=5737592"},{"taxonomy":"product_cat","embeddable":true,"href":"https:\/\/stoic-curie.212-227-153-4.plesk.page\/pt\/wp-json\/wp\/v2\/product_cat?post=5737592"},{"taxonomy":"product_tag","embeddable":true,"href":"https:\/\/stoic-curie.212-227-153-4.plesk.page\/pt\/wp-json\/wp\/v2\/product_tag?post=5737592"}],"curies":[{"name":"wp","href":"https:\/\/api.w.org\/{rel}","templated":true}]}}