{"id":5737594,"date":"2026-02-05T11:22:32","date_gmt":"2026-02-05T10:22:32","guid":{"rendered":"https:\/\/stoic-curie.212-227-153-4.plesk.page\/product\/painel-de-aco-inoxidavel-com-botoes-de-aco-inoxidavel-4-dim-80-x-80-mm\/"},"modified":"2026-02-25T00:28:40","modified_gmt":"2026-02-25T00:28:40","slug":"painel-de-aco-inoxidavel-com-botoes-de-aco-inoxidavel-4-dim-80-x-80-mm","status":"publish","type":"product","link":"https:\/\/stoic-curie.212-227-153-4.plesk.page\/pt\/product\/painel-de-aco-inoxidavel-com-botoes-de-aco-inoxidavel-4-dim-80-x-80-mm\/","title":{"rendered":"Painel de A\u00e7o Inoxid\u00e1vel com Bot\u00f5es de A\u00e7o Inoxid\u00e1vel 4 Dim 80 x 80 mm"},"content":{"rendered":"<p>Painel de A\u00e7o Inoxid\u00e1vel com Bot\u00f5es de A\u00e7o Inoxid\u00e1vel 4 Dim 80 x 80 mm &#8211; <\/p>\n<p>Painel de a\u00e7o inoxid\u00e1vel IP65 \u00e0 prova d&#8217;\u00e1gua com bot\u00f5es de a\u00e7o inoxid\u00e1vel D19 mm de 12\/24V-15A e luz LED azul. Inclui parafusos de montagem e um conjunto de etiquetas.<\/p>\n","protected":false},"excerpt":{"rendered":"<p>Painel de A\u00e7o Inoxid\u00e1vel com Bot\u00f5es de A\u00e7o Inoxid\u00e1vel 4 Dim 80 x 80 mm &#8211; Painel de a\u00e7o inoxid\u00e1vel<\/p>\n","protected":false},"featured_media":5718898,"comment_status":"open","ping_status":"closed","template":"","meta":[],"product_brand":[2832],"product_cat":[2033],"product_tag":[],"class_list":{"0":"post-5737594","1":"product","2":"type-product","3":"status-publish","4":"has-post-thumbnail","6":"product_brand-blue-sea-systems-pt","7":"product_cat-quadros-eletricos","9":"first","10":"instock","11":"shipping-taxable","12":"purchasable","13":"product-type-simple"},"_links":{"self":[{"href":"https:\/\/stoic-curie.212-227-153-4.plesk.page\/pt\/wp-json\/wp\/v2\/product\/5737594","targetHints":{"allow":["GET"]}}],"collection":[{"href":"https:\/\/stoic-curie.212-227-153-4.plesk.page\/pt\/wp-json\/wp\/v2\/product"}],"about":[{"href":"https:\/\/stoic-curie.212-227-153-4.plesk.page\/pt\/wp-json\/wp\/v2\/types\/product"}],"replies":[{"embeddable":true,"href":"https:\/\/stoic-curie.212-227-153-4.plesk.page\/pt\/wp-json\/wp\/v2\/comments?post=5737594"}],"version-history":[{"count":0,"href":"https:\/\/stoic-curie.212-227-153-4.plesk.page\/pt\/wp-json\/wp\/v2\/product\/5737594\/revisions"}],"wp:featuredmedia":[{"embeddable":true,"href":"https:\/\/stoic-curie.212-227-153-4.plesk.page\/pt\/wp-json\/wp\/v2\/media\/5718898"}],"wp:attachment":[{"href":"https:\/\/stoic-curie.212-227-153-4.plesk.page\/pt\/wp-json\/wp\/v2\/media?parent=5737594"}],"wp:term":[{"taxonomy":"product_brand","embeddable":true,"href":"https:\/\/stoic-curie.212-227-153-4.plesk.page\/pt\/wp-json\/wp\/v2\/product_brand?post=5737594"},{"taxonomy":"product_cat","embeddable":true,"href":"https:\/\/stoic-curie.212-227-153-4.plesk.page\/pt\/wp-json\/wp\/v2\/product_cat?post=5737594"},{"taxonomy":"product_tag","embeddable":true,"href":"https:\/\/stoic-curie.212-227-153-4.plesk.page\/pt\/wp-json\/wp\/v2\/product_tag?post=5737594"}],"curies":[{"name":"wp","href":"https:\/\/api.w.org\/{rel}","templated":true}]}}