{"id":5737597,"date":"2026-02-05T11:22:34","date_gmt":"2026-02-05T10:22:34","guid":{"rendered":"https:\/\/stoic-curie.212-227-153-4.plesk.page\/product\/painel-branco-de-aluminio-com-interruptores-de-rochedo-e-interruptores-de-disjuntores-4-2x5a-1x10a-1x15a-dimensoes-134-x-115-mm\/"},"modified":"2026-02-25T00:28:40","modified_gmt":"2026-02-25T00:28:40","slug":"painel-branco-de-aluminio-com-interruptores-de-rochedo-e-interruptores-de-disjuntores-4-2x5a-1x10a-1x15a-dimensoes-134-x-115-mm","status":"publish","type":"product","link":"https:\/\/stoic-curie.212-227-153-4.plesk.page\/pt\/product\/painel-branco-de-aluminio-com-interruptores-de-rochedo-e-interruptores-de-disjuntores-4-2x5a-1x10a-1x15a-dimensoes-134-x-115-mm\/","title":{"rendered":"Painel Branco de Alum\u00ednio com Interruptores de Rochedo e Interruptores de Disjuntores (4: 2x5A\/1x10A\/1x15A) &#8211; Dimens\u00f5es 134 x 115 mm"},"content":{"rendered":"<p>Painel Branco de Alum\u00ednio com Interruptores de Rochedo e Interruptores de Disjuntores (4: 2x5A\/1x10A\/1x15A) &#8211; Dimens\u00f5es 134 x 115 mm &#8211; <\/p>\n<p>Painel de alum\u00ednio \u00e0 prova d&#8217;\u00e1gua IP65 com interruptores de tamanho Carling de 12\/24V, equipados com luzes LED e disjuntores autom\u00e1ticos reinser\u00edveis. Completo com parafusos de montagem e um conjunto de etiquetas.<\/p>\n","protected":false},"excerpt":{"rendered":"<p>Painel Branco de Alum\u00ednio com Interruptores de Rochedo e Interruptores de Disjuntores (4: 2x5A\/1x10A\/1x15A) &#8211; Dimens\u00f5es 134 x 115 mm<\/p>\n","protected":false},"featured_media":5718966,"comment_status":"open","ping_status":"closed","template":"","meta":[],"product_brand":[2832],"product_cat":[2033],"product_tag":[],"class_list":{"0":"post-5737597","1":"product","2":"type-product","3":"status-publish","4":"has-post-thumbnail","6":"product_brand-blue-sea-systems-pt","7":"product_cat-quadros-eletricos","9":"first","10":"instock","11":"shipping-taxable","12":"purchasable","13":"product-type-simple"},"_links":{"self":[{"href":"https:\/\/stoic-curie.212-227-153-4.plesk.page\/pt\/wp-json\/wp\/v2\/product\/5737597","targetHints":{"allow":["GET"]}}],"collection":[{"href":"https:\/\/stoic-curie.212-227-153-4.plesk.page\/pt\/wp-json\/wp\/v2\/product"}],"about":[{"href":"https:\/\/stoic-curie.212-227-153-4.plesk.page\/pt\/wp-json\/wp\/v2\/types\/product"}],"replies":[{"embeddable":true,"href":"https:\/\/stoic-curie.212-227-153-4.plesk.page\/pt\/wp-json\/wp\/v2\/comments?post=5737597"}],"version-history":[{"count":0,"href":"https:\/\/stoic-curie.212-227-153-4.plesk.page\/pt\/wp-json\/wp\/v2\/product\/5737597\/revisions"}],"wp:featuredmedia":[{"embeddable":true,"href":"https:\/\/stoic-curie.212-227-153-4.plesk.page\/pt\/wp-json\/wp\/v2\/media\/5718966"}],"wp:attachment":[{"href":"https:\/\/stoic-curie.212-227-153-4.plesk.page\/pt\/wp-json\/wp\/v2\/media?parent=5737597"}],"wp:term":[{"taxonomy":"product_brand","embeddable":true,"href":"https:\/\/stoic-curie.212-227-153-4.plesk.page\/pt\/wp-json\/wp\/v2\/product_brand?post=5737597"},{"taxonomy":"product_cat","embeddable":true,"href":"https:\/\/stoic-curie.212-227-153-4.plesk.page\/pt\/wp-json\/wp\/v2\/product_cat?post=5737597"},{"taxonomy":"product_tag","embeddable":true,"href":"https:\/\/stoic-curie.212-227-153-4.plesk.page\/pt\/wp-json\/wp\/v2\/product_tag?post=5737597"}],"curies":[{"name":"wp","href":"https:\/\/api.w.org\/{rel}","templated":true}]}}