{"id":5737599,"date":"2026-02-05T11:22:36","date_gmt":"2026-02-05T10:22:36","guid":{"rendered":"https:\/\/stoic-curie.212-227-153-4.plesk.page\/product\/painel-de-carbono-com-interruptores-de-alavanca-e-disjuntores-3socket-usb-voltimetro-130-x-100-mm\/"},"modified":"2026-02-25T00:28:40","modified_gmt":"2026-02-25T00:28:40","slug":"painel-de-carbono-com-interruptores-de-alavanca-e-disjuntores-3socket-usb-voltimetro-130-x-100-mm","status":"publish","type":"product","link":"https:\/\/stoic-curie.212-227-153-4.plesk.page\/pt\/product\/painel-de-carbono-com-interruptores-de-alavanca-e-disjuntores-3socket-usb-voltimetro-130-x-100-mm\/","title":{"rendered":"Painel de Carbono com Interruptores de Alavanca e Disjuntores (3+Socket USB + Volt\u00edmetro) &#8211; 130 x 100 mm"},"content":{"rendered":"<p>Painel de Carbono com Interruptores de Alavanca e Disjuntores (3+Socket USB + Volt\u00edmetro) &#8211; 130 x 100 mm &#8211; <\/p>\n<p>Painel \u00e0 prova d&#8217;\u00e1gua IP65 com interruptores de tamanho Carling de 12\/24V com luzes LED e disjuntores autom\u00e1ticos reinser\u00edveis. Este painel inclui uma tomada USB de 4.2A, um volt\u00edmetro digital, parafusos de montagem e um conjunto de etiquetas para f\u00e1cil identifica\u00e7\u00e3o.<\/p>\n","protected":false},"excerpt":{"rendered":"<p>Painel de Carbono com Interruptores de Alavanca e Disjuntores (3+Socket USB + Volt\u00edmetro) &#8211; 130 x 100 mm &#8211; Painel<\/p>\n","protected":false},"featured_media":5719018,"comment_status":"open","ping_status":"closed","template":"","meta":[],"product_brand":[2832],"product_cat":[2033],"product_tag":[],"class_list":{"0":"post-5737599","1":"product","2":"type-product","3":"status-publish","4":"has-post-thumbnail","6":"product_brand-blue-sea-systems-pt","7":"product_cat-quadros-eletricos","9":"first","10":"instock","11":"shipping-taxable","12":"purchasable","13":"product-type-simple"},"_links":{"self":[{"href":"https:\/\/stoic-curie.212-227-153-4.plesk.page\/pt\/wp-json\/wp\/v2\/product\/5737599","targetHints":{"allow":["GET"]}}],"collection":[{"href":"https:\/\/stoic-curie.212-227-153-4.plesk.page\/pt\/wp-json\/wp\/v2\/product"}],"about":[{"href":"https:\/\/stoic-curie.212-227-153-4.plesk.page\/pt\/wp-json\/wp\/v2\/types\/product"}],"replies":[{"embeddable":true,"href":"https:\/\/stoic-curie.212-227-153-4.plesk.page\/pt\/wp-json\/wp\/v2\/comments?post=5737599"}],"version-history":[{"count":0,"href":"https:\/\/stoic-curie.212-227-153-4.plesk.page\/pt\/wp-json\/wp\/v2\/product\/5737599\/revisions"}],"wp:featuredmedia":[{"embeddable":true,"href":"https:\/\/stoic-curie.212-227-153-4.plesk.page\/pt\/wp-json\/wp\/v2\/media\/5719018"}],"wp:attachment":[{"href":"https:\/\/stoic-curie.212-227-153-4.plesk.page\/pt\/wp-json\/wp\/v2\/media?parent=5737599"}],"wp:term":[{"taxonomy":"product_brand","embeddable":true,"href":"https:\/\/stoic-curie.212-227-153-4.plesk.page\/pt\/wp-json\/wp\/v2\/product_brand?post=5737599"},{"taxonomy":"product_cat","embeddable":true,"href":"https:\/\/stoic-curie.212-227-153-4.plesk.page\/pt\/wp-json\/wp\/v2\/product_cat?post=5737599"},{"taxonomy":"product_tag","embeddable":true,"href":"https:\/\/stoic-curie.212-227-153-4.plesk.page\/pt\/wp-json\/wp\/v2\/product_tag?post=5737599"}],"curies":[{"name":"wp","href":"https:\/\/api.w.org\/{rel}","templated":true}]}}