{"id":5737604,"date":"2026-02-05T11:22:41","date_gmt":"2026-02-05T10:22:41","guid":{"rendered":"https:\/\/stoic-curie.212-227-153-4.plesk.page\/product\/lanterna-recarregavel-led-pulsar-10w\/"},"modified":"2026-02-25T00:28:40","modified_gmt":"2026-02-25T00:28:40","slug":"lanterna-recarregavel-led-pulsar-10w","status":"publish","type":"product","link":"https:\/\/stoic-curie.212-227-153-4.plesk.page\/pt\/product\/lanterna-recarregavel-led-pulsar-10w\/","title":{"rendered":"Lanterna recarreg\u00e1vel LED Pulsar 10W"},"content":{"rendered":"<p>Lanterna recarreg\u00e1vel LED Pulsar 10W &#8211; <\/p>\n<p>Lanterna LED em ABS refor\u00e7ado com punho ergon\u00f4mico ajust\u00e1vel at\u00e9 90\u00b0. Inclui um pedestal retr\u00e1til e oferece tr\u00eas modos de luz ajust\u00e1veis: Alta intensidade (850 l\u00famens), Intermitente (220 l\u00famens) e M\u00e9dia intensidade (220 l\u00famens). Com uma autonomia m\u00e1xima de 3,5 horas em m\u00e9dia intensidade, tamb\u00e9m funciona como um power bank de 2400mAh.<\/p>\n","protected":false},"excerpt":{"rendered":"<p>Lanterna recarreg\u00e1vel LED Pulsar 10W &#8211; Lanterna LED em ABS refor\u00e7ado com punho ergon\u00f4mico ajust\u00e1vel at\u00e9 90\u00b0. Inclui um pedestal<\/p>\n","protected":false},"featured_media":5735383,"comment_status":"open","ping_status":"closed","template":"","meta":[],"product_brand":[2832],"product_cat":[2025],"product_tag":[],"class_list":{"0":"post-5737604","1":"product","2":"type-product","3":"status-publish","4":"has-post-thumbnail","6":"product_brand-blue-sea-systems-pt","7":"product_cat-lanternas","9":"first","10":"instock","11":"shipping-taxable","12":"purchasable","13":"product-type-simple"},"_links":{"self":[{"href":"https:\/\/stoic-curie.212-227-153-4.plesk.page\/pt\/wp-json\/wp\/v2\/product\/5737604","targetHints":{"allow":["GET"]}}],"collection":[{"href":"https:\/\/stoic-curie.212-227-153-4.plesk.page\/pt\/wp-json\/wp\/v2\/product"}],"about":[{"href":"https:\/\/stoic-curie.212-227-153-4.plesk.page\/pt\/wp-json\/wp\/v2\/types\/product"}],"replies":[{"embeddable":true,"href":"https:\/\/stoic-curie.212-227-153-4.plesk.page\/pt\/wp-json\/wp\/v2\/comments?post=5737604"}],"version-history":[{"count":0,"href":"https:\/\/stoic-curie.212-227-153-4.plesk.page\/pt\/wp-json\/wp\/v2\/product\/5737604\/revisions"}],"wp:featuredmedia":[{"embeddable":true,"href":"https:\/\/stoic-curie.212-227-153-4.plesk.page\/pt\/wp-json\/wp\/v2\/media\/5735383"}],"wp:attachment":[{"href":"https:\/\/stoic-curie.212-227-153-4.plesk.page\/pt\/wp-json\/wp\/v2\/media?parent=5737604"}],"wp:term":[{"taxonomy":"product_brand","embeddable":true,"href":"https:\/\/stoic-curie.212-227-153-4.plesk.page\/pt\/wp-json\/wp\/v2\/product_brand?post=5737604"},{"taxonomy":"product_cat","embeddable":true,"href":"https:\/\/stoic-curie.212-227-153-4.plesk.page\/pt\/wp-json\/wp\/v2\/product_cat?post=5737604"},{"taxonomy":"product_tag","embeddable":true,"href":"https:\/\/stoic-curie.212-227-153-4.plesk.page\/pt\/wp-json\/wp\/v2\/product_tag?post=5737604"}],"curies":[{"name":"wp","href":"https:\/\/api.w.org\/{rel}","templated":true}]}}