{"id":5737605,"date":"2026-02-05T11:22:42","date_gmt":"2026-02-05T10:22:42","guid":{"rendered":"https:\/\/stoic-curie.212-227-153-4.plesk.page\/product\/lanterna-led-recarregavel-k-tool-de-10w\/"},"modified":"2026-02-25T00:28:40","modified_gmt":"2026-02-25T00:28:40","slug":"lanterna-led-recarregavel-k-tool-de-10w","status":"publish","type":"product","link":"https:\/\/stoic-curie.212-227-153-4.plesk.page\/pt\/product\/lanterna-led-recarregavel-k-tool-de-10w\/","title":{"rendered":"Lanterna LED Recarreg\u00e1vel K-tool de 10W"},"content":{"rendered":"<p>Lanterna LED Recarreg\u00e1vel K-tool de 10W &#8211; <\/p>\n<p>Esta lanterna LED possui uma bateria de l\u00edtio recarreg\u00e1vel atrav\u00e9s de uma porta USB. Possui um corpo de ABS refor\u00e7ado com borracha resistente a choques e \u00e9 equipada com uma l\u00e2mpada LED de 10W que oferece tr\u00eas modos de luz: intensa, normal e SOS. Com uma autonomia de 6 horas em luz normal, vem completa com uma al\u00e7a e um cabo USB.<\/p>\n","protected":false},"excerpt":{"rendered":"<p>Lanterna LED Recarreg\u00e1vel K-tool de 10W &#8211; Esta lanterna LED possui uma bateria de l\u00edtio recarreg\u00e1vel atrav\u00e9s de uma porta<\/p>\n","protected":false},"featured_media":5735387,"comment_status":"open","ping_status":"closed","template":"","meta":[],"product_brand":[2832],"product_cat":[2025],"product_tag":[],"class_list":{"0":"post-5737605","1":"product","2":"type-product","3":"status-publish","4":"has-post-thumbnail","6":"product_brand-blue-sea-systems-pt","7":"product_cat-lanternas","9":"first","10":"instock","11":"shipping-taxable","12":"purchasable","13":"product-type-simple"},"_links":{"self":[{"href":"https:\/\/stoic-curie.212-227-153-4.plesk.page\/pt\/wp-json\/wp\/v2\/product\/5737605","targetHints":{"allow":["GET"]}}],"collection":[{"href":"https:\/\/stoic-curie.212-227-153-4.plesk.page\/pt\/wp-json\/wp\/v2\/product"}],"about":[{"href":"https:\/\/stoic-curie.212-227-153-4.plesk.page\/pt\/wp-json\/wp\/v2\/types\/product"}],"replies":[{"embeddable":true,"href":"https:\/\/stoic-curie.212-227-153-4.plesk.page\/pt\/wp-json\/wp\/v2\/comments?post=5737605"}],"version-history":[{"count":0,"href":"https:\/\/stoic-curie.212-227-153-4.plesk.page\/pt\/wp-json\/wp\/v2\/product\/5737605\/revisions"}],"wp:featuredmedia":[{"embeddable":true,"href":"https:\/\/stoic-curie.212-227-153-4.plesk.page\/pt\/wp-json\/wp\/v2\/media\/5735387"}],"wp:attachment":[{"href":"https:\/\/stoic-curie.212-227-153-4.plesk.page\/pt\/wp-json\/wp\/v2\/media?parent=5737605"}],"wp:term":[{"taxonomy":"product_brand","embeddable":true,"href":"https:\/\/stoic-curie.212-227-153-4.plesk.page\/pt\/wp-json\/wp\/v2\/product_brand?post=5737605"},{"taxonomy":"product_cat","embeddable":true,"href":"https:\/\/stoic-curie.212-227-153-4.plesk.page\/pt\/wp-json\/wp\/v2\/product_cat?post=5737605"},{"taxonomy":"product_tag","embeddable":true,"href":"https:\/\/stoic-curie.212-227-153-4.plesk.page\/pt\/wp-json\/wp\/v2\/product_tag?post=5737605"}],"curies":[{"name":"wp","href":"https:\/\/api.w.org\/{rel}","templated":true}]}}