{"id":5737606,"date":"2026-02-05T11:22:43","date_gmt":"2026-02-05T10:22:43","guid":{"rendered":"https:\/\/stoic-curie.212-227-153-4.plesk.page\/product\/solas-med-vsg-luz-led-para-boia-de-salvamento\/"},"modified":"2026-02-25T00:28:46","modified_gmt":"2026-02-25T00:28:46","slug":"solas-med-vsg-luz-led-para-boia-de-salvamento","status":"publish","type":"product","link":"https:\/\/stoic-curie.212-227-153-4.plesk.page\/pt\/product\/solas-med-vsg-luz-led-para-boia-de-salvamento\/","title":{"rendered":"Solas\/MED VSG Luz LED para B\u00f3ia de Salvamento"},"content":{"rendered":"<p>Solas\/MED VSG Luz LED para B\u00f3ia de Salvamento &#8211; <\/p>\n<p>Luz de resgate LED intermitente com clipe e cinta para f\u00e1cil fixa\u00e7\u00e3o a cintos e coletes salva-vidas. Ativa-se automaticamente ao contato com a \u00e1gua e tem uma autonomia impressionante de 8 horas. Baterias alcalinas inclu\u00eddas. Este produto \u00e9 certificado pela Solas\/MED para seguran\u00e7a.<\/p>\n","protected":false},"excerpt":{"rendered":"<p>Solas\/MED VSG Luz LED para B\u00f3ia de Salvamento &#8211; Luz de resgate LED intermitente com clipe e cinta para f\u00e1cil<\/p>\n","protected":false},"featured_media":5735436,"comment_status":"open","ping_status":"closed","template":"","meta":[],"product_brand":[3517],"product_cat":[1891],"product_tag":[],"class_list":{"0":"post-5737606","1":"product","2":"type-product","3":"status-publish","4":"has-post-thumbnail","6":"product_brand-veleria-san-giorgio-pt","7":"product_cat-boias-e-retinidas-salva-vidas","9":"first","10":"instock","11":"shipping-taxable","12":"purchasable","13":"product-type-simple"},"_links":{"self":[{"href":"https:\/\/stoic-curie.212-227-153-4.plesk.page\/pt\/wp-json\/wp\/v2\/product\/5737606","targetHints":{"allow":["GET"]}}],"collection":[{"href":"https:\/\/stoic-curie.212-227-153-4.plesk.page\/pt\/wp-json\/wp\/v2\/product"}],"about":[{"href":"https:\/\/stoic-curie.212-227-153-4.plesk.page\/pt\/wp-json\/wp\/v2\/types\/product"}],"replies":[{"embeddable":true,"href":"https:\/\/stoic-curie.212-227-153-4.plesk.page\/pt\/wp-json\/wp\/v2\/comments?post=5737606"}],"version-history":[{"count":0,"href":"https:\/\/stoic-curie.212-227-153-4.plesk.page\/pt\/wp-json\/wp\/v2\/product\/5737606\/revisions"}],"wp:featuredmedia":[{"embeddable":true,"href":"https:\/\/stoic-curie.212-227-153-4.plesk.page\/pt\/wp-json\/wp\/v2\/media\/5735436"}],"wp:attachment":[{"href":"https:\/\/stoic-curie.212-227-153-4.plesk.page\/pt\/wp-json\/wp\/v2\/media?parent=5737606"}],"wp:term":[{"taxonomy":"product_brand","embeddable":true,"href":"https:\/\/stoic-curie.212-227-153-4.plesk.page\/pt\/wp-json\/wp\/v2\/product_brand?post=5737606"},{"taxonomy":"product_cat","embeddable":true,"href":"https:\/\/stoic-curie.212-227-153-4.plesk.page\/pt\/wp-json\/wp\/v2\/product_cat?post=5737606"},{"taxonomy":"product_tag","embeddable":true,"href":"https:\/\/stoic-curie.212-227-153-4.plesk.page\/pt\/wp-json\/wp\/v2\/product_tag?post=5737606"}],"curies":[{"name":"wp","href":"https:\/\/api.w.org\/{rel}","templated":true}]}}