{"id":5737609,"date":"2026-02-05T11:22:46","date_gmt":"2026-02-05T10:22:46","guid":{"rendered":"https:\/\/stoic-curie.212-227-153-4.plesk.page\/product\/bomba-eletrica-de-ar-jobe-230v\/"},"modified":"2026-02-25T00:28:46","modified_gmt":"2026-02-25T00:28:46","slug":"bomba-eletrica-de-ar-jobe-230v","status":"publish","type":"product","link":"https:\/\/stoic-curie.212-227-153-4.plesk.page\/pt\/product\/bomba-eletrica-de-ar-jobe-230v\/","title":{"rendered":"Bomba El\u00e9trica de Ar Jobe 230V"},"content":{"rendered":"<p>Bomba El\u00e9trica de Ar Jobe 230V &#8211; <\/p>\n<p>A Bomba El\u00e9trica de Ar Jobe 230V vem com tr\u00eas bicos diferentes adequados para a maioria das v\u00e1lvulas. Ela requer 0,65 amperes e gera uma press\u00e3o de at\u00e9 0,05 bar (0,74 psi), com uma taxa de fluxo de ar de 27,5 ft\u00b3\/min.<\/p>\n","protected":false},"excerpt":{"rendered":"<p>Bomba El\u00e9trica de Ar Jobe 230V &#8211; A Bomba El\u00e9trica de Ar Jobe 230V vem com tr\u00eas bicos diferentes adequados<\/p>\n","protected":false},"featured_media":5735460,"comment_status":"open","ping_status":"closed","template":"","meta":[],"product_brand":[3042],"product_cat":[2133,2132],"product_tag":[],"class_list":{"0":"post-5737609","1":"product","2":"type-product","3":"status-publish","4":"has-post-thumbnail","6":"product_brand-jobe-sports-pt","7":"product_cat-acessorios-para-esqui-aquatico","8":"product_cat-pranchas-de-paddle","10":"first","11":"instock","12":"shipping-taxable","13":"purchasable","14":"product-type-simple"},"_links":{"self":[{"href":"https:\/\/stoic-curie.212-227-153-4.plesk.page\/pt\/wp-json\/wp\/v2\/product\/5737609","targetHints":{"allow":["GET"]}}],"collection":[{"href":"https:\/\/stoic-curie.212-227-153-4.plesk.page\/pt\/wp-json\/wp\/v2\/product"}],"about":[{"href":"https:\/\/stoic-curie.212-227-153-4.plesk.page\/pt\/wp-json\/wp\/v2\/types\/product"}],"replies":[{"embeddable":true,"href":"https:\/\/stoic-curie.212-227-153-4.plesk.page\/pt\/wp-json\/wp\/v2\/comments?post=5737609"}],"version-history":[{"count":0,"href":"https:\/\/stoic-curie.212-227-153-4.plesk.page\/pt\/wp-json\/wp\/v2\/product\/5737609\/revisions"}],"wp:featuredmedia":[{"embeddable":true,"href":"https:\/\/stoic-curie.212-227-153-4.plesk.page\/pt\/wp-json\/wp\/v2\/media\/5735460"}],"wp:attachment":[{"href":"https:\/\/stoic-curie.212-227-153-4.plesk.page\/pt\/wp-json\/wp\/v2\/media?parent=5737609"}],"wp:term":[{"taxonomy":"product_brand","embeddable":true,"href":"https:\/\/stoic-curie.212-227-153-4.plesk.page\/pt\/wp-json\/wp\/v2\/product_brand?post=5737609"},{"taxonomy":"product_cat","embeddable":true,"href":"https:\/\/stoic-curie.212-227-153-4.plesk.page\/pt\/wp-json\/wp\/v2\/product_cat?post=5737609"},{"taxonomy":"product_tag","embeddable":true,"href":"https:\/\/stoic-curie.212-227-153-4.plesk.page\/pt\/wp-json\/wp\/v2\/product_tag?post=5737609"}],"curies":[{"name":"wp","href":"https:\/\/api.w.org\/{rel}","templated":true}]}}