{"id":5737610,"date":"2026-02-05T11:22:47","date_gmt":"2026-02-05T10:22:47","guid":{"rendered":"https:\/\/stoic-curie.212-227-153-4.plesk.page\/product\/bomba-sup-jobe-acao-dupla-20-psi\/"},"modified":"2026-02-25T00:28:46","modified_gmt":"2026-02-25T00:28:46","slug":"bomba-sup-jobe-acao-dupla-20-psi","status":"publish","type":"product","link":"https:\/\/stoic-curie.212-227-153-4.plesk.page\/pt\/product\/bomba-sup-jobe-acao-dupla-20-psi\/","title":{"rendered":"Bomba SUP Jobe &#8211; A\u00e7\u00e3o Dupla 20 PSI"},"content":{"rendered":"<p>Bomba SUP Jobe &#8211; A\u00e7\u00e3o Dupla 20 PSI &#8211; <\/p>\n<p>A bomba manual Jobe foi especialmente desenvolvida para pranchas de stand-up paddle (SUP) e \u00e9 constru\u00edda para durar. Com a tampa inserida, funciona como uma bomba de a\u00e7\u00e3o dupla; ao remover a tampa, transforma-se em uma potente bomba de a\u00e7\u00e3o simples para finalizar o trabalho. Equipado com um eixo de alum\u00ednio, adaptador, bico Halkey Roberts (compat\u00edvel com todas as v\u00e1lvulas SUP da Jobe), bolsa de transporte de nylon e man\u00f4metro integrado substitu\u00edvel. Esta bomba pode inflar at\u00e9 27 PSI.<\/p>\n","protected":false},"excerpt":{"rendered":"<p>Bomba SUP Jobe &#8211; A\u00e7\u00e3o Dupla 20 PSI &#8211; A bomba manual Jobe foi especialmente desenvolvida para pranchas de stand-up<\/p>\n","protected":false},"featured_media":5735462,"comment_status":"open","ping_status":"closed","template":"","meta":[],"product_brand":[3042],"product_cat":[2132],"product_tag":[],"class_list":{"0":"post-5737610","1":"product","2":"type-product","3":"status-publish","4":"has-post-thumbnail","6":"product_brand-jobe-sports-pt","7":"product_cat-pranchas-de-paddle","9":"first","10":"instock","11":"shipping-taxable","12":"purchasable","13":"product-type-simple"},"_links":{"self":[{"href":"https:\/\/stoic-curie.212-227-153-4.plesk.page\/pt\/wp-json\/wp\/v2\/product\/5737610","targetHints":{"allow":["GET"]}}],"collection":[{"href":"https:\/\/stoic-curie.212-227-153-4.plesk.page\/pt\/wp-json\/wp\/v2\/product"}],"about":[{"href":"https:\/\/stoic-curie.212-227-153-4.plesk.page\/pt\/wp-json\/wp\/v2\/types\/product"}],"replies":[{"embeddable":true,"href":"https:\/\/stoic-curie.212-227-153-4.plesk.page\/pt\/wp-json\/wp\/v2\/comments?post=5737610"}],"version-history":[{"count":0,"href":"https:\/\/stoic-curie.212-227-153-4.plesk.page\/pt\/wp-json\/wp\/v2\/product\/5737610\/revisions"}],"wp:featuredmedia":[{"embeddable":true,"href":"https:\/\/stoic-curie.212-227-153-4.plesk.page\/pt\/wp-json\/wp\/v2\/media\/5735462"}],"wp:attachment":[{"href":"https:\/\/stoic-curie.212-227-153-4.plesk.page\/pt\/wp-json\/wp\/v2\/media?parent=5737610"}],"wp:term":[{"taxonomy":"product_brand","embeddable":true,"href":"https:\/\/stoic-curie.212-227-153-4.plesk.page\/pt\/wp-json\/wp\/v2\/product_brand?post=5737610"},{"taxonomy":"product_cat","embeddable":true,"href":"https:\/\/stoic-curie.212-227-153-4.plesk.page\/pt\/wp-json\/wp\/v2\/product_cat?post=5737610"},{"taxonomy":"product_tag","embeddable":true,"href":"https:\/\/stoic-curie.212-227-153-4.plesk.page\/pt\/wp-json\/wp\/v2\/product_tag?post=5737610"}],"curies":[{"name":"wp","href":"https:\/\/api.w.org\/{rel}","templated":true}]}}