{"id":5737620,"date":"2026-02-05T11:22:56","date_gmt":"2026-02-05T10:22:56","guid":{"rendered":"https:\/\/stoic-curie.212-227-153-4.plesk.page\/product\/camiseta-de-manga-longa-com-protecao-solar-musto-crew-tamanho-2xl-azul-marinho\/"},"modified":"2026-02-25T00:28:46","modified_gmt":"2026-02-25T00:28:46","slug":"camiseta-de-manga-longa-com-protecao-solar-musto-crew-tamanho-2xl-azul-marinho","status":"publish","type":"product","link":"https:\/\/stoic-curie.212-227-153-4.plesk.page\/pt\/product\/camiseta-de-manga-longa-com-protecao-solar-musto-crew-tamanho-2xl-azul-marinho\/","title":{"rendered":"Camiseta de Manga Longa com Prote\u00e7\u00e3o Solar Musto Crew &#8211; Tamanho 2XL &#8211; Azul Marinho"},"content":{"rendered":"<p>Camiseta de Manga Longa com Prote\u00e7\u00e3o Solar Musto Crew &#8211; Tamanho 2XL &#8211; Azul Marinho &#8211; <\/p>\n<p>A Camiseta de Manga Longa com Prote\u00e7\u00e3o Solar Musto Crew \u00e9 fabricada em poli\u00e9ster e elastano UPF50 de alta qualidade, proporcionando prote\u00e7\u00e3o excepcional contra a intensa exposi\u00e7\u00e3o ao sol. As costuras planas s\u00e3o quase impercept\u00edveis na sua pele, garantindo m\u00e1ximo conforto. <a>Clique aqui para verificar o tamanho exato.<\/a><\/p>\n","protected":false},"excerpt":{"rendered":"<p>Camiseta de Manga Longa com Prote\u00e7\u00e3o Solar Musto Crew &#8211; Tamanho 2XL &#8211; Azul Marinho &#8211; A Camiseta de Manga<\/p>\n","protected":false},"featured_media":5735465,"comment_status":"open","ping_status":"closed","template":"","meta":[],"product_brand":[3157],"product_cat":[2141],"product_tag":[],"class_list":{"0":"post-5737620","1":"product","2":"type-product","3":"status-publish","4":"has-post-thumbnail","6":"product_brand-musto-pt","7":"product_cat-vestuario-de-vela-musto","9":"first","10":"instock","11":"shipping-taxable","12":"purchasable","13":"product-type-simple"},"_links":{"self":[{"href":"https:\/\/stoic-curie.212-227-153-4.plesk.page\/pt\/wp-json\/wp\/v2\/product\/5737620","targetHints":{"allow":["GET"]}}],"collection":[{"href":"https:\/\/stoic-curie.212-227-153-4.plesk.page\/pt\/wp-json\/wp\/v2\/product"}],"about":[{"href":"https:\/\/stoic-curie.212-227-153-4.plesk.page\/pt\/wp-json\/wp\/v2\/types\/product"}],"replies":[{"embeddable":true,"href":"https:\/\/stoic-curie.212-227-153-4.plesk.page\/pt\/wp-json\/wp\/v2\/comments?post=5737620"}],"version-history":[{"count":0,"href":"https:\/\/stoic-curie.212-227-153-4.plesk.page\/pt\/wp-json\/wp\/v2\/product\/5737620\/revisions"}],"wp:featuredmedia":[{"embeddable":true,"href":"https:\/\/stoic-curie.212-227-153-4.plesk.page\/pt\/wp-json\/wp\/v2\/media\/5735465"}],"wp:attachment":[{"href":"https:\/\/stoic-curie.212-227-153-4.plesk.page\/pt\/wp-json\/wp\/v2\/media?parent=5737620"}],"wp:term":[{"taxonomy":"product_brand","embeddable":true,"href":"https:\/\/stoic-curie.212-227-153-4.plesk.page\/pt\/wp-json\/wp\/v2\/product_brand?post=5737620"},{"taxonomy":"product_cat","embeddable":true,"href":"https:\/\/stoic-curie.212-227-153-4.plesk.page\/pt\/wp-json\/wp\/v2\/product_cat?post=5737620"},{"taxonomy":"product_tag","embeddable":true,"href":"https:\/\/stoic-curie.212-227-153-4.plesk.page\/pt\/wp-json\/wp\/v2\/product_tag?post=5737620"}],"curies":[{"name":"wp","href":"https:\/\/api.w.org\/{rel}","templated":true}]}}