{"id":5737624,"date":"2026-02-05T11:22:59","date_gmt":"2026-02-05T10:22:59","guid":{"rendered":"https:\/\/stoic-curie.212-227-153-4.plesk.page\/product\/camiseta-de-manga-longa-musto-crew-sunblock-tamanho-xl-cor-platina\/"},"modified":"2026-02-25T00:28:46","modified_gmt":"2026-02-25T00:28:46","slug":"camiseta-de-manga-longa-musto-crew-sunblock-tamanho-xl-cor-platina","status":"publish","type":"product","link":"https:\/\/stoic-curie.212-227-153-4.plesk.page\/pt\/product\/camiseta-de-manga-longa-musto-crew-sunblock-tamanho-xl-cor-platina\/","title":{"rendered":"Camiseta de Manga Longa Musto Crew Sunblock Tamanho XL Cor Platina"},"content":{"rendered":"<p>Camiseta de Manga Longa Musto Crew Sunblock Tamanho XL Cor Platina &#8211; <\/p>\n<p>A Camiseta de Manga Longa Musto Crew Sunblock possui uma estrutura not\u00e1vel em poli\u00e9ster e elastano UPF50, proporcionando m\u00e1xima prote\u00e7\u00e3o contra forte exposi\u00e7\u00e3o ao sol. As costuras planas s\u00e3o quase impercept\u00edveis na sua pele, garantindo conforto extremo. <a>Clique aqui para verificar o tamanho exato:<\/a><\/p>\n","protected":false},"excerpt":{"rendered":"<p>Camiseta de Manga Longa Musto Crew Sunblock Tamanho XL Cor Platina &#8211; A Camiseta de Manga Longa Musto Crew Sunblock<\/p>\n","protected":false},"featured_media":5735465,"comment_status":"open","ping_status":"closed","template":"","meta":[],"product_brand":[3157],"product_cat":[2141],"product_tag":[],"class_list":{"0":"post-5737624","1":"product","2":"type-product","3":"status-publish","4":"has-post-thumbnail","6":"product_brand-musto-pt","7":"product_cat-vestuario-de-vela-musto","9":"first","10":"instock","11":"shipping-taxable","12":"purchasable","13":"product-type-simple"},"_links":{"self":[{"href":"https:\/\/stoic-curie.212-227-153-4.plesk.page\/pt\/wp-json\/wp\/v2\/product\/5737624","targetHints":{"allow":["GET"]}}],"collection":[{"href":"https:\/\/stoic-curie.212-227-153-4.plesk.page\/pt\/wp-json\/wp\/v2\/product"}],"about":[{"href":"https:\/\/stoic-curie.212-227-153-4.plesk.page\/pt\/wp-json\/wp\/v2\/types\/product"}],"replies":[{"embeddable":true,"href":"https:\/\/stoic-curie.212-227-153-4.plesk.page\/pt\/wp-json\/wp\/v2\/comments?post=5737624"}],"version-history":[{"count":0,"href":"https:\/\/stoic-curie.212-227-153-4.plesk.page\/pt\/wp-json\/wp\/v2\/product\/5737624\/revisions"}],"wp:featuredmedia":[{"embeddable":true,"href":"https:\/\/stoic-curie.212-227-153-4.plesk.page\/pt\/wp-json\/wp\/v2\/media\/5735465"}],"wp:attachment":[{"href":"https:\/\/stoic-curie.212-227-153-4.plesk.page\/pt\/wp-json\/wp\/v2\/media?parent=5737624"}],"wp:term":[{"taxonomy":"product_brand","embeddable":true,"href":"https:\/\/stoic-curie.212-227-153-4.plesk.page\/pt\/wp-json\/wp\/v2\/product_brand?post=5737624"},{"taxonomy":"product_cat","embeddable":true,"href":"https:\/\/stoic-curie.212-227-153-4.plesk.page\/pt\/wp-json\/wp\/v2\/product_cat?post=5737624"},{"taxonomy":"product_tag","embeddable":true,"href":"https:\/\/stoic-curie.212-227-153-4.plesk.page\/pt\/wp-json\/wp\/v2\/product_tag?post=5737624"}],"curies":[{"name":"wp","href":"https:\/\/api.w.org\/{rel}","templated":true}]}}