{"id":5737626,"date":"2026-02-05T11:23:01","date_gmt":"2026-02-05T10:23:01","guid":{"rendered":"https:\/\/stoic-curie.212-227-153-4.plesk.page\/product\/luvas-de-desempenho-musto-2-0-dedos-3-4-tamanho-xs\/"},"modified":"2026-02-25T00:28:59","modified_gmt":"2026-02-25T00:28:59","slug":"luvas-de-desempenho-musto-2-0-dedos-3-4-tamanho-xs","status":"publish","type":"product","link":"https:\/\/stoic-curie.212-227-153-4.plesk.page\/pt\/product\/luvas-de-desempenho-musto-2-0-dedos-3-4-tamanho-xs\/","title":{"rendered":"Luvas de Desempenho Musto 2.0 Dedos 3\/4 Tamanho XS"},"content":{"rendered":"<p>Luvas de Desempenho Musto 2.0 Dedos 3\/4 Tamanho XS &#8211; <\/p>\n<p>As Luvas de Desempenho Premium Musto possuem uma constru\u00e7\u00e3o leve de malha din\u00e2mica com elasticidade em 4 dire\u00e7\u00f5es, que combina respirabilidade e conforto anat\u00f4mico com plena liberdade de movimento. O sistema Dynamic Git permite movimento irrestrito das articula\u00e7\u00f5es, garantindo conforto total. A palma GripFlex oferece ader\u00eancia superior, juntamente com um punho alongado para maior cobertura.<\/p>\n<p>Clique aqui para verificar o tamanho exato:<\/p>\n","protected":false},"excerpt":{"rendered":"<p>Luvas de Desempenho Musto 2.0 Dedos 3\/4 Tamanho XS &#8211; As Luvas de Desempenho Premium Musto possuem uma constru\u00e7\u00e3o leve<\/p>\n","protected":false},"featured_media":5735600,"comment_status":"open","ping_status":"closed","template":"","meta":[],"product_brand":[3157],"product_cat":[2145],"product_tag":[],"class_list":{"0":"post-5737626","1":"product","2":"type-product","3":"status-publish","4":"has-post-thumbnail","6":"product_brand-musto-pt","7":"product_cat-luvas-de-vela","9":"first","10":"instock","11":"shipping-taxable","12":"purchasable","13":"product-type-simple"},"_links":{"self":[{"href":"https:\/\/stoic-curie.212-227-153-4.plesk.page\/pt\/wp-json\/wp\/v2\/product\/5737626","targetHints":{"allow":["GET"]}}],"collection":[{"href":"https:\/\/stoic-curie.212-227-153-4.plesk.page\/pt\/wp-json\/wp\/v2\/product"}],"about":[{"href":"https:\/\/stoic-curie.212-227-153-4.plesk.page\/pt\/wp-json\/wp\/v2\/types\/product"}],"replies":[{"embeddable":true,"href":"https:\/\/stoic-curie.212-227-153-4.plesk.page\/pt\/wp-json\/wp\/v2\/comments?post=5737626"}],"version-history":[{"count":0,"href":"https:\/\/stoic-curie.212-227-153-4.plesk.page\/pt\/wp-json\/wp\/v2\/product\/5737626\/revisions"}],"wp:featuredmedia":[{"embeddable":true,"href":"https:\/\/stoic-curie.212-227-153-4.plesk.page\/pt\/wp-json\/wp\/v2\/media\/5735600"}],"wp:attachment":[{"href":"https:\/\/stoic-curie.212-227-153-4.plesk.page\/pt\/wp-json\/wp\/v2\/media?parent=5737626"}],"wp:term":[{"taxonomy":"product_brand","embeddable":true,"href":"https:\/\/stoic-curie.212-227-153-4.plesk.page\/pt\/wp-json\/wp\/v2\/product_brand?post=5737626"},{"taxonomy":"product_cat","embeddable":true,"href":"https:\/\/stoic-curie.212-227-153-4.plesk.page\/pt\/wp-json\/wp\/v2\/product_cat?post=5737626"},{"taxonomy":"product_tag","embeddable":true,"href":"https:\/\/stoic-curie.212-227-153-4.plesk.page\/pt\/wp-json\/wp\/v2\/product_tag?post=5737626"}],"curies":[{"name":"wp","href":"https:\/\/api.w.org\/{rel}","templated":true}]}}