{"id":5737636,"date":"2026-02-05T11:23:12","date_gmt":"2026-02-05T10:23:12","guid":{"rendered":"https:\/\/stoic-curie.212-227-153-4.plesk.page\/product\/luvas-de-performance-musto-2-0-dedo-inteiro-tamanho-l-xl\/"},"modified":"2026-02-25T00:28:59","modified_gmt":"2026-02-25T00:28:59","slug":"luvas-de-performance-musto-2-0-dedo-inteiro-tamanho-l-xl","status":"publish","type":"product","link":"https:\/\/stoic-curie.212-227-153-4.plesk.page\/pt\/product\/luvas-de-performance-musto-2-0-dedo-inteiro-tamanho-l-xl\/","title":{"rendered":"Luvas de Performance Musto 2.0 Dedo Inteiro Tamanho L\/XL"},"content":{"rendered":"<p>Luvas de Performance Musto 2.0 Dedo Inteiro Tamanho L\/XL &#8211; <\/p>\n<p>As luvas de performance premium da Musto t\u00eam uma leve constru\u00e7\u00e3o de rede din\u00e2mica de estiramento em 4 dire\u00e7\u00f5es, que combina conforto anat\u00f3mico respir\u00e1vel com um espectro completo de movimento. O sistema Dynamic Git permite um movimento irrestrito das articula\u00e7\u00f5es para total conforto. Uma palma GripFlex garante uma ader\u00eancia superior, complementada por uma manopla alongada para maior cobertura.<\/p>\n","protected":false},"excerpt":{"rendered":"<p>Luvas de Performance Musto 2.0 Dedo Inteiro Tamanho L\/XL &#8211; As luvas de performance premium da Musto t\u00eam uma leve<\/p>\n","protected":false},"featured_media":5735600,"comment_status":"open","ping_status":"closed","template":"","meta":[],"product_brand":[3157],"product_cat":[2145],"product_tag":[],"class_list":{"0":"post-5737636","1":"product","2":"type-product","3":"status-publish","4":"has-post-thumbnail","6":"product_brand-musto-pt","7":"product_cat-luvas-de-vela","9":"first","10":"instock","11":"shipping-taxable","12":"purchasable","13":"product-type-simple"},"_links":{"self":[{"href":"https:\/\/stoic-curie.212-227-153-4.plesk.page\/pt\/wp-json\/wp\/v2\/product\/5737636","targetHints":{"allow":["GET"]}}],"collection":[{"href":"https:\/\/stoic-curie.212-227-153-4.plesk.page\/pt\/wp-json\/wp\/v2\/product"}],"about":[{"href":"https:\/\/stoic-curie.212-227-153-4.plesk.page\/pt\/wp-json\/wp\/v2\/types\/product"}],"replies":[{"embeddable":true,"href":"https:\/\/stoic-curie.212-227-153-4.plesk.page\/pt\/wp-json\/wp\/v2\/comments?post=5737636"}],"version-history":[{"count":0,"href":"https:\/\/stoic-curie.212-227-153-4.plesk.page\/pt\/wp-json\/wp\/v2\/product\/5737636\/revisions"}],"wp:featuredmedia":[{"embeddable":true,"href":"https:\/\/stoic-curie.212-227-153-4.plesk.page\/pt\/wp-json\/wp\/v2\/media\/5735600"}],"wp:attachment":[{"href":"https:\/\/stoic-curie.212-227-153-4.plesk.page\/pt\/wp-json\/wp\/v2\/media?parent=5737636"}],"wp:term":[{"taxonomy":"product_brand","embeddable":true,"href":"https:\/\/stoic-curie.212-227-153-4.plesk.page\/pt\/wp-json\/wp\/v2\/product_brand?post=5737636"},{"taxonomy":"product_cat","embeddable":true,"href":"https:\/\/stoic-curie.212-227-153-4.plesk.page\/pt\/wp-json\/wp\/v2\/product_cat?post=5737636"},{"taxonomy":"product_tag","embeddable":true,"href":"https:\/\/stoic-curie.212-227-153-4.plesk.page\/pt\/wp-json\/wp\/v2\/product_tag?post=5737636"}],"curies":[{"name":"wp","href":"https:\/\/api.w.org\/{rel}","templated":true}]}}