{"id":5737644,"date":"2026-02-05T11:23:19","date_gmt":"2026-02-05T10:23:19","guid":{"rendered":"https:\/\/stoic-curie.212-227-153-4.plesk.page\/product\/casaco-de-chuva-hh-voss-tamanho-l-azul-claro\/"},"modified":"2026-02-25T00:28:59","modified_gmt":"2026-02-25T00:28:59","slug":"casaco-de-chuva-hh-voss-tamanho-l-azul-claro","status":"publish","type":"product","link":"https:\/\/stoic-curie.212-227-153-4.plesk.page\/pt\/product\/casaco-de-chuva-hh-voss-tamanho-l-azul-claro\/","title":{"rendered":"Casaco de Chuva Hh Voss Tamanho L &#8211; Azul Claro"},"content":{"rendered":"<p>Casaco de Chuva Hh Voss Tamanho L &#8211; Azul Claro &#8211; <\/p>\n<p>O casaco de chuva Helly Hansen Voss \u00e9 confi\u00e1vel e dur\u00e1vel, perfeito para enfrentar qualquer condi\u00e7\u00e3o clim\u00e1tica. Inspirado nas jaquetas dos pescadores n\u00f3rdicos, \u00e9 confeccionado em tecido PU Helox+, que \u00e9 totalmente \u00e0 prova de vento e \u00e1gua para prote\u00e7\u00e3o ideal. O material stretch de PU Helox+ garante conforto mesmo durante o uso prolongado. Um \u00edcone de design e funcionalidade, ideal para quem busca confiabilidade e estilo. Clique aqui para verificar o tamanho exato:<\/p>\n","protected":false},"excerpt":{"rendered":"<p>Casaco de Chuva Hh Voss Tamanho L &#8211; Azul Claro &#8211; O casaco de chuva Helly Hansen Voss \u00e9 confi\u00e1vel<\/p>\n","protected":false},"featured_media":5735681,"comment_status":"open","ping_status":"closed","template":"","meta":[],"product_brand":[3002],"product_cat":[2144],"product_tag":[],"class_list":{"0":"post-5737644","1":"product","2":"type-product","3":"status-publish","4":"has-post-thumbnail","6":"product_brand-helly-hansen-pt","7":"product_cat-vestuario-helly-hansen","9":"first","10":"instock","11":"shipping-taxable","12":"purchasable","13":"product-type-simple"},"_links":{"self":[{"href":"https:\/\/stoic-curie.212-227-153-4.plesk.page\/pt\/wp-json\/wp\/v2\/product\/5737644","targetHints":{"allow":["GET"]}}],"collection":[{"href":"https:\/\/stoic-curie.212-227-153-4.plesk.page\/pt\/wp-json\/wp\/v2\/product"}],"about":[{"href":"https:\/\/stoic-curie.212-227-153-4.plesk.page\/pt\/wp-json\/wp\/v2\/types\/product"}],"replies":[{"embeddable":true,"href":"https:\/\/stoic-curie.212-227-153-4.plesk.page\/pt\/wp-json\/wp\/v2\/comments?post=5737644"}],"version-history":[{"count":0,"href":"https:\/\/stoic-curie.212-227-153-4.plesk.page\/pt\/wp-json\/wp\/v2\/product\/5737644\/revisions"}],"wp:featuredmedia":[{"embeddable":true,"href":"https:\/\/stoic-curie.212-227-153-4.plesk.page\/pt\/wp-json\/wp\/v2\/media\/5735681"}],"wp:attachment":[{"href":"https:\/\/stoic-curie.212-227-153-4.plesk.page\/pt\/wp-json\/wp\/v2\/media?parent=5737644"}],"wp:term":[{"taxonomy":"product_brand","embeddable":true,"href":"https:\/\/stoic-curie.212-227-153-4.plesk.page\/pt\/wp-json\/wp\/v2\/product_brand?post=5737644"},{"taxonomy":"product_cat","embeddable":true,"href":"https:\/\/stoic-curie.212-227-153-4.plesk.page\/pt\/wp-json\/wp\/v2\/product_cat?post=5737644"},{"taxonomy":"product_tag","embeddable":true,"href":"https:\/\/stoic-curie.212-227-153-4.plesk.page\/pt\/wp-json\/wp\/v2\/product_tag?post=5737644"}],"curies":[{"name":"wp","href":"https:\/\/api.w.org\/{rel}","templated":true}]}}