{"id":5737650,"date":"2026-02-05T11:23:25","date_gmt":"2026-02-05T10:23:25","guid":{"rendered":"https:\/\/stoic-curie.212-227-153-4.plesk.page\/product\/kit-de-anodos-volvo-sx\/"},"modified":"2026-02-25T00:29:03","modified_gmt":"2026-02-25T00:29:03","slug":"kit-de-anodos-volvo-sx","status":"publish","type":"product","link":"https:\/\/stoic-curie.212-227-153-4.plesk.page\/pt\/product\/kit-de-anodos-volvo-sx\/","title":{"rendered":"Kit de \u00c2nodos Volvo SX"},"content":{"rendered":"<p>Kit de \u00c2nodos Volvo SX &#8211; <\/p>\n<p>Kit de \u00e2nodos de alum\u00ednio Tecnoseal para Volvo Penta SX. Pesam 50% menos do que os \u00e2nodos de zinco tradicionais, oferecendo o mesmo n\u00edvel de prote\u00e7\u00e3o. O kit inclui: 1 x 3586461 1 x 3855411<\/p>\n","protected":false},"excerpt":{"rendered":"<p>Kit de \u00c2nodos Volvo SX &#8211; Kit de \u00e2nodos de alum\u00ednio Tecnoseal para Volvo Penta SX. Pesam 50% menos do<\/p>\n","protected":false},"featured_media":5735752,"comment_status":"open","ping_status":"closed","template":"","meta":[],"product_brand":[3127],"product_cat":[2116],"product_tag":[],"class_list":{"0":"post-5737650","1":"product","2":"type-product","3":"status-publish","4":"has-post-thumbnail","6":"product_brand-martyr-pt","7":"product_cat-pecas-para-motores-volvo-penta","9":"first","10":"instock","11":"shipping-taxable","12":"purchasable","13":"product-type-simple"},"_links":{"self":[{"href":"https:\/\/stoic-curie.212-227-153-4.plesk.page\/pt\/wp-json\/wp\/v2\/product\/5737650","targetHints":{"allow":["GET"]}}],"collection":[{"href":"https:\/\/stoic-curie.212-227-153-4.plesk.page\/pt\/wp-json\/wp\/v2\/product"}],"about":[{"href":"https:\/\/stoic-curie.212-227-153-4.plesk.page\/pt\/wp-json\/wp\/v2\/types\/product"}],"replies":[{"embeddable":true,"href":"https:\/\/stoic-curie.212-227-153-4.plesk.page\/pt\/wp-json\/wp\/v2\/comments?post=5737650"}],"version-history":[{"count":0,"href":"https:\/\/stoic-curie.212-227-153-4.plesk.page\/pt\/wp-json\/wp\/v2\/product\/5737650\/revisions"}],"wp:featuredmedia":[{"embeddable":true,"href":"https:\/\/stoic-curie.212-227-153-4.plesk.page\/pt\/wp-json\/wp\/v2\/media\/5735752"}],"wp:attachment":[{"href":"https:\/\/stoic-curie.212-227-153-4.plesk.page\/pt\/wp-json\/wp\/v2\/media?parent=5737650"}],"wp:term":[{"taxonomy":"product_brand","embeddable":true,"href":"https:\/\/stoic-curie.212-227-153-4.plesk.page\/pt\/wp-json\/wp\/v2\/product_brand?post=5737650"},{"taxonomy":"product_cat","embeddable":true,"href":"https:\/\/stoic-curie.212-227-153-4.plesk.page\/pt\/wp-json\/wp\/v2\/product_cat?post=5737650"},{"taxonomy":"product_tag","embeddable":true,"href":"https:\/\/stoic-curie.212-227-153-4.plesk.page\/pt\/wp-json\/wp\/v2\/product_tag?post=5737650"}],"curies":[{"name":"wp","href":"https:\/\/api.w.org\/{rel}","templated":true}]}}