{"id":5737654,"date":"2026-02-05T11:23:28","date_gmt":"2026-02-05T10:23:28","guid":{"rendered":"https:\/\/stoic-curie.212-227-153-4.plesk.page\/product\/kit-de-anodos-para-suzuki-150-350-hp\/"},"modified":"2026-02-25T00:29:03","modified_gmt":"2026-02-25T00:29:03","slug":"kit-de-anodos-para-suzuki-150-350-hp","status":"publish","type":"product","link":"https:\/\/stoic-curie.212-227-153-4.plesk.page\/pt\/product\/kit-de-anodos-para-suzuki-150-350-hp\/","title":{"rendered":"Kit de \u00e2nodos para Suzuki 150\u2013350 HP"},"content":{"rendered":"<p>Kit de \u00e2nodos para Suzuki 150\u2013350 HP &#8211; <\/p>\n<p>Kit de \u00e2nodos Martyr para Suzuki 150\u2013350 HP feito de liga de alum\u00ednio M2. Esses \u00e2nodos pesam 50% menos que os \u00e2nodos de zinco tradicionais, enquanto oferecem o mesmo n\u00edvel de prote\u00e7\u00e3o. O kit inclui: 1 x 55320-94900, 3 x 55320-95310, 8 x 55321-87J00<\/p>\n","protected":false},"excerpt":{"rendered":"<p>Kit de \u00e2nodos para Suzuki 150\u2013350 HP &#8211; Kit de \u00e2nodos Martyr para Suzuki 150\u2013350 HP feito de liga de<\/p>\n","protected":false},"featured_media":5735760,"comment_status":"open","ping_status":"closed","template":"","meta":[],"product_brand":[3127],"product_cat":[2119],"product_tag":[],"class_list":{"0":"post-5737654","1":"product","2":"type-product","3":"status-publish","4":"has-post-thumbnail","6":"product_brand-martyr-pt","7":"product_cat-pecas-para-motores-fora-de-borda-suzuki","9":"first","10":"instock","11":"shipping-taxable","12":"purchasable","13":"product-type-simple"},"_links":{"self":[{"href":"https:\/\/stoic-curie.212-227-153-4.plesk.page\/pt\/wp-json\/wp\/v2\/product\/5737654","targetHints":{"allow":["GET"]}}],"collection":[{"href":"https:\/\/stoic-curie.212-227-153-4.plesk.page\/pt\/wp-json\/wp\/v2\/product"}],"about":[{"href":"https:\/\/stoic-curie.212-227-153-4.plesk.page\/pt\/wp-json\/wp\/v2\/types\/product"}],"replies":[{"embeddable":true,"href":"https:\/\/stoic-curie.212-227-153-4.plesk.page\/pt\/wp-json\/wp\/v2\/comments?post=5737654"}],"version-history":[{"count":0,"href":"https:\/\/stoic-curie.212-227-153-4.plesk.page\/pt\/wp-json\/wp\/v2\/product\/5737654\/revisions"}],"wp:featuredmedia":[{"embeddable":true,"href":"https:\/\/stoic-curie.212-227-153-4.plesk.page\/pt\/wp-json\/wp\/v2\/media\/5735760"}],"wp:attachment":[{"href":"https:\/\/stoic-curie.212-227-153-4.plesk.page\/pt\/wp-json\/wp\/v2\/media?parent=5737654"}],"wp:term":[{"taxonomy":"product_brand","embeddable":true,"href":"https:\/\/stoic-curie.212-227-153-4.plesk.page\/pt\/wp-json\/wp\/v2\/product_brand?post=5737654"},{"taxonomy":"product_cat","embeddable":true,"href":"https:\/\/stoic-curie.212-227-153-4.plesk.page\/pt\/wp-json\/wp\/v2\/product_cat?post=5737654"},{"taxonomy":"product_tag","embeddable":true,"href":"https:\/\/stoic-curie.212-227-153-4.plesk.page\/pt\/wp-json\/wp\/v2\/product_tag?post=5737654"}],"curies":[{"name":"wp","href":"https:\/\/api.w.org\/{rel}","templated":true}]}}