{"id":5737666,"date":"2026-02-05T11:23:39","date_gmt":"2026-02-05T10:23:39","guid":{"rendered":"https:\/\/stoic-curie.212-227-153-4.plesk.page\/product\/mangueiras-de-ajuste-mtm-para-motores-mercruiser-original-codigo-32-864960-motor-alpha-one-gen-ii\/"},"modified":"2026-02-25T00:29:03","modified_gmt":"2026-02-25T00:29:03","slug":"mangueiras-de-ajuste-mtm-para-motores-mercruiser-original-codigo-32-864960-motor-alpha-one-gen-ii","status":"publish","type":"product","link":"https:\/\/stoic-curie.212-227-153-4.plesk.page\/pt\/product\/mangueiras-de-ajuste-mtm-para-motores-mercruiser-original-codigo-32-864960-motor-alpha-one-gen-ii\/","title":{"rendered":"Mangueiras de Ajuste MTM para Motores MerCruiser &#8211; Original C\u00f3digo 32-864960 Motor Alpha One Gen II"},"content":{"rendered":"<p>Mangueiras de Ajuste MTM para Motores MerCruiser &#8211; Original C\u00f3digo 32-864960 Motor Alpha One Gen II &#8211; <\/p>\n<p>Mangueiras de ajuste para transmiss\u00f5es de motores MerCruiser. Estas s\u00e3o pe\u00e7as de reposi\u00e7\u00e3o compat\u00edveis.<\/p>\n","protected":false},"excerpt":{"rendered":"<p>Mangueiras de Ajuste MTM para Motores MerCruiser &#8211; Original C\u00f3digo 32-864960 Motor Alpha One Gen II &#8211; Mangueiras de ajuste<\/p>\n","protected":false},"featured_media":5735950,"comment_status":"open","ping_status":"closed","template":"","meta":[],"product_brand":[3287],"product_cat":[2117],"product_tag":[],"class_list":{"0":"post-5737666","1":"product","2":"type-product","3":"status-publish","4":"has-post-thumbnail","6":"product_brand-quicksilver-pt","7":"product_cat-pecas-para-motores-mercruiser","9":"first","10":"instock","11":"shipping-taxable","12":"purchasable","13":"product-type-simple"},"_links":{"self":[{"href":"https:\/\/stoic-curie.212-227-153-4.plesk.page\/pt\/wp-json\/wp\/v2\/product\/5737666","targetHints":{"allow":["GET"]}}],"collection":[{"href":"https:\/\/stoic-curie.212-227-153-4.plesk.page\/pt\/wp-json\/wp\/v2\/product"}],"about":[{"href":"https:\/\/stoic-curie.212-227-153-4.plesk.page\/pt\/wp-json\/wp\/v2\/types\/product"}],"replies":[{"embeddable":true,"href":"https:\/\/stoic-curie.212-227-153-4.plesk.page\/pt\/wp-json\/wp\/v2\/comments?post=5737666"}],"version-history":[{"count":0,"href":"https:\/\/stoic-curie.212-227-153-4.plesk.page\/pt\/wp-json\/wp\/v2\/product\/5737666\/revisions"}],"wp:featuredmedia":[{"embeddable":true,"href":"https:\/\/stoic-curie.212-227-153-4.plesk.page\/pt\/wp-json\/wp\/v2\/media\/5735950"}],"wp:attachment":[{"href":"https:\/\/stoic-curie.212-227-153-4.plesk.page\/pt\/wp-json\/wp\/v2\/media?parent=5737666"}],"wp:term":[{"taxonomy":"product_brand","embeddable":true,"href":"https:\/\/stoic-curie.212-227-153-4.plesk.page\/pt\/wp-json\/wp\/v2\/product_brand?post=5737666"},{"taxonomy":"product_cat","embeddable":true,"href":"https:\/\/stoic-curie.212-227-153-4.plesk.page\/pt\/wp-json\/wp\/v2\/product_cat?post=5737666"},{"taxonomy":"product_tag","embeddable":true,"href":"https:\/\/stoic-curie.212-227-153-4.plesk.page\/pt\/wp-json\/wp\/v2\/product_tag?post=5737666"}],"curies":[{"name":"wp","href":"https:\/\/api.w.org\/{rel}","templated":true}]}}