{"id":5737671,"date":"2026-02-05T11:23:44","date_gmt":"2026-02-05T10:23:44","guid":{"rendered":"https:\/\/stoic-curie.212-227-153-4.plesk.page\/product\/kit-de-reparacao-de-unidade-de-tracao-genuino-para-motores-volvo-penta-codigo-3850594-para-dp-sx-dps\/"},"modified":"2026-02-25T00:29:03","modified_gmt":"2026-02-25T00:29:03","slug":"kit-de-reparacao-de-unidade-de-tracao-genuino-para-motores-volvo-penta-codigo-3850594-para-dp-sx-dps","status":"publish","type":"product","link":"https:\/\/stoic-curie.212-227-153-4.plesk.page\/pt\/product\/kit-de-reparacao-de-unidade-de-tracao-genuino-para-motores-volvo-penta-codigo-3850594-para-dp-sx-dps\/","title":{"rendered":"Kit de repara\u00e7\u00e3o de unidade de tra\u00e7\u00e3o genu\u00edno para motores Volvo Penta &#8211; C\u00f3digo 3850594 para DP\/SX\/DPS"},"content":{"rendered":"<p>Kit de repara\u00e7\u00e3o de unidade de tra\u00e7\u00e3o genu\u00edno para motores Volvo Penta &#8211; C\u00f3digo 3850594 para DP\/SX\/DPS &#8211; Este kit de repara\u00e7\u00e3o de unidade de tra\u00e7\u00e3o genu\u00edno \u00e9 especificamente projetado para motores Volvo Penta. Inclui todos os componentes necess\u00e1rios para garantir um reparo confi\u00e1vel e eficiente, adequado para os modelos DP, SX e DPS.<\/p>\n","protected":false},"excerpt":{"rendered":"<p>Kit de repara\u00e7\u00e3o de unidade de tra\u00e7\u00e3o genu\u00edno para motores Volvo Penta &#8211; C\u00f3digo 3850594 para DP\/SX\/DPS &#8211; Este kit<\/p>\n","protected":false},"featured_media":5735979,"comment_status":"open","ping_status":"closed","template":"","meta":[],"product_brand":[3392],"product_cat":[2116],"product_tag":[],"class_list":{"0":"post-5737671","1":"product","2":"type-product","3":"status-publish","4":"has-post-thumbnail","6":"product_brand-sierra-marine-pt","7":"product_cat-pecas-para-motores-volvo-penta","9":"first","10":"instock","11":"shipping-taxable","12":"purchasable","13":"product-type-simple"},"_links":{"self":[{"href":"https:\/\/stoic-curie.212-227-153-4.plesk.page\/pt\/wp-json\/wp\/v2\/product\/5737671","targetHints":{"allow":["GET"]}}],"collection":[{"href":"https:\/\/stoic-curie.212-227-153-4.plesk.page\/pt\/wp-json\/wp\/v2\/product"}],"about":[{"href":"https:\/\/stoic-curie.212-227-153-4.plesk.page\/pt\/wp-json\/wp\/v2\/types\/product"}],"replies":[{"embeddable":true,"href":"https:\/\/stoic-curie.212-227-153-4.plesk.page\/pt\/wp-json\/wp\/v2\/comments?post=5737671"}],"version-history":[{"count":0,"href":"https:\/\/stoic-curie.212-227-153-4.plesk.page\/pt\/wp-json\/wp\/v2\/product\/5737671\/revisions"}],"wp:featuredmedia":[{"embeddable":true,"href":"https:\/\/stoic-curie.212-227-153-4.plesk.page\/pt\/wp-json\/wp\/v2\/media\/5735979"}],"wp:attachment":[{"href":"https:\/\/stoic-curie.212-227-153-4.plesk.page\/pt\/wp-json\/wp\/v2\/media?parent=5737671"}],"wp:term":[{"taxonomy":"product_brand","embeddable":true,"href":"https:\/\/stoic-curie.212-227-153-4.plesk.page\/pt\/wp-json\/wp\/v2\/product_brand?post=5737671"},{"taxonomy":"product_cat","embeddable":true,"href":"https:\/\/stoic-curie.212-227-153-4.plesk.page\/pt\/wp-json\/wp\/v2\/product_cat?post=5737671"},{"taxonomy":"product_tag","embeddable":true,"href":"https:\/\/stoic-curie.212-227-153-4.plesk.page\/pt\/wp-json\/wp\/v2\/product_tag?post=5737671"}],"curies":[{"name":"wp","href":"https:\/\/api.w.org\/{rel}","templated":true}]}}