{"id":5737672,"date":"2026-02-05T11:23:45","date_gmt":"2026-02-05T10:23:45","guid":{"rendered":"https:\/\/stoic-curie.212-227-153-4.plesk.page\/product\/kit-de-reparacao-de-unidade-de-transmissao-original-para-motores-volvo-penta-876266\/"},"modified":"2026-02-25T00:29:03","modified_gmt":"2026-02-25T00:29:03","slug":"kit-de-reparacao-de-unidade-de-transmissao-original-para-motores-volvo-penta-876266","status":"publish","type":"product","link":"https:\/\/stoic-curie.212-227-153-4.plesk.page\/pt\/product\/kit-de-reparacao-de-unidade-de-transmissao-original-para-motores-volvo-penta-876266\/","title":{"rendered":"Kit de Repara\u00e7\u00e3o de Unidade de Transmiss\u00e3o Original para Motores Volvo Penta 876266"},"content":{"rendered":"<p>Kit de Repara\u00e7\u00e3o de Unidade de Transmiss\u00e3o Original para Motores Volvo Penta 876266 &#8211; Este kit de repara\u00e7\u00e3o de alta qualidade \u00e9 especialmente projetado para motores Volvo Penta com os c\u00f3digos 200, 250, 270, 275, 280, 285, 290, DP e SP. Assegure o desempenho ideal e a longevidade do seu motor com pe\u00e7as genu\u00ednas.<\/p>\n","protected":false},"excerpt":{"rendered":"<p>Kit de Repara\u00e7\u00e3o de Unidade de Transmiss\u00e3o Original para Motores Volvo Penta 876266 &#8211; Este kit de repara\u00e7\u00e3o de alta<\/p>\n","protected":false},"featured_media":5735979,"comment_status":"open","ping_status":"closed","template":"","meta":[],"product_brand":[3392],"product_cat":[2116],"product_tag":[],"class_list":{"0":"post-5737672","1":"product","2":"type-product","3":"status-publish","4":"has-post-thumbnail","6":"product_brand-sierra-marine-pt","7":"product_cat-pecas-para-motores-volvo-penta","9":"first","10":"instock","11":"shipping-taxable","12":"purchasable","13":"product-type-simple"},"_links":{"self":[{"href":"https:\/\/stoic-curie.212-227-153-4.plesk.page\/pt\/wp-json\/wp\/v2\/product\/5737672","targetHints":{"allow":["GET"]}}],"collection":[{"href":"https:\/\/stoic-curie.212-227-153-4.plesk.page\/pt\/wp-json\/wp\/v2\/product"}],"about":[{"href":"https:\/\/stoic-curie.212-227-153-4.plesk.page\/pt\/wp-json\/wp\/v2\/types\/product"}],"replies":[{"embeddable":true,"href":"https:\/\/stoic-curie.212-227-153-4.plesk.page\/pt\/wp-json\/wp\/v2\/comments?post=5737672"}],"version-history":[{"count":0,"href":"https:\/\/stoic-curie.212-227-153-4.plesk.page\/pt\/wp-json\/wp\/v2\/product\/5737672\/revisions"}],"wp:featuredmedia":[{"embeddable":true,"href":"https:\/\/stoic-curie.212-227-153-4.plesk.page\/pt\/wp-json\/wp\/v2\/media\/5735979"}],"wp:attachment":[{"href":"https:\/\/stoic-curie.212-227-153-4.plesk.page\/pt\/wp-json\/wp\/v2\/media?parent=5737672"}],"wp:term":[{"taxonomy":"product_brand","embeddable":true,"href":"https:\/\/stoic-curie.212-227-153-4.plesk.page\/pt\/wp-json\/wp\/v2\/product_brand?post=5737672"},{"taxonomy":"product_cat","embeddable":true,"href":"https:\/\/stoic-curie.212-227-153-4.plesk.page\/pt\/wp-json\/wp\/v2\/product_cat?post=5737672"},{"taxonomy":"product_tag","embeddable":true,"href":"https:\/\/stoic-curie.212-227-153-4.plesk.page\/pt\/wp-json\/wp\/v2\/product_tag?post=5737672"}],"curies":[{"name":"wp","href":"https:\/\/api.w.org\/{rel}","templated":true}]}}