{"id":5737673,"date":"2026-02-05T11:23:46","date_gmt":"2026-02-05T10:23:46","guid":{"rendered":"https:\/\/stoic-curie.212-227-153-4.plesk.page\/product\/kit-de-reparacao-da-unidade-de-transmissao-para-motores-volvo-penta-original-876267\/"},"modified":"2026-02-25T00:29:03","modified_gmt":"2026-02-25T00:29:03","slug":"kit-de-reparacao-da-unidade-de-transmissao-para-motores-volvo-penta-original-876267","status":"publish","type":"product","link":"https:\/\/stoic-curie.212-227-153-4.plesk.page\/pt\/product\/kit-de-reparacao-da-unidade-de-transmissao-para-motores-volvo-penta-original-876267\/","title":{"rendered":"Kit de repara\u00e7\u00e3o da unidade de transmiss\u00e3o para motores Volvo Penta &#8211; Original 876267"},"content":{"rendered":"<p>Kit de repara\u00e7\u00e3o da unidade de transmiss\u00e3o para motores Volvo Penta &#8211; Original 876267 &#8211; Este kit de repara\u00e7\u00e3o de alta qualidade para a unidade de transmiss\u00e3o \u00e9 projetado especificamente para motores Volvo Penta. \u00c9 compat\u00edvel com os modelos DP, 280DP, 290DP, AD, KAD, MD e TMD, garantindo desempenho e confiabilidade ideais para o seu motor.<\/p>\n","protected":false},"excerpt":{"rendered":"<p>Kit de repara\u00e7\u00e3o da unidade de transmiss\u00e3o para motores Volvo Penta &#8211; Original 876267 &#8211; Este kit de repara\u00e7\u00e3o de<\/p>\n","protected":false},"featured_media":5735979,"comment_status":"open","ping_status":"closed","template":"","meta":[],"product_brand":[3392],"product_cat":[2116],"product_tag":[],"class_list":{"0":"post-5737673","1":"product","2":"type-product","3":"status-publish","4":"has-post-thumbnail","6":"product_brand-sierra-marine-pt","7":"product_cat-pecas-para-motores-volvo-penta","9":"first","10":"instock","11":"shipping-taxable","12":"purchasable","13":"product-type-simple"},"_links":{"self":[{"href":"https:\/\/stoic-curie.212-227-153-4.plesk.page\/pt\/wp-json\/wp\/v2\/product\/5737673","targetHints":{"allow":["GET"]}}],"collection":[{"href":"https:\/\/stoic-curie.212-227-153-4.plesk.page\/pt\/wp-json\/wp\/v2\/product"}],"about":[{"href":"https:\/\/stoic-curie.212-227-153-4.plesk.page\/pt\/wp-json\/wp\/v2\/types\/product"}],"replies":[{"embeddable":true,"href":"https:\/\/stoic-curie.212-227-153-4.plesk.page\/pt\/wp-json\/wp\/v2\/comments?post=5737673"}],"version-history":[{"count":0,"href":"https:\/\/stoic-curie.212-227-153-4.plesk.page\/pt\/wp-json\/wp\/v2\/product\/5737673\/revisions"}],"wp:featuredmedia":[{"embeddable":true,"href":"https:\/\/stoic-curie.212-227-153-4.plesk.page\/pt\/wp-json\/wp\/v2\/media\/5735979"}],"wp:attachment":[{"href":"https:\/\/stoic-curie.212-227-153-4.plesk.page\/pt\/wp-json\/wp\/v2\/media?parent=5737673"}],"wp:term":[{"taxonomy":"product_brand","embeddable":true,"href":"https:\/\/stoic-curie.212-227-153-4.plesk.page\/pt\/wp-json\/wp\/v2\/product_brand?post=5737673"},{"taxonomy":"product_cat","embeddable":true,"href":"https:\/\/stoic-curie.212-227-153-4.plesk.page\/pt\/wp-json\/wp\/v2\/product_cat?post=5737673"},{"taxonomy":"product_tag","embeddable":true,"href":"https:\/\/stoic-curie.212-227-153-4.plesk.page\/pt\/wp-json\/wp\/v2\/product_tag?post=5737673"}],"curies":[{"name":"wp","href":"https:\/\/api.w.org\/{rel}","templated":true}]}}