{"id":5737675,"date":"2026-02-05T11:23:47","date_gmt":"2026-02-05T10:23:47","guid":{"rendered":"https:\/\/stoic-curie.212-227-153-4.plesk.page\/product\/filtro-de-ar-original-para-motores-volvo-penta-21171277\/"},"modified":"2026-02-25T00:29:03","modified_gmt":"2026-02-25T00:29:03","slug":"filtro-de-ar-original-para-motores-volvo-penta-21171277","status":"publish","type":"product","link":"https:\/\/stoic-curie.212-227-153-4.plesk.page\/pt\/product\/filtro-de-ar-original-para-motores-volvo-penta-21171277\/","title":{"rendered":"Filtro de Ar Original para Motores Volvo Penta 21171277"},"content":{"rendered":"<p>Filtro de Ar Original para Motores Volvo Penta 21171277 &#8211; <\/p>\n<p>Filtro de ar de alta qualidade para motores Volvo Penta. Este \u00e9 um substituto compat\u00edvel para a pe\u00e7a OEM.<\/p>\n","protected":false},"excerpt":{"rendered":"<p>Filtro de Ar Original para Motores Volvo Penta 21171277 &#8211; Filtro de ar de alta qualidade para motores Volvo Penta.<\/p>\n","protected":false},"featured_media":5735993,"comment_status":"open","ping_status":"closed","template":"","meta":[],"product_brand":[3392],"product_cat":[2116],"product_tag":[],"class_list":{"0":"post-5737675","1":"product","2":"type-product","3":"status-publish","4":"has-post-thumbnail","6":"product_brand-sierra-marine-pt","7":"product_cat-pecas-para-motores-volvo-penta","9":"first","10":"instock","11":"shipping-taxable","12":"purchasable","13":"product-type-simple"},"_links":{"self":[{"href":"https:\/\/stoic-curie.212-227-153-4.plesk.page\/pt\/wp-json\/wp\/v2\/product\/5737675","targetHints":{"allow":["GET"]}}],"collection":[{"href":"https:\/\/stoic-curie.212-227-153-4.plesk.page\/pt\/wp-json\/wp\/v2\/product"}],"about":[{"href":"https:\/\/stoic-curie.212-227-153-4.plesk.page\/pt\/wp-json\/wp\/v2\/types\/product"}],"replies":[{"embeddable":true,"href":"https:\/\/stoic-curie.212-227-153-4.plesk.page\/pt\/wp-json\/wp\/v2\/comments?post=5737675"}],"version-history":[{"count":0,"href":"https:\/\/stoic-curie.212-227-153-4.plesk.page\/pt\/wp-json\/wp\/v2\/product\/5737675\/revisions"}],"wp:featuredmedia":[{"embeddable":true,"href":"https:\/\/stoic-curie.212-227-153-4.plesk.page\/pt\/wp-json\/wp\/v2\/media\/5735993"}],"wp:attachment":[{"href":"https:\/\/stoic-curie.212-227-153-4.plesk.page\/pt\/wp-json\/wp\/v2\/media?parent=5737675"}],"wp:term":[{"taxonomy":"product_brand","embeddable":true,"href":"https:\/\/stoic-curie.212-227-153-4.plesk.page\/pt\/wp-json\/wp\/v2\/product_brand?post=5737675"},{"taxonomy":"product_cat","embeddable":true,"href":"https:\/\/stoic-curie.212-227-153-4.plesk.page\/pt\/wp-json\/wp\/v2\/product_cat?post=5737675"},{"taxonomy":"product_tag","embeddable":true,"href":"https:\/\/stoic-curie.212-227-153-4.plesk.page\/pt\/wp-json\/wp\/v2\/product_tag?post=5737675"}],"curies":[{"name":"wp","href":"https:\/\/api.w.org\/{rel}","templated":true}]}}