{"id":5737677,"date":"2026-02-05T11:23:49","date_gmt":"2026-02-05T10:23:49","guid":{"rendered":"https:\/\/stoic-curie.212-227-153-4.plesk.page\/product\/kit-de-reparacao-de-bomba-de-agua-e-unidade-de-acionamento-para-motores-fora-de-borda-yamaha-original-68v-w0078-00-codigo-para-f115-130\/"},"modified":"2026-02-25T00:29:20","modified_gmt":"2026-02-25T00:29:20","slug":"kit-de-reparacao-de-bomba-de-agua-e-unidade-de-acionamento-para-motores-fora-de-borda-yamaha-original-68v-w0078-00-codigo-para-f115-130","status":"publish","type":"product","link":"https:\/\/stoic-curie.212-227-153-4.plesk.page\/pt\/product\/kit-de-reparacao-de-bomba-de-agua-e-unidade-de-acionamento-para-motores-fora-de-borda-yamaha-original-68v-w0078-00-codigo-para-f115-130\/","title":{"rendered":"Kit de repara\u00e7\u00e3o de bomba de \u00e1gua e unidade de acionamento para motores fora de borda Yamaha &#8211; Original 68V-W0078-00 c\u00f3digo para F115\/130"},"content":{"rendered":"<p>Kit de repara\u00e7\u00e3o de bomba de \u00e1gua e unidade de acionamento para motores fora de borda Yamaha &#8211; Original 68V-W0078-00 c\u00f3digo para F115\/130 &#8211;<\/p>\n","protected":false},"excerpt":{"rendered":"<p>Kit de repara\u00e7\u00e3o de bomba de \u00e1gua e unidade de acionamento para motores fora de borda Yamaha &#8211; Original 68V-W0078-00<\/p>\n","protected":false},"featured_media":5735996,"comment_status":"open","ping_status":"closed","template":"","meta":[],"product_brand":[3392],"product_cat":[2118],"product_tag":[],"class_list":{"0":"post-5737677","1":"product","2":"type-product","3":"status-publish","4":"has-post-thumbnail","6":"product_brand-sierra-marine-pt","7":"product_cat-pecas-para-motores-fora-de-bordo-yamaha","9":"first","10":"instock","11":"shipping-taxable","12":"purchasable","13":"product-type-simple"},"_links":{"self":[{"href":"https:\/\/stoic-curie.212-227-153-4.plesk.page\/pt\/wp-json\/wp\/v2\/product\/5737677","targetHints":{"allow":["GET"]}}],"collection":[{"href":"https:\/\/stoic-curie.212-227-153-4.plesk.page\/pt\/wp-json\/wp\/v2\/product"}],"about":[{"href":"https:\/\/stoic-curie.212-227-153-4.plesk.page\/pt\/wp-json\/wp\/v2\/types\/product"}],"replies":[{"embeddable":true,"href":"https:\/\/stoic-curie.212-227-153-4.plesk.page\/pt\/wp-json\/wp\/v2\/comments?post=5737677"}],"version-history":[{"count":0,"href":"https:\/\/stoic-curie.212-227-153-4.plesk.page\/pt\/wp-json\/wp\/v2\/product\/5737677\/revisions"}],"wp:featuredmedia":[{"embeddable":true,"href":"https:\/\/stoic-curie.212-227-153-4.plesk.page\/pt\/wp-json\/wp\/v2\/media\/5735996"}],"wp:attachment":[{"href":"https:\/\/stoic-curie.212-227-153-4.plesk.page\/pt\/wp-json\/wp\/v2\/media?parent=5737677"}],"wp:term":[{"taxonomy":"product_brand","embeddable":true,"href":"https:\/\/stoic-curie.212-227-153-4.plesk.page\/pt\/wp-json\/wp\/v2\/product_brand?post=5737677"},{"taxonomy":"product_cat","embeddable":true,"href":"https:\/\/stoic-curie.212-227-153-4.plesk.page\/pt\/wp-json\/wp\/v2\/product_cat?post=5737677"},{"taxonomy":"product_tag","embeddable":true,"href":"https:\/\/stoic-curie.212-227-153-4.plesk.page\/pt\/wp-json\/wp\/v2\/product_tag?post=5737677"}],"curies":[{"name":"wp","href":"https:\/\/api.w.org\/{rel}","templated":true}]}}