{"id":5737681,"date":"2026-02-05T11:23:53","date_gmt":"2026-02-05T10:23:53","guid":{"rendered":"https:\/\/stoic-curie.212-227-153-4.plesk.page\/product\/kit-de-reparo-da-bomba-de-agua-e-unidade-de-transmissao-para-motores-fora-de-borda-johnson-evinrude-codigo-genuino-438592-motor-40-50\/"},"modified":"2026-02-25T00:29:20","modified_gmt":"2026-02-25T00:29:20","slug":"kit-de-reparo-da-bomba-de-agua-e-unidade-de-transmissao-para-motores-fora-de-borda-johnson-evinrude-codigo-genuino-438592-motor-40-50","status":"publish","type":"product","link":"https:\/\/stoic-curie.212-227-153-4.plesk.page\/pt\/product\/kit-de-reparo-da-bomba-de-agua-e-unidade-de-transmissao-para-motores-fora-de-borda-johnson-evinrude-codigo-genuino-438592-motor-40-50\/","title":{"rendered":"Kit de reparo da bomba de \u00e1gua e unidade de transmiss\u00e3o para motores fora de borda Johnson-Evinrude C\u00f3digo genu\u00edno 438592 Motor 40\/50"},"content":{"rendered":"<p>Kit de reparo da bomba de \u00e1gua e unidade de transmiss\u00e3o para motores fora de borda Johnson-Evinrude C\u00f3digo genu\u00edno 438592 Motor 40\/50 &#8211; Este kit de reparo genu\u00edno \u00e9 projetado especificamente para motores fora de borda Johnson-Evinrude. Inclui todos os componentes necess\u00e1rios para manter e reparar a bomba de \u00e1gua e a unidade de transmiss\u00e3o, garantindo desempenho e confiabilidade ideais.<\/p>\n","protected":false},"excerpt":{"rendered":"<p>Kit de reparo da bomba de \u00e1gua e unidade de transmiss\u00e3o para motores fora de borda Johnson-Evinrude C\u00f3digo genu\u00edno 438592<\/p>\n","protected":false},"featured_media":5736096,"comment_status":"open","ping_status":"closed","template":"","meta":[],"product_brand":[3392],"product_cat":[2108],"product_tag":[],"class_list":{"0":"post-5737681","1":"product","2":"type-product","3":"status-publish","4":"has-post-thumbnail","6":"product_brand-sierra-marine-pt","7":"product_cat-pecas-para-motores-johnson-evinrude","9":"first","10":"instock","11":"shipping-taxable","12":"purchasable","13":"product-type-simple"},"_links":{"self":[{"href":"https:\/\/stoic-curie.212-227-153-4.plesk.page\/pt\/wp-json\/wp\/v2\/product\/5737681","targetHints":{"allow":["GET"]}}],"collection":[{"href":"https:\/\/stoic-curie.212-227-153-4.plesk.page\/pt\/wp-json\/wp\/v2\/product"}],"about":[{"href":"https:\/\/stoic-curie.212-227-153-4.plesk.page\/pt\/wp-json\/wp\/v2\/types\/product"}],"replies":[{"embeddable":true,"href":"https:\/\/stoic-curie.212-227-153-4.plesk.page\/pt\/wp-json\/wp\/v2\/comments?post=5737681"}],"version-history":[{"count":0,"href":"https:\/\/stoic-curie.212-227-153-4.plesk.page\/pt\/wp-json\/wp\/v2\/product\/5737681\/revisions"}],"wp:featuredmedia":[{"embeddable":true,"href":"https:\/\/stoic-curie.212-227-153-4.plesk.page\/pt\/wp-json\/wp\/v2\/media\/5736096"}],"wp:attachment":[{"href":"https:\/\/stoic-curie.212-227-153-4.plesk.page\/pt\/wp-json\/wp\/v2\/media?parent=5737681"}],"wp:term":[{"taxonomy":"product_brand","embeddable":true,"href":"https:\/\/stoic-curie.212-227-153-4.plesk.page\/pt\/wp-json\/wp\/v2\/product_brand?post=5737681"},{"taxonomy":"product_cat","embeddable":true,"href":"https:\/\/stoic-curie.212-227-153-4.plesk.page\/pt\/wp-json\/wp\/v2\/product_cat?post=5737681"},{"taxonomy":"product_tag","embeddable":true,"href":"https:\/\/stoic-curie.212-227-153-4.plesk.page\/pt\/wp-json\/wp\/v2\/product_tag?post=5737681"}],"curies":[{"name":"wp","href":"https:\/\/api.w.org\/{rel}","templated":true}]}}