{"id":5737684,"date":"2026-02-05T11:23:56","date_gmt":"2026-02-05T10:23:56","guid":{"rendered":"https:\/\/stoic-curie.212-227-153-4.plesk.page\/product\/saco-absorvente-de-hidrocarbonetos\/"},"modified":"2026-02-25T00:29:20","modified_gmt":"2026-02-25T00:29:20","slug":"saco-absorvente-de-hidrocarbonetos","status":"publish","type":"product","link":"https:\/\/stoic-curie.212-227-153-4.plesk.page\/pt\/product\/saco-absorvente-de-hidrocarbonetos\/","title":{"rendered":"Saco Absorvente de Hidrocarbonetos"},"content":{"rendered":"<p>Saco Absorvente de Hidrocarbonetos &#8211; <\/p>\n<p>Saco absorvente descart\u00e1vel flutuante feito de material especial que absorve \u00f3leo e hidrocarbonetos, mas n\u00e3o \u00e1gua. Ideal para conter e absorver derramamentos no mar e para selar \u00e1reas afetadas por vazamentos.<\/p>\n","protected":false},"excerpt":{"rendered":"<p>Saco Absorvente de Hidrocarbonetos &#8211; Saco absorvente descart\u00e1vel flutuante feito de material especial que absorve \u00f3leo e hidrocarbonetos, mas n\u00e3o<\/p>\n","protected":false},"featured_media":5736113,"comment_status":"open","ping_status":"closed","template":"","meta":[],"product_brand":[3207],"product_cat":[1917],"product_tag":[],"class_list":{"0":"post-5737684","1":"product","2":"type-product","3":"status-publish","4":"has-post-thumbnail","6":"product_brand-nova-argonautica-pt","7":"product_cat-absorventes-para-oleo-e-combustivel","9":"first","10":"instock","11":"shipping-taxable","12":"purchasable","13":"product-type-simple"},"_links":{"self":[{"href":"https:\/\/stoic-curie.212-227-153-4.plesk.page\/pt\/wp-json\/wp\/v2\/product\/5737684","targetHints":{"allow":["GET"]}}],"collection":[{"href":"https:\/\/stoic-curie.212-227-153-4.plesk.page\/pt\/wp-json\/wp\/v2\/product"}],"about":[{"href":"https:\/\/stoic-curie.212-227-153-4.plesk.page\/pt\/wp-json\/wp\/v2\/types\/product"}],"replies":[{"embeddable":true,"href":"https:\/\/stoic-curie.212-227-153-4.plesk.page\/pt\/wp-json\/wp\/v2\/comments?post=5737684"}],"version-history":[{"count":0,"href":"https:\/\/stoic-curie.212-227-153-4.plesk.page\/pt\/wp-json\/wp\/v2\/product\/5737684\/revisions"}],"wp:featuredmedia":[{"embeddable":true,"href":"https:\/\/stoic-curie.212-227-153-4.plesk.page\/pt\/wp-json\/wp\/v2\/media\/5736113"}],"wp:attachment":[{"href":"https:\/\/stoic-curie.212-227-153-4.plesk.page\/pt\/wp-json\/wp\/v2\/media?parent=5737684"}],"wp:term":[{"taxonomy":"product_brand","embeddable":true,"href":"https:\/\/stoic-curie.212-227-153-4.plesk.page\/pt\/wp-json\/wp\/v2\/product_brand?post=5737684"},{"taxonomy":"product_cat","embeddable":true,"href":"https:\/\/stoic-curie.212-227-153-4.plesk.page\/pt\/wp-json\/wp\/v2\/product_cat?post=5737684"},{"taxonomy":"product_tag","embeddable":true,"href":"https:\/\/stoic-curie.212-227-153-4.plesk.page\/pt\/wp-json\/wp\/v2\/product_tag?post=5737684"}],"curies":[{"name":"wp","href":"https:\/\/api.w.org\/{rel}","templated":true}]}}