{"id":5756809,"date":"2026-02-12T14:03:00","date_gmt":"2026-02-12T13:03:00","guid":{"rendered":"https:\/\/stoic-curie.212-227-153-4.plesk.page\/product\/kit-multifit-solas-para-honda-75-90-1152009-130\/"},"modified":"2026-02-25T00:27:56","modified_gmt":"2026-02-25T00:27:56","slug":"kit-multifit-solas-para-honda-75-90-1152009-130","status":"publish","type":"product","link":"https:\/\/stoic-curie.212-227-153-4.plesk.page\/pt\/product\/kit-multifit-solas-para-honda-75-90-1152009-130\/","title":{"rendered":"Kit Multifit Solas para Honda 75\/90\/115(&lt;2009)\/130"},"content":{"rendered":"<p>Kit Multifit Solas para Honda 75\/90\/115(&lt;2009)\/130 &#8211; <\/p>\n<p>H\u00e9lices de alum\u00ednio Solas para motores fora de borda Honda. A qualidade superior de constru\u00e7\u00e3o permite que as h\u00e9lices Solas substituam facilmente qualquer tipo de h\u00e9lice original.<br \/>Plus = Superf\u00edcie de l\u00e2mina aumentada da h\u00e9lice<br \/>L = H\u00e9lice reversa (no sentido anti-hor\u00e1rio)<br \/>= A partir do ano indicado (inclu\u00eddo)<\/p>\n","protected":false},"excerpt":{"rendered":"<p>Kit Multifit Solas para Honda 75\/90\/115(&lt;2009)\/130 &#8211; H\u00e9lices de alum\u00ednio Solas para motores fora de borda Honda. A qualidade superior<\/p>\n","protected":false},"featured_media":5941207,"comment_status":"open","ping_status":"closed","template":"","meta":[],"product_brand":[3412],"product_cat":[2090,2112],"product_tag":[],"class_list":{"0":"post-5756809","1":"product","2":"type-product","3":"status-publish","4":"has-post-thumbnail","6":"product_brand-solas-pt","7":"product_cat-helices-para-motores-fora-de-bordo","8":"product_cat-pecas-para-motores-fora-de-bordo-honda","10":"first","11":"instock","12":"shipping-taxable","13":"purchasable","14":"product-type-simple"},"_links":{"self":[{"href":"https:\/\/stoic-curie.212-227-153-4.plesk.page\/pt\/wp-json\/wp\/v2\/product\/5756809","targetHints":{"allow":["GET"]}}],"collection":[{"href":"https:\/\/stoic-curie.212-227-153-4.plesk.page\/pt\/wp-json\/wp\/v2\/product"}],"about":[{"href":"https:\/\/stoic-curie.212-227-153-4.plesk.page\/pt\/wp-json\/wp\/v2\/types\/product"}],"replies":[{"embeddable":true,"href":"https:\/\/stoic-curie.212-227-153-4.plesk.page\/pt\/wp-json\/wp\/v2\/comments?post=5756809"}],"version-history":[{"count":0,"href":"https:\/\/stoic-curie.212-227-153-4.plesk.page\/pt\/wp-json\/wp\/v2\/product\/5756809\/revisions"}],"wp:featuredmedia":[{"embeddable":true,"href":"https:\/\/stoic-curie.212-227-153-4.plesk.page\/pt\/wp-json\/wp\/v2\/media\/5941207"}],"wp:attachment":[{"href":"https:\/\/stoic-curie.212-227-153-4.plesk.page\/pt\/wp-json\/wp\/v2\/media?parent=5756809"}],"wp:term":[{"taxonomy":"product_brand","embeddable":true,"href":"https:\/\/stoic-curie.212-227-153-4.plesk.page\/pt\/wp-json\/wp\/v2\/product_brand?post=5756809"},{"taxonomy":"product_cat","embeddable":true,"href":"https:\/\/stoic-curie.212-227-153-4.plesk.page\/pt\/wp-json\/wp\/v2\/product_cat?post=5756809"},{"taxonomy":"product_tag","embeddable":true,"href":"https:\/\/stoic-curie.212-227-153-4.plesk.page\/pt\/wp-json\/wp\/v2\/product_tag?post=5756809"}],"curies":[{"name":"wp","href":"https:\/\/api.w.org\/{rel}","templated":true}]}}