{"id":5756811,"date":"2026-02-12T14:03:44","date_gmt":"2026-02-12T13:03:44","guid":{"rendered":"https:\/\/stoic-curie.212-227-153-4.plesk.page\/product\/yamaha-helice-inox-14-x-19\/"},"modified":"2026-02-25T00:29:28","modified_gmt":"2026-02-25T00:29:28","slug":"yamaha-helice-inox-14-x-19","status":"publish","type":"product","link":"https:\/\/stoic-curie.212-227-153-4.plesk.page\/pt\/product\/yamaha-helice-inox-14-x-19\/","title":{"rendered":"Yamaha &#8211; H\u00e9lice Inox 14 x 19"},"content":{"rendered":"<p>Yamaha &#8211; H\u00e9lice Inox 14 x 19 &#8211; <\/p>\n<p>Feito de a\u00e7o inoxid\u00e1vel A4 Duplex ASTM-A890 escaneamento a laser 3D para controle est\u00e1tico e din\u00e2mico polimento espelhado com tecnologia de eletr\u00f3lise alta efici\u00eancia e consumo reduzido gra\u00e7as ao modelagem perfeita\u00a0<\/p>\n","protected":false},"excerpt":{"rendered":"<p>Yamaha &#8211; H\u00e9lice Inox 14 x 19 &#8211; Feito de a\u00e7o inoxid\u00e1vel A4 Duplex ASTM-A890 escaneamento a laser 3D para<\/p>\n","protected":false},"featured_media":5949020,"comment_status":"open","ping_status":"closed","template":"","meta":[],"product_brand":[3392],"product_cat":[2090,2118],"product_tag":[],"class_list":{"0":"post-5756811","1":"product","2":"type-product","3":"status-publish","4":"has-post-thumbnail","6":"product_brand-sierra-marine-pt","7":"product_cat-helices-para-motores-fora-de-bordo","8":"product_cat-pecas-para-motores-fora-de-bordo-yamaha","10":"first","11":"instock","12":"shipping-taxable","13":"purchasable","14":"product-type-simple"},"_links":{"self":[{"href":"https:\/\/stoic-curie.212-227-153-4.plesk.page\/pt\/wp-json\/wp\/v2\/product\/5756811","targetHints":{"allow":["GET"]}}],"collection":[{"href":"https:\/\/stoic-curie.212-227-153-4.plesk.page\/pt\/wp-json\/wp\/v2\/product"}],"about":[{"href":"https:\/\/stoic-curie.212-227-153-4.plesk.page\/pt\/wp-json\/wp\/v2\/types\/product"}],"replies":[{"embeddable":true,"href":"https:\/\/stoic-curie.212-227-153-4.plesk.page\/pt\/wp-json\/wp\/v2\/comments?post=5756811"}],"version-history":[{"count":0,"href":"https:\/\/stoic-curie.212-227-153-4.plesk.page\/pt\/wp-json\/wp\/v2\/product\/5756811\/revisions"}],"wp:featuredmedia":[{"embeddable":true,"href":"https:\/\/stoic-curie.212-227-153-4.plesk.page\/pt\/wp-json\/wp\/v2\/media\/5949020"}],"wp:attachment":[{"href":"https:\/\/stoic-curie.212-227-153-4.plesk.page\/pt\/wp-json\/wp\/v2\/media?parent=5756811"}],"wp:term":[{"taxonomy":"product_brand","embeddable":true,"href":"https:\/\/stoic-curie.212-227-153-4.plesk.page\/pt\/wp-json\/wp\/v2\/product_brand?post=5756811"},{"taxonomy":"product_cat","embeddable":true,"href":"https:\/\/stoic-curie.212-227-153-4.plesk.page\/pt\/wp-json\/wp\/v2\/product_cat?post=5756811"},{"taxonomy":"product_tag","embeddable":true,"href":"https:\/\/stoic-curie.212-227-153-4.plesk.page\/pt\/wp-json\/wp\/v2\/product_tag?post=5756811"}],"curies":[{"name":"wp","href":"https:\/\/api.w.org\/{rel}","templated":true}]}}