{"id":5756824,"date":"2026-02-12T14:03:54","date_gmt":"2026-02-12T13:03:54","guid":{"rendered":"https:\/\/stoic-curie.212-227-153-4.plesk.page\/product\/ventilador-de-mesa-recarregavel-por-usb-dim-o-17-x-h28-cm\/"},"modified":"2026-02-25T00:28:32","modified_gmt":"2026-02-25T00:28:32","slug":"ventilador-de-mesa-recarregavel-por-usb-dim-o-17-x-h28-cm","status":"publish","type":"product","link":"https:\/\/stoic-curie.212-227-153-4.plesk.page\/pt\/product\/ventilador-de-mesa-recarregavel-por-usb-dim-o-17-x-h28-cm\/","title":{"rendered":"Ventilador de Mesa Recarreg\u00e1vel por USB Dim \u00d8 17 x H28 cm"},"content":{"rendered":"<p>Ventilador de Mesa Recarreg\u00e1vel por USB Dim \u00d8 17 x H28 cm &#8211; <\/p>\n<p>Ventilador de mesa universal sem fio com bateria de l\u00edtio recarreg\u00e1vel via porta USB. Ventilador com grelha ajust\u00e1vel em m\u00faltiplas posi\u00e7\u00f5es e gancho para montagem na parede. Tr\u00eas velocidades de fluxo de ar com at\u00e9 15 horas de autonomia na velocidade baixa.<\/p>\n","protected":false},"excerpt":{"rendered":"<p>Ventilador de Mesa Recarreg\u00e1vel por USB Dim \u00d8 17 x H28 cm &#8211; Ventilador de mesa universal sem fio com<\/p>\n","protected":false},"featured_media":5752173,"comment_status":"open","ping_status":"closed","template":"","meta":[],"product_brand":[2832],"product_cat":[1934],"product_tag":[],"class_list":{"0":"post-5756824","1":"product","2":"type-product","3":"status-publish","4":"has-post-thumbnail","6":"product_brand-blue-sea-systems-pt","7":"product_cat-eletrodomesticos","9":"first","10":"instock","11":"shipping-taxable","12":"purchasable","13":"product-type-simple"},"_links":{"self":[{"href":"https:\/\/stoic-curie.212-227-153-4.plesk.page\/pt\/wp-json\/wp\/v2\/product\/5756824","targetHints":{"allow":["GET"]}}],"collection":[{"href":"https:\/\/stoic-curie.212-227-153-4.plesk.page\/pt\/wp-json\/wp\/v2\/product"}],"about":[{"href":"https:\/\/stoic-curie.212-227-153-4.plesk.page\/pt\/wp-json\/wp\/v2\/types\/product"}],"replies":[{"embeddable":true,"href":"https:\/\/stoic-curie.212-227-153-4.plesk.page\/pt\/wp-json\/wp\/v2\/comments?post=5756824"}],"version-history":[{"count":0,"href":"https:\/\/stoic-curie.212-227-153-4.plesk.page\/pt\/wp-json\/wp\/v2\/product\/5756824\/revisions"}],"wp:featuredmedia":[{"embeddable":true,"href":"https:\/\/stoic-curie.212-227-153-4.plesk.page\/pt\/wp-json\/wp\/v2\/media\/5752173"}],"wp:attachment":[{"href":"https:\/\/stoic-curie.212-227-153-4.plesk.page\/pt\/wp-json\/wp\/v2\/media?parent=5756824"}],"wp:term":[{"taxonomy":"product_brand","embeddable":true,"href":"https:\/\/stoic-curie.212-227-153-4.plesk.page\/pt\/wp-json\/wp\/v2\/product_brand?post=5756824"},{"taxonomy":"product_cat","embeddable":true,"href":"https:\/\/stoic-curie.212-227-153-4.plesk.page\/pt\/wp-json\/wp\/v2\/product_cat?post=5756824"},{"taxonomy":"product_tag","embeddable":true,"href":"https:\/\/stoic-curie.212-227-153-4.plesk.page\/pt\/wp-json\/wp\/v2\/product_tag?post=5756824"}],"curies":[{"name":"wp","href":"https:\/\/api.w.org\/{rel}","templated":true}]}}