{"id":5756825,"date":"2026-02-12T14:03:55","date_gmt":"2026-02-12T13:03:55","guid":{"rendered":"https:\/\/stoic-curie.212-227-153-4.plesk.page\/product\/fogao-de-tampao-em-aco-inoxidavel-parker-dim-580-x-300-x-h120-mm\/"},"modified":"2026-02-25T00:28:32","modified_gmt":"2026-02-25T00:28:32","slug":"fogao-de-tampao-em-aco-inoxidavel-parker-dim-580-x-300-x-h120-mm","status":"publish","type":"product","link":"https:\/\/stoic-curie.212-227-153-4.plesk.page\/pt\/product\/fogao-de-tampao-em-aco-inoxidavel-parker-dim-580-x-300-x-h120-mm\/","title":{"rendered":"Fog\u00e3o de Tamp\u00e3o em A\u00e7o Inoxid\u00e1vel Parker DIM 580 x 300 x H120 mm"},"content":{"rendered":"<p>Fog\u00e3o de Tamp\u00e3o em A\u00e7o Inoxid\u00e1vel Parker DIM 580 x 300 x H120 mm &#8211; <\/p>\n<p>Este fog\u00e3o de tamp\u00e3o possui uma tampa e um topo de a\u00e7o inoxid\u00e1vel dur\u00e1vel. \u00c9 equipado com termopares de seguran\u00e7a, queimadores de liga Pyral, dispersores de chama de lat\u00e3o prensado e suporte cont\u00ednuo de panela em a\u00e7o cromado. A pot\u00eancia do queimador \u00e9 de 1500\/2000W.<\/p>\n","protected":false},"excerpt":{"rendered":"<p>Fog\u00e3o de Tamp\u00e3o em A\u00e7o Inoxid\u00e1vel Parker DIM 580 x 300 x H120 mm &#8211; Este fog\u00e3o de tamp\u00e3o possui<\/p>\n","protected":false},"featured_media":5752182,"comment_status":"open","ping_status":"closed","template":"","meta":[],"product_brand":[3207],"product_cat":[1928],"product_tag":[],"class_list":{"0":"post-5756825","1":"product","2":"type-product","3":"status-publish","4":"has-post-thumbnail","6":"product_brand-nova-argonautica-pt","7":"product_cat-fornos-e-fogoes","9":"first","10":"instock","11":"shipping-taxable","12":"purchasable","13":"product-type-simple"},"_links":{"self":[{"href":"https:\/\/stoic-curie.212-227-153-4.plesk.page\/pt\/wp-json\/wp\/v2\/product\/5756825","targetHints":{"allow":["GET"]}}],"collection":[{"href":"https:\/\/stoic-curie.212-227-153-4.plesk.page\/pt\/wp-json\/wp\/v2\/product"}],"about":[{"href":"https:\/\/stoic-curie.212-227-153-4.plesk.page\/pt\/wp-json\/wp\/v2\/types\/product"}],"replies":[{"embeddable":true,"href":"https:\/\/stoic-curie.212-227-153-4.plesk.page\/pt\/wp-json\/wp\/v2\/comments?post=5756825"}],"version-history":[{"count":0,"href":"https:\/\/stoic-curie.212-227-153-4.plesk.page\/pt\/wp-json\/wp\/v2\/product\/5756825\/revisions"}],"wp:featuredmedia":[{"embeddable":true,"href":"https:\/\/stoic-curie.212-227-153-4.plesk.page\/pt\/wp-json\/wp\/v2\/media\/5752182"}],"wp:attachment":[{"href":"https:\/\/stoic-curie.212-227-153-4.plesk.page\/pt\/wp-json\/wp\/v2\/media?parent=5756825"}],"wp:term":[{"taxonomy":"product_brand","embeddable":true,"href":"https:\/\/stoic-curie.212-227-153-4.plesk.page\/pt\/wp-json\/wp\/v2\/product_brand?post=5756825"},{"taxonomy":"product_cat","embeddable":true,"href":"https:\/\/stoic-curie.212-227-153-4.plesk.page\/pt\/wp-json\/wp\/v2\/product_cat?post=5756825"},{"taxonomy":"product_tag","embeddable":true,"href":"https:\/\/stoic-curie.212-227-153-4.plesk.page\/pt\/wp-json\/wp\/v2\/product_tag?post=5756825"}],"curies":[{"name":"wp","href":"https:\/\/api.w.org\/{rel}","templated":true}]}}