{"id":5756826,"date":"2026-02-12T14:03:56","date_gmt":"2026-02-12T13:03:56","guid":{"rendered":"https:\/\/stoic-curie.212-227-153-4.plesk.page\/product\/fogao-de-bancada-preto-parker-450-x-360-x-h150-mm\/"},"modified":"2026-02-25T00:28:32","modified_gmt":"2026-02-25T00:28:32","slug":"fogao-de-bancada-preto-parker-450-x-360-x-h150-mm","status":"publish","type":"product","link":"https:\/\/stoic-curie.212-227-153-4.plesk.page\/pt\/product\/fogao-de-bancada-preto-parker-450-x-360-x-h150-mm\/","title":{"rendered":"Fog\u00e3o de Bancada Preto Parker 450 x 360 x H150 mm"},"content":{"rendered":"<p>Fog\u00e3o de Bancada Preto Parker 450 x 360 x H150 mm &#8211; <\/p>\n<p>Este fog\u00e3o de bancada possui uma tampa e uma parte superior em a\u00e7o inoxid\u00e1vel remov\u00edvel para limpeza r\u00e1pida e f\u00e1cil. Equipado com termopares de seguran\u00e7a, queimadores de liga Pyral e dispersores de chama em esmalte preto com fun\u00e7\u00e3o de grelha. Pot\u00eancia do queimador: 1500\/2500W.<\/p>\n","protected":false},"excerpt":{"rendered":"<p>Fog\u00e3o de Bancada Preto Parker 450 x 360 x H150 mm &#8211; Este fog\u00e3o de bancada possui uma tampa e<\/p>\n","protected":false},"featured_media":5752184,"comment_status":"open","ping_status":"closed","template":"","meta":[],"product_brand":[3207],"product_cat":[1928],"product_tag":[],"class_list":{"0":"post-5756826","1":"product","2":"type-product","3":"status-publish","4":"has-post-thumbnail","6":"product_brand-nova-argonautica-pt","7":"product_cat-fornos-e-fogoes","9":"first","10":"instock","11":"shipping-taxable","12":"purchasable","13":"product-type-simple"},"_links":{"self":[{"href":"https:\/\/stoic-curie.212-227-153-4.plesk.page\/pt\/wp-json\/wp\/v2\/product\/5756826","targetHints":{"allow":["GET"]}}],"collection":[{"href":"https:\/\/stoic-curie.212-227-153-4.plesk.page\/pt\/wp-json\/wp\/v2\/product"}],"about":[{"href":"https:\/\/stoic-curie.212-227-153-4.plesk.page\/pt\/wp-json\/wp\/v2\/types\/product"}],"replies":[{"embeddable":true,"href":"https:\/\/stoic-curie.212-227-153-4.plesk.page\/pt\/wp-json\/wp\/v2\/comments?post=5756826"}],"version-history":[{"count":0,"href":"https:\/\/stoic-curie.212-227-153-4.plesk.page\/pt\/wp-json\/wp\/v2\/product\/5756826\/revisions"}],"wp:featuredmedia":[{"embeddable":true,"href":"https:\/\/stoic-curie.212-227-153-4.plesk.page\/pt\/wp-json\/wp\/v2\/media\/5752184"}],"wp:attachment":[{"href":"https:\/\/stoic-curie.212-227-153-4.plesk.page\/pt\/wp-json\/wp\/v2\/media?parent=5756826"}],"wp:term":[{"taxonomy":"product_brand","embeddable":true,"href":"https:\/\/stoic-curie.212-227-153-4.plesk.page\/pt\/wp-json\/wp\/v2\/product_brand?post=5756826"},{"taxonomy":"product_cat","embeddable":true,"href":"https:\/\/stoic-curie.212-227-153-4.plesk.page\/pt\/wp-json\/wp\/v2\/product_cat?post=5756826"},{"taxonomy":"product_tag","embeddable":true,"href":"https:\/\/stoic-curie.212-227-153-4.plesk.page\/pt\/wp-json\/wp\/v2\/product_tag?post=5756826"}],"curies":[{"name":"wp","href":"https:\/\/api.w.org\/{rel}","templated":true}]}}