{"id":5756828,"date":"2026-02-12T14:03:58","date_gmt":"2026-02-12T13:03:58","guid":{"rendered":"https:\/\/stoic-curie.212-227-153-4.plesk.page\/product\/caixa-de-ligacao-de-entrada-de-agua-jabsco\/"},"modified":"2026-02-25T00:28:32","modified_gmt":"2026-02-25T00:28:32","slug":"caixa-de-ligacao-de-entrada-de-agua-jabsco","status":"publish","type":"product","link":"https:\/\/stoic-curie.212-227-153-4.plesk.page\/pt\/product\/caixa-de-ligacao-de-entrada-de-agua-jabsco\/","title":{"rendered":"Caixa de Liga\u00e7\u00e3o de Entrada de \u00c1gua Jabsco"},"content":{"rendered":"<p>Caixa de Liga\u00e7\u00e3o de Entrada de \u00c1gua Jabsco &#8211; <\/p>\n<p>Esta caixa de liga\u00e7\u00e3o de entrada de \u00e1gua embutida \u00e9 feita de pl\u00e1stico \u00e0 prova de choque e est\u00e1 dispon\u00edvel em um acabamento elegante em branco ou cromado. Equipado com um redutor de press\u00e3o de 3 bar que protege a encanamento a bordo ao conectar-se ao fornecimento de \u00e1gua na costa. A entrada possui rosca f\u00eamea de 3\/4&#8243; e a sa\u00edda inclui uma mangueira de 12 mm.<\/p>\n","protected":false},"excerpt":{"rendered":"<p>Caixa de Liga\u00e7\u00e3o de Entrada de \u00c1gua Jabsco &#8211; Esta caixa de liga\u00e7\u00e3o de entrada de \u00e1gua embutida \u00e9 feita<\/p>\n","protected":false},"featured_media":5752194,"comment_status":"open","ping_status":"closed","template":"","meta":[],"product_brand":[3032],"product_cat":[1935,1947],"product_tag":[],"class_list":{"0":"post-5756828","1":"product","2":"type-product","3":"status-publish","4":"has-post-thumbnail","6":"product_brand-jabsco-marine-pt","7":"product_cat-bombas-de-lavagem","8":"product_cat-bombas-de-pressao-de-agua","10":"first","11":"instock","12":"shipping-taxable","13":"purchasable","14":"product-type-simple"},"_links":{"self":[{"href":"https:\/\/stoic-curie.212-227-153-4.plesk.page\/pt\/wp-json\/wp\/v2\/product\/5756828","targetHints":{"allow":["GET"]}}],"collection":[{"href":"https:\/\/stoic-curie.212-227-153-4.plesk.page\/pt\/wp-json\/wp\/v2\/product"}],"about":[{"href":"https:\/\/stoic-curie.212-227-153-4.plesk.page\/pt\/wp-json\/wp\/v2\/types\/product"}],"replies":[{"embeddable":true,"href":"https:\/\/stoic-curie.212-227-153-4.plesk.page\/pt\/wp-json\/wp\/v2\/comments?post=5756828"}],"version-history":[{"count":0,"href":"https:\/\/stoic-curie.212-227-153-4.plesk.page\/pt\/wp-json\/wp\/v2\/product\/5756828\/revisions"}],"wp:featuredmedia":[{"embeddable":true,"href":"https:\/\/stoic-curie.212-227-153-4.plesk.page\/pt\/wp-json\/wp\/v2\/media\/5752194"}],"wp:attachment":[{"href":"https:\/\/stoic-curie.212-227-153-4.plesk.page\/pt\/wp-json\/wp\/v2\/media?parent=5756828"}],"wp:term":[{"taxonomy":"product_brand","embeddable":true,"href":"https:\/\/stoic-curie.212-227-153-4.plesk.page\/pt\/wp-json\/wp\/v2\/product_brand?post=5756828"},{"taxonomy":"product_cat","embeddable":true,"href":"https:\/\/stoic-curie.212-227-153-4.plesk.page\/pt\/wp-json\/wp\/v2\/product_cat?post=5756828"},{"taxonomy":"product_tag","embeddable":true,"href":"https:\/\/stoic-curie.212-227-153-4.plesk.page\/pt\/wp-json\/wp\/v2\/product_tag?post=5756828"}],"curies":[{"name":"wp","href":"https:\/\/api.w.org\/{rel}","templated":true}]}}