{"id":5756829,"date":"2026-02-12T14:03:58","date_gmt":"2026-02-12T13:03:58","guid":{"rendered":"https:\/\/stoic-curie.212-227-153-4.plesk.page\/product\/regulador-de-pressao-de-entrada-de-agua-jabsco-o-42-x-l78-mm-externo-3-4\/"},"modified":"2026-02-25T00:28:32","modified_gmt":"2026-02-25T00:28:32","slug":"regulador-de-pressao-de-entrada-de-agua-jabsco-o-42-x-l78-mm-externo-3-4","status":"publish","type":"product","link":"https:\/\/stoic-curie.212-227-153-4.plesk.page\/pt\/product\/regulador-de-pressao-de-entrada-de-agua-jabsco-o-42-x-l78-mm-externo-3-4\/","title":{"rendered":"Regulador de press\u00e3o de entrada de \u00e1gua Jabsco \u00d8 42 x L78 mm Externo 3\/4&#8243;"},"content":{"rendered":"<p>Regulador de press\u00e3o de entrada de \u00e1gua Jabsco \u00d8 42 x L78 mm Externo 3\/4&#8243; &#8211; <\/p>\n<p>Regulador de press\u00e3o de 3 bar com entrada de \u00e1gua com rosca f\u00eamea de 3\/4&#8243; e sa\u00edda com rosca macho de 3\/4&#8243;. \u00c9 projetado para proteger a encanamento a bordo ao conectar o sistema de \u00e1gua ao fornecimento de terra.<\/p>\n","protected":false},"excerpt":{"rendered":"<p>Regulador de press\u00e3o de entrada de \u00e1gua Jabsco \u00d8 42 x L78 mm Externo 3\/4&#8243; &#8211; Regulador de press\u00e3o de<\/p>\n","protected":false},"featured_media":5752200,"comment_status":"open","ping_status":"closed","template":"","meta":[],"product_brand":[3032],"product_cat":[1935,1947],"product_tag":[],"class_list":{"0":"post-5756829","1":"product","2":"type-product","3":"status-publish","4":"has-post-thumbnail","6":"product_brand-jabsco-marine-pt","7":"product_cat-bombas-de-lavagem","8":"product_cat-bombas-de-pressao-de-agua","10":"first","11":"instock","12":"shipping-taxable","13":"purchasable","14":"product-type-simple"},"_links":{"self":[{"href":"https:\/\/stoic-curie.212-227-153-4.plesk.page\/pt\/wp-json\/wp\/v2\/product\/5756829","targetHints":{"allow":["GET"]}}],"collection":[{"href":"https:\/\/stoic-curie.212-227-153-4.plesk.page\/pt\/wp-json\/wp\/v2\/product"}],"about":[{"href":"https:\/\/stoic-curie.212-227-153-4.plesk.page\/pt\/wp-json\/wp\/v2\/types\/product"}],"replies":[{"embeddable":true,"href":"https:\/\/stoic-curie.212-227-153-4.plesk.page\/pt\/wp-json\/wp\/v2\/comments?post=5756829"}],"version-history":[{"count":0,"href":"https:\/\/stoic-curie.212-227-153-4.plesk.page\/pt\/wp-json\/wp\/v2\/product\/5756829\/revisions"}],"wp:featuredmedia":[{"embeddable":true,"href":"https:\/\/stoic-curie.212-227-153-4.plesk.page\/pt\/wp-json\/wp\/v2\/media\/5752200"}],"wp:attachment":[{"href":"https:\/\/stoic-curie.212-227-153-4.plesk.page\/pt\/wp-json\/wp\/v2\/media?parent=5756829"}],"wp:term":[{"taxonomy":"product_brand","embeddable":true,"href":"https:\/\/stoic-curie.212-227-153-4.plesk.page\/pt\/wp-json\/wp\/v2\/product_brand?post=5756829"},{"taxonomy":"product_cat","embeddable":true,"href":"https:\/\/stoic-curie.212-227-153-4.plesk.page\/pt\/wp-json\/wp\/v2\/product_cat?post=5756829"},{"taxonomy":"product_tag","embeddable":true,"href":"https:\/\/stoic-curie.212-227-153-4.plesk.page\/pt\/wp-json\/wp\/v2\/product_tag?post=5756829"}],"curies":[{"name":"wp","href":"https:\/\/api.w.org\/{rel}","templated":true}]}}