{"id":5756836,"date":"2026-02-12T14:04:03","date_gmt":"2026-02-12T13:04:03","guid":{"rendered":"https:\/\/stoic-curie.212-227-153-4.plesk.page\/product\/valvula-esferica-compacta-pn16-g-1-1-4-rosca\/"},"modified":"2026-02-25T00:28:32","modified_gmt":"2026-02-25T00:28:32","slug":"valvula-esferica-compacta-pn16-g-1-1-4-rosca","status":"publish","type":"product","link":"https:\/\/stoic-curie.212-227-153-4.plesk.page\/pt\/product\/valvula-esferica-compacta-pn16-g-1-1-4-rosca\/","title":{"rendered":"V\u00e1lvula Esf\u00e9rica Compacta PN16 G 1 1\/4 Rosca"},"content":{"rendered":"<p>V\u00e1lvula Esf\u00e9rica Compacta PN16 G 1 1\/4 Rosca &#8211; <\/p>\n<p>Esta v\u00e1lvula esf\u00e9rica compacta \u00e9 feita de polipropileno composto refor\u00e7ado com fibras de vidro. \u00c9 certificada pela Bureau Veritas para aplica\u00e7\u00f5es n\u00e1uticas. A v\u00e1lvula vem com uma junta O-ring em EPDM, que a torna resistente \u00e0 corros\u00e3o qu\u00edmica e galv\u00e2nica, bem como ao desgaste e \u00e0 press\u00e3o.<\/p>\n","protected":false},"excerpt":{"rendered":"<p>V\u00e1lvula Esf\u00e9rica Compacta PN16 G 1 1\/4 Rosca &#8211; Esta v\u00e1lvula esf\u00e9rica compacta \u00e9 feita de polipropileno composto refor\u00e7ado com<\/p>\n","protected":false},"featured_media":5752208,"comment_status":"open","ping_status":"closed","template":"","meta":[],"product_brand":[3357],"product_cat":[1948,1957],"product_tag":[],"class_list":{"0":"post-5756836","1":"product","2":"type-product","3":"status-publish","4":"has-post-thumbnail","6":"product_brand-seaflow-pt","7":"product_cat-acessorios-para-canalizacao-de-plastico","8":"product_cat-valvulas-maritimas","10":"first","11":"instock","12":"shipping-taxable","13":"purchasable","14":"product-type-simple"},"_links":{"self":[{"href":"https:\/\/stoic-curie.212-227-153-4.plesk.page\/pt\/wp-json\/wp\/v2\/product\/5756836","targetHints":{"allow":["GET"]}}],"collection":[{"href":"https:\/\/stoic-curie.212-227-153-4.plesk.page\/pt\/wp-json\/wp\/v2\/product"}],"about":[{"href":"https:\/\/stoic-curie.212-227-153-4.plesk.page\/pt\/wp-json\/wp\/v2\/types\/product"}],"replies":[{"embeddable":true,"href":"https:\/\/stoic-curie.212-227-153-4.plesk.page\/pt\/wp-json\/wp\/v2\/comments?post=5756836"}],"version-history":[{"count":0,"href":"https:\/\/stoic-curie.212-227-153-4.plesk.page\/pt\/wp-json\/wp\/v2\/product\/5756836\/revisions"}],"wp:featuredmedia":[{"embeddable":true,"href":"https:\/\/stoic-curie.212-227-153-4.plesk.page\/pt\/wp-json\/wp\/v2\/media\/5752208"}],"wp:attachment":[{"href":"https:\/\/stoic-curie.212-227-153-4.plesk.page\/pt\/wp-json\/wp\/v2\/media?parent=5756836"}],"wp:term":[{"taxonomy":"product_brand","embeddable":true,"href":"https:\/\/stoic-curie.212-227-153-4.plesk.page\/pt\/wp-json\/wp\/v2\/product_brand?post=5756836"},{"taxonomy":"product_cat","embeddable":true,"href":"https:\/\/stoic-curie.212-227-153-4.plesk.page\/pt\/wp-json\/wp\/v2\/product_cat?post=5756836"},{"taxonomy":"product_tag","embeddable":true,"href":"https:\/\/stoic-curie.212-227-153-4.plesk.page\/pt\/wp-json\/wp\/v2\/product_tag?post=5756836"}],"curies":[{"name":"wp","href":"https:\/\/api.w.org\/{rel}","templated":true}]}}