{"id":5756854,"date":"2026-02-12T14:04:16","date_gmt":"2026-02-12T13:04:16","guid":{"rendered":"https:\/\/stoic-curie.212-227-153-4.plesk.page\/product\/valvula-de-retensao-hd-com-obturador-em-latao-g-11-4-rosca\/"},"modified":"2026-02-25T00:28:32","modified_gmt":"2026-02-25T00:28:32","slug":"valvula-de-retensao-hd-com-obturador-em-latao-g-11-4-rosca","status":"publish","type":"product","link":"https:\/\/stoic-curie.212-227-153-4.plesk.page\/pt\/product\/valvula-de-retensao-hd-com-obturador-em-latao-g-11-4-rosca\/","title":{"rendered":"V\u00e1lvula de retens\u00e3o HD com obturador em lat\u00e3o G 1&#8243;1\/4 rosca"},"content":{"rendered":"<p>V\u00e1lvula de retens\u00e3o HD com obturador em lat\u00e3o G 1&#8243;1\/4 rosca &#8211; <\/p>\n<p>Esta v\u00e1lvula de retens\u00e3o possui um corpo, obturador e disco em lat\u00e3o, al\u00e9m de uma mola em a\u00e7o inoxid\u00e1vel. Ela previne o refluxo de \u00e1gua em aplica\u00e7\u00f5es de \u00e1gua doce e salgada. Al\u00e9m disso, \u00e9 adequada para uso em por\u00f5es com vest\u00edgios de hidrocarbonetos. A v\u00e1lvula opera eficientemente em temperaturas que variam de -20 \u00b0C a +100 \u00b0C e atende aos padr\u00f5es ACS, ISO 228\/1 (DIN 259) e UNE-EN-12165.<\/p>\n","protected":false},"excerpt":{"rendered":"<p>V\u00e1lvula de retens\u00e3o HD com obturador em lat\u00e3o G 1&#8243;1\/4 rosca &#8211; Esta v\u00e1lvula de retens\u00e3o possui um corpo, obturador<\/p>\n","protected":false},"featured_media":5752244,"comment_status":"open","ping_status":"closed","template":"","meta":[],"product_brand":[2997],"product_cat":[1960,1957],"product_tag":[],"class_list":{"0":"post-5756854","1":"product","2":"type-product","3":"status-publish","4":"has-post-thumbnail","6":"product_brand-guidi-marine-pt","7":"product_cat-acessorios-de-canalizacao-em-latao","8":"product_cat-valvulas-maritimas","10":"first","11":"instock","12":"shipping-taxable","13":"purchasable","14":"product-type-simple"},"_links":{"self":[{"href":"https:\/\/stoic-curie.212-227-153-4.plesk.page\/pt\/wp-json\/wp\/v2\/product\/5756854","targetHints":{"allow":["GET"]}}],"collection":[{"href":"https:\/\/stoic-curie.212-227-153-4.plesk.page\/pt\/wp-json\/wp\/v2\/product"}],"about":[{"href":"https:\/\/stoic-curie.212-227-153-4.plesk.page\/pt\/wp-json\/wp\/v2\/types\/product"}],"replies":[{"embeddable":true,"href":"https:\/\/stoic-curie.212-227-153-4.plesk.page\/pt\/wp-json\/wp\/v2\/comments?post=5756854"}],"version-history":[{"count":0,"href":"https:\/\/stoic-curie.212-227-153-4.plesk.page\/pt\/wp-json\/wp\/v2\/product\/5756854\/revisions"}],"wp:featuredmedia":[{"embeddable":true,"href":"https:\/\/stoic-curie.212-227-153-4.plesk.page\/pt\/wp-json\/wp\/v2\/media\/5752244"}],"wp:attachment":[{"href":"https:\/\/stoic-curie.212-227-153-4.plesk.page\/pt\/wp-json\/wp\/v2\/media?parent=5756854"}],"wp:term":[{"taxonomy":"product_brand","embeddable":true,"href":"https:\/\/stoic-curie.212-227-153-4.plesk.page\/pt\/wp-json\/wp\/v2\/product_brand?post=5756854"},{"taxonomy":"product_cat","embeddable":true,"href":"https:\/\/stoic-curie.212-227-153-4.plesk.page\/pt\/wp-json\/wp\/v2\/product_cat?post=5756854"},{"taxonomy":"product_tag","embeddable":true,"href":"https:\/\/stoic-curie.212-227-153-4.plesk.page\/pt\/wp-json\/wp\/v2\/product_tag?post=5756854"}],"curies":[{"name":"wp","href":"https:\/\/api.w.org\/{rel}","templated":true}]}}