{"id":5756859,"date":"2026-02-12T14:04:20","date_gmt":"2026-02-12T13:04:20","guid":{"rendered":"https:\/\/stoic-curie.212-227-153-4.plesk.page\/product\/filtro-de-valvula-de-retencao-g-1-rosca\/"},"modified":"2026-02-25T00:28:32","modified_gmt":"2026-02-25T00:28:32","slug":"filtro-de-valvula-de-retencao-g-1-rosca","status":"publish","type":"product","link":"https:\/\/stoic-curie.212-227-153-4.plesk.page\/pt\/product\/filtro-de-valvula-de-retencao-g-1-rosca\/","title":{"rendered":"Filtro de V\u00e1lvula de Reten\u00e7\u00e3o G 1&#8243; Rosca"},"content":{"rendered":"<p>Filtro de V\u00e1lvula de Reten\u00e7\u00e3o G 1&#8243; Rosca &#8211; <\/p>\n<p>Filtros de v\u00e1lvulas de reten\u00e7\u00e3o. Corpo em a\u00e7o inoxid\u00e1vel e cobertura em nylon. Possui uma rosca M que se fixa \u00e0 v\u00e1lvula N\/R, em conformidade com a norma ISO 228\/1 (DIN 259). Pode ser utilizado em temperaturas de -20\u00b0C a 100\u00b0C. Ideal para opera\u00e7\u00f5es de por\u00e3o.<\/p>\n","protected":false},"excerpt":{"rendered":"<p>Filtro de V\u00e1lvula de Reten\u00e7\u00e3o G 1&#8243; Rosca &#8211; Filtros de v\u00e1lvulas de reten\u00e7\u00e3o. Corpo em a\u00e7o inoxid\u00e1vel e cobertura<\/p>\n","protected":false},"featured_media":5752256,"comment_status":"open","ping_status":"closed","template":"","meta":[],"product_brand":[3357],"product_cat":[1948,1957],"product_tag":[],"class_list":{"0":"post-5756859","1":"product","2":"type-product","3":"status-publish","4":"has-post-thumbnail","6":"product_brand-seaflow-pt","7":"product_cat-acessorios-para-canalizacao-de-plastico","8":"product_cat-valvulas-maritimas","10":"first","11":"instock","12":"shipping-taxable","13":"purchasable","14":"product-type-simple"},"_links":{"self":[{"href":"https:\/\/stoic-curie.212-227-153-4.plesk.page\/pt\/wp-json\/wp\/v2\/product\/5756859","targetHints":{"allow":["GET"]}}],"collection":[{"href":"https:\/\/stoic-curie.212-227-153-4.plesk.page\/pt\/wp-json\/wp\/v2\/product"}],"about":[{"href":"https:\/\/stoic-curie.212-227-153-4.plesk.page\/pt\/wp-json\/wp\/v2\/types\/product"}],"replies":[{"embeddable":true,"href":"https:\/\/stoic-curie.212-227-153-4.plesk.page\/pt\/wp-json\/wp\/v2\/comments?post=5756859"}],"version-history":[{"count":0,"href":"https:\/\/stoic-curie.212-227-153-4.plesk.page\/pt\/wp-json\/wp\/v2\/product\/5756859\/revisions"}],"wp:featuredmedia":[{"embeddable":true,"href":"https:\/\/stoic-curie.212-227-153-4.plesk.page\/pt\/wp-json\/wp\/v2\/media\/5752256"}],"wp:attachment":[{"href":"https:\/\/stoic-curie.212-227-153-4.plesk.page\/pt\/wp-json\/wp\/v2\/media?parent=5756859"}],"wp:term":[{"taxonomy":"product_brand","embeddable":true,"href":"https:\/\/stoic-curie.212-227-153-4.plesk.page\/pt\/wp-json\/wp\/v2\/product_brand?post=5756859"},{"taxonomy":"product_cat","embeddable":true,"href":"https:\/\/stoic-curie.212-227-153-4.plesk.page\/pt\/wp-json\/wp\/v2\/product_cat?post=5756859"},{"taxonomy":"product_tag","embeddable":true,"href":"https:\/\/stoic-curie.212-227-153-4.plesk.page\/pt\/wp-json\/wp\/v2\/product_tag?post=5756859"}],"curies":[{"name":"wp","href":"https:\/\/api.w.org\/{rel}","templated":true}]}}