{"id":5756862,"date":"2026-02-12T14:04:22","date_gmt":"2026-02-12T13:04:22","guid":{"rendered":"https:\/\/stoic-curie.212-227-153-4.plesk.page\/product\/filtro-de-valvula-de-retencao-g-2-rosca\/"},"modified":"2026-02-25T00:28:32","modified_gmt":"2026-02-25T00:28:32","slug":"filtro-de-valvula-de-retencao-g-2-rosca","status":"publish","type":"product","link":"https:\/\/stoic-curie.212-227-153-4.plesk.page\/pt\/product\/filtro-de-valvula-de-retencao-g-2-rosca\/","title":{"rendered":"Filtro de V\u00e1lvula de Reten\u00e7\u00e3o G 2&#8243; Rosca"},"content":{"rendered":"<p>Filtro de V\u00e1lvula de Reten\u00e7\u00e3o G 2&#8243; Rosca &#8211; <\/p>\n<p>Filtro de v\u00e1lvula de reten\u00e7\u00e3o com corpo de a\u00e7o inoxid\u00e1vel resistente e capa de nylon. Possui uma rosca M que se conecta firmemente \u00e0 v\u00e1lvula N\/R, de acordo com a ISO 228\/1 (DIN 259). Esta v\u00e1lvula pode operar eficientemente em temperaturas de -20\u00b0C a 100\u00b0C, sendo ideal para opera\u00e7\u00f5es de por\u00e3o.<\/p>\n","protected":false},"excerpt":{"rendered":"<p>Filtro de V\u00e1lvula de Reten\u00e7\u00e3o G 2&#8243; Rosca &#8211; Filtro de v\u00e1lvula de reten\u00e7\u00e3o com corpo de a\u00e7o inoxid\u00e1vel resistente<\/p>\n","protected":false},"featured_media":5752256,"comment_status":"open","ping_status":"closed","template":"","meta":[],"product_brand":[3357],"product_cat":[1948,1957],"product_tag":[],"class_list":{"0":"post-5756862","1":"product","2":"type-product","3":"status-publish","4":"has-post-thumbnail","6":"product_brand-seaflow-pt","7":"product_cat-acessorios-para-canalizacao-de-plastico","8":"product_cat-valvulas-maritimas","10":"first","11":"instock","12":"shipping-taxable","13":"purchasable","14":"product-type-simple"},"_links":{"self":[{"href":"https:\/\/stoic-curie.212-227-153-4.plesk.page\/pt\/wp-json\/wp\/v2\/product\/5756862","targetHints":{"allow":["GET"]}}],"collection":[{"href":"https:\/\/stoic-curie.212-227-153-4.plesk.page\/pt\/wp-json\/wp\/v2\/product"}],"about":[{"href":"https:\/\/stoic-curie.212-227-153-4.plesk.page\/pt\/wp-json\/wp\/v2\/types\/product"}],"replies":[{"embeddable":true,"href":"https:\/\/stoic-curie.212-227-153-4.plesk.page\/pt\/wp-json\/wp\/v2\/comments?post=5756862"}],"version-history":[{"count":0,"href":"https:\/\/stoic-curie.212-227-153-4.plesk.page\/pt\/wp-json\/wp\/v2\/product\/5756862\/revisions"}],"wp:featuredmedia":[{"embeddable":true,"href":"https:\/\/stoic-curie.212-227-153-4.plesk.page\/pt\/wp-json\/wp\/v2\/media\/5752256"}],"wp:attachment":[{"href":"https:\/\/stoic-curie.212-227-153-4.plesk.page\/pt\/wp-json\/wp\/v2\/media?parent=5756862"}],"wp:term":[{"taxonomy":"product_brand","embeddable":true,"href":"https:\/\/stoic-curie.212-227-153-4.plesk.page\/pt\/wp-json\/wp\/v2\/product_brand?post=5756862"},{"taxonomy":"product_cat","embeddable":true,"href":"https:\/\/stoic-curie.212-227-153-4.plesk.page\/pt\/wp-json\/wp\/v2\/product_cat?post=5756862"},{"taxonomy":"product_tag","embeddable":true,"href":"https:\/\/stoic-curie.212-227-153-4.plesk.page\/pt\/wp-json\/wp\/v2\/product_tag?post=5756862"}],"curies":[{"name":"wp","href":"https:\/\/api.w.org\/{rel}","templated":true}]}}