{"id":5756863,"date":"2026-02-12T14:04:23","date_gmt":"2026-02-12T13:04:23","guid":{"rendered":"https:\/\/stoic-curie.212-227-153-4.plesk.page\/product\/cotovelo-de-latao-a-45-f-f-g-1-2-rosca\/"},"modified":"2026-02-25T00:28:32","modified_gmt":"2026-02-25T00:28:32","slug":"cotovelo-de-latao-a-45-f-f-g-1-2-rosca","status":"publish","type":"product","link":"https:\/\/stoic-curie.212-227-153-4.plesk.page\/pt\/product\/cotovelo-de-latao-a-45-f-f-g-1-2-rosca\/","title":{"rendered":"Cotovelo de Lat\u00e3o a 45\u00b0 F-F G 1\/2 rosca"},"content":{"rendered":"<p>Cotovelo de Lat\u00e3o a 45\u00b0 F-F G 1\/2 rosca &#8211; <\/p>\n<p>Cotovelo f\u00eamea-f\u00eamea de lat\u00e3o a 45\u00b0.<\/p>\n","protected":false},"excerpt":{"rendered":"<p>Cotovelo de Lat\u00e3o a 45\u00b0 F-F G 1\/2 rosca &#8211; Cotovelo f\u00eamea-f\u00eamea de lat\u00e3o a 45\u00b0.<\/p>\n","protected":false},"featured_media":5944753,"comment_status":"open","ping_status":"closed","template":"","meta":[],"product_brand":[2997],"product_cat":[1960],"product_tag":[],"class_list":{"0":"post-5756863","1":"product","2":"type-product","3":"status-publish","4":"has-post-thumbnail","6":"product_brand-guidi-marine-pt","7":"product_cat-acessorios-de-canalizacao-em-latao","9":"first","10":"instock","11":"shipping-taxable","12":"purchasable","13":"product-type-simple"},"_links":{"self":[{"href":"https:\/\/stoic-curie.212-227-153-4.plesk.page\/pt\/wp-json\/wp\/v2\/product\/5756863","targetHints":{"allow":["GET"]}}],"collection":[{"href":"https:\/\/stoic-curie.212-227-153-4.plesk.page\/pt\/wp-json\/wp\/v2\/product"}],"about":[{"href":"https:\/\/stoic-curie.212-227-153-4.plesk.page\/pt\/wp-json\/wp\/v2\/types\/product"}],"replies":[{"embeddable":true,"href":"https:\/\/stoic-curie.212-227-153-4.plesk.page\/pt\/wp-json\/wp\/v2\/comments?post=5756863"}],"version-history":[{"count":0,"href":"https:\/\/stoic-curie.212-227-153-4.plesk.page\/pt\/wp-json\/wp\/v2\/product\/5756863\/revisions"}],"wp:featuredmedia":[{"embeddable":true,"href":"https:\/\/stoic-curie.212-227-153-4.plesk.page\/pt\/wp-json\/wp\/v2\/media\/5944753"}],"wp:attachment":[{"href":"https:\/\/stoic-curie.212-227-153-4.plesk.page\/pt\/wp-json\/wp\/v2\/media?parent=5756863"}],"wp:term":[{"taxonomy":"product_brand","embeddable":true,"href":"https:\/\/stoic-curie.212-227-153-4.plesk.page\/pt\/wp-json\/wp\/v2\/product_brand?post=5756863"},{"taxonomy":"product_cat","embeddable":true,"href":"https:\/\/stoic-curie.212-227-153-4.plesk.page\/pt\/wp-json\/wp\/v2\/product_cat?post=5756863"},{"taxonomy":"product_tag","embeddable":true,"href":"https:\/\/stoic-curie.212-227-153-4.plesk.page\/pt\/wp-json\/wp\/v2\/product_tag?post=5756863"}],"curies":[{"name":"wp","href":"https:\/\/api.w.org\/{rel}","templated":true}]}}