{"id":5756869,"date":"2026-02-12T14:04:27","date_gmt":"2026-02-12T13:04:27","guid":{"rendered":"https:\/\/stoic-curie.212-227-153-4.plesk.page\/product\/i-resina-acetal-pom-conector-tubo-a-tubo-para-tubo-de-8-o-mm\/"},"modified":"2026-02-25T00:28:32","modified_gmt":"2026-02-25T00:28:32","slug":"i-resina-acetal-pom-conector-tubo-a-tubo-para-tubo-de-8-o-mm","status":"publish","type":"product","link":"https:\/\/stoic-curie.212-227-153-4.plesk.page\/pt\/product\/i-resina-acetal-pom-conector-tubo-a-tubo-para-tubo-de-8-o-mm\/","title":{"rendered":"I Resina Acetal (POM) Conector Tubo-a-Tubo para Tubo de 8 \u00d8 mm"},"content":{"rendered":"<p>I Resina Acetal (POM) Conector Tubo-a-Tubo para Tubo de 8 \u00d8 mm &#8211; <\/p>\n<p>Conector de tubo-a-tubo em pol\u00edmero de resina acetal desenvolvido para sistemas de \u00e1gua doce, \u00e1guas residuais e \u00e1gua do mar. Apresenta um passa internal liso para fluxo \u00f3timo de l\u00edquidos sem bordas, juntamente com paredes grossas para superior resist\u00eancia a impactos e prote\u00e7\u00e3o contra corros\u00e3o. Avaliado para uma press\u00e3o de opera\u00e7\u00e3o de 10 bar a uma temperatura m\u00e1xima de 85 \u00b0C.<\/p>\n","protected":false},"excerpt":{"rendered":"<p>I Resina Acetal (POM) Conector Tubo-a-Tubo para Tubo de 8 \u00d8 mm &#8211; Conector de tubo-a-tubo em pol\u00edmero de resina<\/p>\n","protected":false},"featured_media":5752280,"comment_status":"open","ping_status":"closed","template":"","meta":[],"product_brand":[3357],"product_cat":[1948],"product_tag":[],"class_list":{"0":"post-5756869","1":"product","2":"type-product","3":"status-publish","4":"has-post-thumbnail","6":"product_brand-seaflow-pt","7":"product_cat-acessorios-para-canalizacao-de-plastico","9":"first","10":"instock","11":"shipping-taxable","12":"purchasable","13":"product-type-simple"},"_links":{"self":[{"href":"https:\/\/stoic-curie.212-227-153-4.plesk.page\/pt\/wp-json\/wp\/v2\/product\/5756869","targetHints":{"allow":["GET"]}}],"collection":[{"href":"https:\/\/stoic-curie.212-227-153-4.plesk.page\/pt\/wp-json\/wp\/v2\/product"}],"about":[{"href":"https:\/\/stoic-curie.212-227-153-4.plesk.page\/pt\/wp-json\/wp\/v2\/types\/product"}],"replies":[{"embeddable":true,"href":"https:\/\/stoic-curie.212-227-153-4.plesk.page\/pt\/wp-json\/wp\/v2\/comments?post=5756869"}],"version-history":[{"count":0,"href":"https:\/\/stoic-curie.212-227-153-4.plesk.page\/pt\/wp-json\/wp\/v2\/product\/5756869\/revisions"}],"wp:featuredmedia":[{"embeddable":true,"href":"https:\/\/stoic-curie.212-227-153-4.plesk.page\/pt\/wp-json\/wp\/v2\/media\/5752280"}],"wp:attachment":[{"href":"https:\/\/stoic-curie.212-227-153-4.plesk.page\/pt\/wp-json\/wp\/v2\/media?parent=5756869"}],"wp:term":[{"taxonomy":"product_brand","embeddable":true,"href":"https:\/\/stoic-curie.212-227-153-4.plesk.page\/pt\/wp-json\/wp\/v2\/product_brand?post=5756869"},{"taxonomy":"product_cat","embeddable":true,"href":"https:\/\/stoic-curie.212-227-153-4.plesk.page\/pt\/wp-json\/wp\/v2\/product_cat?post=5756869"},{"taxonomy":"product_tag","embeddable":true,"href":"https:\/\/stoic-curie.212-227-153-4.plesk.page\/pt\/wp-json\/wp\/v2\/product_tag?post=5756869"}],"curies":[{"name":"wp","href":"https:\/\/api.w.org\/{rel}","templated":true}]}}