{"id":5757140,"date":"2026-02-12T14:07:44","date_gmt":"2026-02-12T13:07:44","guid":{"rendered":"https:\/\/stoic-curie.212-227-153-4.plesk.page\/product\/casaco-musto-sardinia-tamanho-s-preto\/"},"modified":"2026-02-25T00:28:46","modified_gmt":"2026-02-25T00:28:46","slug":"casaco-musto-sardinia-tamanho-s-preto","status":"publish","type":"product","link":"https:\/\/stoic-curie.212-227-153-4.plesk.page\/pt\/product\/casaco-musto-sardinia-tamanho-s-preto\/","title":{"rendered":"Casaco Musto Sardinia Tamanho S &#8211; Preto"},"content":{"rendered":"<p>Casaco Musto Sardinia Tamanho S &#8211; Preto &#8211; <\/p>\n<p>O Casaco Musto Sardinia \u00e9 ideal para climas quentes. Seu design leve e superior \u00e9 feito de um tecido imperme\u00e1vel e respir\u00e1vel de 2 camadas, com forro de fleece para maior conforto contra a pele e melhor circula\u00e7\u00e3o de ar. O casaco inclui um capuz destac\u00e1vel e ajust\u00e1vel com uma ponta refor\u00e7ada para desviar a \u00e1gua do seu rosto, um z\u00edper frontal YKK\u00c2\u00ae VISLON\u00c2\u00ae com uma prote\u00e7\u00e3o interna, punhos ajust\u00e1veis com velcro, dois bolsos laterais com z\u00edper, um bolso no peito com z\u00edper, um bolso interno com ponto de sa\u00edda para fones de ouvido e uma curvatura na parte de tr\u00e1s para maior cobertura. A barra ajust\u00e1vel garante que o mau tempo fique do lado de fora.<\/p>\n<p> Clique aqui para verificar o tamanho exato:<\/p>\n","protected":false},"excerpt":{"rendered":"<p>Casaco Musto Sardinia Tamanho S &#8211; Preto &#8211; O Casaco Musto Sardinia \u00e9 ideal para climas quentes. Seu design leve<\/p>\n","protected":false},"featured_media":5752957,"comment_status":"open","ping_status":"closed","template":"","meta":[],"product_brand":[3157],"product_cat":[2141],"product_tag":[],"class_list":{"0":"post-5757140","1":"product","2":"type-product","3":"status-publish","4":"has-post-thumbnail","6":"product_brand-musto-pt","7":"product_cat-vestuario-de-vela-musto","9":"first","10":"instock","11":"shipping-taxable","12":"purchasable","13":"product-type-simple"},"_links":{"self":[{"href":"https:\/\/stoic-curie.212-227-153-4.plesk.page\/pt\/wp-json\/wp\/v2\/product\/5757140","targetHints":{"allow":["GET"]}}],"collection":[{"href":"https:\/\/stoic-curie.212-227-153-4.plesk.page\/pt\/wp-json\/wp\/v2\/product"}],"about":[{"href":"https:\/\/stoic-curie.212-227-153-4.plesk.page\/pt\/wp-json\/wp\/v2\/types\/product"}],"replies":[{"embeddable":true,"href":"https:\/\/stoic-curie.212-227-153-4.plesk.page\/pt\/wp-json\/wp\/v2\/comments?post=5757140"}],"version-history":[{"count":0,"href":"https:\/\/stoic-curie.212-227-153-4.plesk.page\/pt\/wp-json\/wp\/v2\/product\/5757140\/revisions"}],"wp:featuredmedia":[{"embeddable":true,"href":"https:\/\/stoic-curie.212-227-153-4.plesk.page\/pt\/wp-json\/wp\/v2\/media\/5752957"}],"wp:attachment":[{"href":"https:\/\/stoic-curie.212-227-153-4.plesk.page\/pt\/wp-json\/wp\/v2\/media?parent=5757140"}],"wp:term":[{"taxonomy":"product_brand","embeddable":true,"href":"https:\/\/stoic-curie.212-227-153-4.plesk.page\/pt\/wp-json\/wp\/v2\/product_brand?post=5757140"},{"taxonomy":"product_cat","embeddable":true,"href":"https:\/\/stoic-curie.212-227-153-4.plesk.page\/pt\/wp-json\/wp\/v2\/product_cat?post=5757140"},{"taxonomy":"product_tag","embeddable":true,"href":"https:\/\/stoic-curie.212-227-153-4.plesk.page\/pt\/wp-json\/wp\/v2\/product_tag?post=5757140"}],"curies":[{"name":"wp","href":"https:\/\/api.w.org\/{rel}","templated":true}]}}