{"id":5757143,"date":"2026-02-12T14:07:46","date_gmt":"2026-02-12T13:07:46","guid":{"rendered":"https:\/\/stoic-curie.212-227-153-4.plesk.page\/product\/jaqueta-musto-sardinia-tamanho-xl-preto\/"},"modified":"2026-02-25T00:28:46","modified_gmt":"2026-02-25T00:28:46","slug":"jaqueta-musto-sardinia-tamanho-xl-preto","status":"publish","type":"product","link":"https:\/\/stoic-curie.212-227-153-4.plesk.page\/pt\/product\/jaqueta-musto-sardinia-tamanho-xl-preto\/","title":{"rendered":"Jaqueta Musto Sardinia Tamanho XL &#8211; Preto"},"content":{"rendered":"<p>Jaqueta Musto Sardinia Tamanho XL &#8211; Preto &#8211; <\/p>\n<p>A Jaqueta Musto Sardinia \u00e9 ideal para ambientes mais quentes. Feita de um tecido leve, imperme\u00e1vel e respir\u00e1vel de 2 camadas, com forro de malha de fleece para conforto contra a sua pele e melhor circula\u00e7\u00e3o de ar. A jaqueta possui um capuz destac\u00e1vel e ajust\u00e1vel com um pico endurecido para manter a \u00e1gua longe do seu rosto. Tem um z\u00edper frontal YKK\u00ae VISLON\u00ae com uma prote\u00e7\u00e3o interna, punhos ajust\u00e1veis em Velcro, dois bolsos laterais com z\u00edper e um bolso no peito com z\u00edper, um bolso interno com um ponto de sa\u00edda para fones de ouvido, e uma barra traseira arredondada para maior cobertura, al\u00e9m de um ajustador de barra para manter o tempo do lado de fora.<br \/>Clique aqui para verificar o tamanho exato:<\/p>\n","protected":false},"excerpt":{"rendered":"<p>Jaqueta Musto Sardinia Tamanho XL &#8211; Preto &#8211; A Jaqueta Musto Sardinia \u00e9 ideal para ambientes mais quentes. Feita de<\/p>\n","protected":false},"featured_media":5752957,"comment_status":"open","ping_status":"closed","template":"","meta":[],"product_brand":[3157],"product_cat":[2141],"product_tag":[],"class_list":{"0":"post-5757143","1":"product","2":"type-product","3":"status-publish","4":"has-post-thumbnail","6":"product_brand-musto-pt","7":"product_cat-vestuario-de-vela-musto","9":"first","10":"instock","11":"shipping-taxable","12":"purchasable","13":"product-type-simple"},"_links":{"self":[{"href":"https:\/\/stoic-curie.212-227-153-4.plesk.page\/pt\/wp-json\/wp\/v2\/product\/5757143","targetHints":{"allow":["GET"]}}],"collection":[{"href":"https:\/\/stoic-curie.212-227-153-4.plesk.page\/pt\/wp-json\/wp\/v2\/product"}],"about":[{"href":"https:\/\/stoic-curie.212-227-153-4.plesk.page\/pt\/wp-json\/wp\/v2\/types\/product"}],"replies":[{"embeddable":true,"href":"https:\/\/stoic-curie.212-227-153-4.plesk.page\/pt\/wp-json\/wp\/v2\/comments?post=5757143"}],"version-history":[{"count":0,"href":"https:\/\/stoic-curie.212-227-153-4.plesk.page\/pt\/wp-json\/wp\/v2\/product\/5757143\/revisions"}],"wp:featuredmedia":[{"embeddable":true,"href":"https:\/\/stoic-curie.212-227-153-4.plesk.page\/pt\/wp-json\/wp\/v2\/media\/5752957"}],"wp:attachment":[{"href":"https:\/\/stoic-curie.212-227-153-4.plesk.page\/pt\/wp-json\/wp\/v2\/media?parent=5757143"}],"wp:term":[{"taxonomy":"product_brand","embeddable":true,"href":"https:\/\/stoic-curie.212-227-153-4.plesk.page\/pt\/wp-json\/wp\/v2\/product_brand?post=5757143"},{"taxonomy":"product_cat","embeddable":true,"href":"https:\/\/stoic-curie.212-227-153-4.plesk.page\/pt\/wp-json\/wp\/v2\/product_cat?post=5757143"},{"taxonomy":"product_tag","embeddable":true,"href":"https:\/\/stoic-curie.212-227-153-4.plesk.page\/pt\/wp-json\/wp\/v2\/product_tag?post=5757143"}],"curies":[{"name":"wp","href":"https:\/\/api.w.org\/{rel}","templated":true}]}}