{"id":5757151,"date":"2026-02-12T14:07:51","date_gmt":"2026-02-12T13:07:51","guid":{"rendered":"https:\/\/stoic-curie.212-227-153-4.plesk.page\/product\/musto-sardinia-colete-tamanho-m-cor-platinum\/"},"modified":"2026-02-25T00:28:46","modified_gmt":"2026-02-25T00:28:46","slug":"musto-sardinia-colete-tamanho-m-cor-platinum","status":"publish","type":"product","link":"https:\/\/stoic-curie.212-227-153-4.plesk.page\/pt\/product\/musto-sardinia-colete-tamanho-m-cor-platinum\/","title":{"rendered":"Musto Sardinia Colete Tamanho M &#8211; Cor Platinum"},"content":{"rendered":"<p>Musto Sardinia Colete Tamanho M &#8211; Cor Platinum &#8211; <\/p>\n<p>O colete Musto Sardinia \u00e9 perfeito para climas mais quentes. Apresenta um design leve superior, feito de tecido imperme\u00e1vel e respir\u00e1vel de 2 camadas. O interior em malha de fleece proporciona conforto contra a pele e melhora a circula\u00e7\u00e3o de ar. Este colete inclui um z\u00edper frontal YKK\u00c2\u00ae VISLON\u00c2\u00ae com uma prote\u00e7\u00e3o interna para o z\u00edper, dois bolsos laterais com z\u00edper, um bolso no peito com z\u00edper e um fundo el\u00e1stico colado sem costuras expostas para um ajuste ajustado e maior durabilidade. Clique aqui para verificar o tamanho exato:<\/p>\n","protected":false},"excerpt":{"rendered":"<p>Musto Sardinia Colete Tamanho M &#8211; Cor Platinum &#8211; O colete Musto Sardinia \u00e9 perfeito para climas mais quentes. Apresenta<\/p>\n","protected":false},"featured_media":5753085,"comment_status":"open","ping_status":"closed","template":"","meta":[],"product_brand":[3157],"product_cat":[2141],"product_tag":[],"class_list":{"0":"post-5757151","1":"product","2":"type-product","3":"status-publish","4":"has-post-thumbnail","6":"product_brand-musto-pt","7":"product_cat-vestuario-de-vela-musto","9":"first","10":"instock","11":"shipping-taxable","12":"purchasable","13":"product-type-simple"},"_links":{"self":[{"href":"https:\/\/stoic-curie.212-227-153-4.plesk.page\/pt\/wp-json\/wp\/v2\/product\/5757151","targetHints":{"allow":["GET"]}}],"collection":[{"href":"https:\/\/stoic-curie.212-227-153-4.plesk.page\/pt\/wp-json\/wp\/v2\/product"}],"about":[{"href":"https:\/\/stoic-curie.212-227-153-4.plesk.page\/pt\/wp-json\/wp\/v2\/types\/product"}],"replies":[{"embeddable":true,"href":"https:\/\/stoic-curie.212-227-153-4.plesk.page\/pt\/wp-json\/wp\/v2\/comments?post=5757151"}],"version-history":[{"count":0,"href":"https:\/\/stoic-curie.212-227-153-4.plesk.page\/pt\/wp-json\/wp\/v2\/product\/5757151\/revisions"}],"wp:featuredmedia":[{"embeddable":true,"href":"https:\/\/stoic-curie.212-227-153-4.plesk.page\/pt\/wp-json\/wp\/v2\/media\/5753085"}],"wp:attachment":[{"href":"https:\/\/stoic-curie.212-227-153-4.plesk.page\/pt\/wp-json\/wp\/v2\/media?parent=5757151"}],"wp:term":[{"taxonomy":"product_brand","embeddable":true,"href":"https:\/\/stoic-curie.212-227-153-4.plesk.page\/pt\/wp-json\/wp\/v2\/product_brand?post=5757151"},{"taxonomy":"product_cat","embeddable":true,"href":"https:\/\/stoic-curie.212-227-153-4.plesk.page\/pt\/wp-json\/wp\/v2\/product_cat?post=5757151"},{"taxonomy":"product_tag","embeddable":true,"href":"https:\/\/stoic-curie.212-227-153-4.plesk.page\/pt\/wp-json\/wp\/v2\/product_tag?post=5757151"}],"curies":[{"name":"wp","href":"https:\/\/api.w.org\/{rel}","templated":true}]}}