{"id":5757152,"date":"2026-02-12T14:07:52","date_gmt":"2026-02-12T13:07:52","guid":{"rendered":"https:\/\/stoic-curie.212-227-153-4.plesk.page\/product\/colete-musto-sardinia-tamanho-l-cor-platinum\/"},"modified":"2026-02-25T00:28:46","modified_gmt":"2026-02-25T00:28:46","slug":"colete-musto-sardinia-tamanho-l-cor-platinum","status":"publish","type":"product","link":"https:\/\/stoic-curie.212-227-153-4.plesk.page\/pt\/product\/colete-musto-sardinia-tamanho-l-cor-platinum\/","title":{"rendered":"Colete Musto Sardinia &#8211; Tamanho L &#8211; Cor Platinum"},"content":{"rendered":"<p>Colete Musto Sardinia &#8211; Tamanho L &#8211; Cor Platinum &#8211; <\/p>\n<p>O colete Musto Sardinia \u00e9 ideal para ambientes mais quentes. Leve e confort\u00e1vel, \u00e9 feito de um tecido de 2 camadas, \u00e0 prova d&#8217;\u00e1gua e respir\u00e1vel, com malha de fleece para maior conforto contra a pele e melhor circula\u00e7\u00e3o de ar. Inclui um fecho frontal YKK\u00ae VISLON\u00ae, com uma prote\u00e7\u00e3o interna para o z\u00edper, dois bolsos laterais com z\u00edper, um bolso no peito com z\u00edper e uma barra el\u00e1stica colada sem costuras expostas para um ajuste justo e maior durabilidade. <a>Clique aqui para verificar o tamanho exato.<\/a><\/p>\n","protected":false},"excerpt":{"rendered":"<p>Colete Musto Sardinia &#8211; Tamanho L &#8211; Cor Platinum &#8211; O colete Musto Sardinia \u00e9 ideal para ambientes mais quentes.<\/p>\n","protected":false},"featured_media":5753085,"comment_status":"open","ping_status":"closed","template":"","meta":[],"product_brand":[3157],"product_cat":[2141],"product_tag":[],"class_list":{"0":"post-5757152","1":"product","2":"type-product","3":"status-publish","4":"has-post-thumbnail","6":"product_brand-musto-pt","7":"product_cat-vestuario-de-vela-musto","9":"first","10":"instock","11":"shipping-taxable","12":"purchasable","13":"product-type-simple"},"_links":{"self":[{"href":"https:\/\/stoic-curie.212-227-153-4.plesk.page\/pt\/wp-json\/wp\/v2\/product\/5757152","targetHints":{"allow":["GET"]}}],"collection":[{"href":"https:\/\/stoic-curie.212-227-153-4.plesk.page\/pt\/wp-json\/wp\/v2\/product"}],"about":[{"href":"https:\/\/stoic-curie.212-227-153-4.plesk.page\/pt\/wp-json\/wp\/v2\/types\/product"}],"replies":[{"embeddable":true,"href":"https:\/\/stoic-curie.212-227-153-4.plesk.page\/pt\/wp-json\/wp\/v2\/comments?post=5757152"}],"version-history":[{"count":0,"href":"https:\/\/stoic-curie.212-227-153-4.plesk.page\/pt\/wp-json\/wp\/v2\/product\/5757152\/revisions"}],"wp:featuredmedia":[{"embeddable":true,"href":"https:\/\/stoic-curie.212-227-153-4.plesk.page\/pt\/wp-json\/wp\/v2\/media\/5753085"}],"wp:attachment":[{"href":"https:\/\/stoic-curie.212-227-153-4.plesk.page\/pt\/wp-json\/wp\/v2\/media?parent=5757152"}],"wp:term":[{"taxonomy":"product_brand","embeddable":true,"href":"https:\/\/stoic-curie.212-227-153-4.plesk.page\/pt\/wp-json\/wp\/v2\/product_brand?post=5757152"},{"taxonomy":"product_cat","embeddable":true,"href":"https:\/\/stoic-curie.212-227-153-4.plesk.page\/pt\/wp-json\/wp\/v2\/product_cat?post=5757152"},{"taxonomy":"product_tag","embeddable":true,"href":"https:\/\/stoic-curie.212-227-153-4.plesk.page\/pt\/wp-json\/wp\/v2\/product_tag?post=5757152"}],"curies":[{"name":"wp","href":"https:\/\/api.w.org\/{rel}","templated":true}]}}