{"id":5757155,"date":"2026-02-12T14:07:54","date_gmt":"2026-02-12T13:07:54","guid":{"rendered":"https:\/\/stoic-curie.212-227-153-4.plesk.page\/product\/colete-musto-sardinia-tamanho-3xl-cor-platinum\/"},"modified":"2026-02-25T00:28:46","modified_gmt":"2026-02-25T00:28:46","slug":"colete-musto-sardinia-tamanho-3xl-cor-platinum","status":"publish","type":"product","link":"https:\/\/stoic-curie.212-227-153-4.plesk.page\/pt\/product\/colete-musto-sardinia-tamanho-3xl-cor-platinum\/","title":{"rendered":"Colete Musto Sardinia Tamanho 3XL Cor Platinum"},"content":{"rendered":"<p>Colete Musto Sardinia Tamanho 3XL Cor Platinum &#8211; <\/p>\n<p>O colete Musto Sardinia \u00e9 projetado para climas mais quentes. Sua constru\u00e7\u00e3o leve superior \u00e9 feita de um tecido \u00e0 prova d&#8217;\u00e1gua e respir\u00e1vel de 2 camadas, complementado por malha de fleece para conforto ideal contra a sua pele e melhor circula\u00e7\u00e3o de ar. Inclui um z\u00edper frontal YKK\u00ae VISLON\u00ae com um protetor interno de z\u00edper, dois bolsos laterais com z\u00edper, um bolso no peito com z\u00edper e um fundo el\u00e1stico colado, sem costuras expostas, para um ajuste confort\u00e1vel e maior durabilidade. <a>Clique aqui para verificar o tamanho exato:<\/a><\/p>\n","protected":false},"excerpt":{"rendered":"<p>Colete Musto Sardinia Tamanho 3XL Cor Platinum &#8211; O colete Musto Sardinia \u00e9 projetado para climas mais quentes. Sua constru\u00e7\u00e3o<\/p>\n","protected":false},"featured_media":5753085,"comment_status":"open","ping_status":"closed","template":"","meta":[],"product_brand":[3157],"product_cat":[2141],"product_tag":[],"class_list":{"0":"post-5757155","1":"product","2":"type-product","3":"status-publish","4":"has-post-thumbnail","6":"product_brand-musto-pt","7":"product_cat-vestuario-de-vela-musto","9":"first","10":"instock","11":"shipping-taxable","12":"purchasable","13":"product-type-simple"},"_links":{"self":[{"href":"https:\/\/stoic-curie.212-227-153-4.plesk.page\/pt\/wp-json\/wp\/v2\/product\/5757155","targetHints":{"allow":["GET"]}}],"collection":[{"href":"https:\/\/stoic-curie.212-227-153-4.plesk.page\/pt\/wp-json\/wp\/v2\/product"}],"about":[{"href":"https:\/\/stoic-curie.212-227-153-4.plesk.page\/pt\/wp-json\/wp\/v2\/types\/product"}],"replies":[{"embeddable":true,"href":"https:\/\/stoic-curie.212-227-153-4.plesk.page\/pt\/wp-json\/wp\/v2\/comments?post=5757155"}],"version-history":[{"count":0,"href":"https:\/\/stoic-curie.212-227-153-4.plesk.page\/pt\/wp-json\/wp\/v2\/product\/5757155\/revisions"}],"wp:featuredmedia":[{"embeddable":true,"href":"https:\/\/stoic-curie.212-227-153-4.plesk.page\/pt\/wp-json\/wp\/v2\/media\/5753085"}],"wp:attachment":[{"href":"https:\/\/stoic-curie.212-227-153-4.plesk.page\/pt\/wp-json\/wp\/v2\/media?parent=5757155"}],"wp:term":[{"taxonomy":"product_brand","embeddable":true,"href":"https:\/\/stoic-curie.212-227-153-4.plesk.page\/pt\/wp-json\/wp\/v2\/product_brand?post=5757155"},{"taxonomy":"product_cat","embeddable":true,"href":"https:\/\/stoic-curie.212-227-153-4.plesk.page\/pt\/wp-json\/wp\/v2\/product_cat?post=5757155"},{"taxonomy":"product_tag","embeddable":true,"href":"https:\/\/stoic-curie.212-227-153-4.plesk.page\/pt\/wp-json\/wp\/v2\/product_tag?post=5757155"}],"curies":[{"name":"wp","href":"https:\/\/api.w.org\/{rel}","templated":true}]}}