{"id":5757159,"date":"2026-02-12T14:07:57","date_gmt":"2026-02-12T13:07:57","guid":{"rendered":"https:\/\/stoic-curie.212-227-153-4.plesk.page\/product\/colete-musto-sardinia-tamanho-xl-preto\/"},"modified":"2026-02-25T00:28:46","modified_gmt":"2026-02-25T00:28:46","slug":"colete-musto-sardinia-tamanho-xl-preto","status":"publish","type":"product","link":"https:\/\/stoic-curie.212-227-153-4.plesk.page\/pt\/product\/colete-musto-sardinia-tamanho-xl-preto\/","title":{"rendered":"Colete Musto Sardinia Tamanho XL &#8211; Preto"},"content":{"rendered":"<p>Colete Musto Sardinia Tamanho XL &#8211; Preto &#8211; <\/p>\n<p>O Colete Musto Sardinia \u00e9 ideal para ambientes mais quentes. Feito de um material leve de dupla camada, \u00e9 imperme\u00e1vel e respir\u00e1vel, com um forro de malha de fleece para conforto contra a pele e melhor circula\u00e7\u00e3o de ar. Inclui um fecho YKK\u00ae VISLON\u00ae frontal com uma prote\u00e7\u00e3o interna, dois bolsos laterais com fecho, um bolso no peito com fecho e uma bainha el\u00e1stica colada sem costura exposta para um ajuste justo e maior durabilidade. Clique aqui para verificar o tamanho exato:<\/p>\n","protected":false},"excerpt":{"rendered":"<p>Colete Musto Sardinia Tamanho XL &#8211; Preto &#8211; O Colete Musto Sardinia \u00e9 ideal para ambientes mais quentes. Feito de<\/p>\n","protected":false},"featured_media":5753085,"comment_status":"open","ping_status":"closed","template":"","meta":[],"product_brand":[3157],"product_cat":[2141],"product_tag":[],"class_list":{"0":"post-5757159","1":"product","2":"type-product","3":"status-publish","4":"has-post-thumbnail","6":"product_brand-musto-pt","7":"product_cat-vestuario-de-vela-musto","9":"first","10":"instock","11":"shipping-taxable","12":"purchasable","13":"product-type-simple"},"_links":{"self":[{"href":"https:\/\/stoic-curie.212-227-153-4.plesk.page\/pt\/wp-json\/wp\/v2\/product\/5757159","targetHints":{"allow":["GET"]}}],"collection":[{"href":"https:\/\/stoic-curie.212-227-153-4.plesk.page\/pt\/wp-json\/wp\/v2\/product"}],"about":[{"href":"https:\/\/stoic-curie.212-227-153-4.plesk.page\/pt\/wp-json\/wp\/v2\/types\/product"}],"replies":[{"embeddable":true,"href":"https:\/\/stoic-curie.212-227-153-4.plesk.page\/pt\/wp-json\/wp\/v2\/comments?post=5757159"}],"version-history":[{"count":0,"href":"https:\/\/stoic-curie.212-227-153-4.plesk.page\/pt\/wp-json\/wp\/v2\/product\/5757159\/revisions"}],"wp:featuredmedia":[{"embeddable":true,"href":"https:\/\/stoic-curie.212-227-153-4.plesk.page\/pt\/wp-json\/wp\/v2\/media\/5753085"}],"wp:attachment":[{"href":"https:\/\/stoic-curie.212-227-153-4.plesk.page\/pt\/wp-json\/wp\/v2\/media?parent=5757159"}],"wp:term":[{"taxonomy":"product_brand","embeddable":true,"href":"https:\/\/stoic-curie.212-227-153-4.plesk.page\/pt\/wp-json\/wp\/v2\/product_brand?post=5757159"},{"taxonomy":"product_cat","embeddable":true,"href":"https:\/\/stoic-curie.212-227-153-4.plesk.page\/pt\/wp-json\/wp\/v2\/product_cat?post=5757159"},{"taxonomy":"product_tag","embeddable":true,"href":"https:\/\/stoic-curie.212-227-153-4.plesk.page\/pt\/wp-json\/wp\/v2\/product_tag?post=5757159"}],"curies":[{"name":"wp","href":"https:\/\/api.w.org\/{rel}","templated":true}]}}