{"id":5757164,"date":"2026-02-12T14:08:00","date_gmt":"2026-02-12T13:08:00","guid":{"rendered":"https:\/\/stoic-curie.212-227-153-4.plesk.page\/product\/casaco-musto-snug-blouson-tamanho-l-azul-marinho\/"},"modified":"2026-02-25T00:28:46","modified_gmt":"2026-02-25T00:28:46","slug":"casaco-musto-snug-blouson-tamanho-l-azul-marinho","status":"publish","type":"product","link":"https:\/\/stoic-curie.212-227-153-4.plesk.page\/pt\/product\/casaco-musto-snug-blouson-tamanho-l-azul-marinho\/","title":{"rendered":"Casaco Musto Snug Blouson Tamanho L &#8211; Azul Marinho"},"content":{"rendered":"<p>Casaco Musto Snug Blouson Tamanho L &#8211; Azul Marinho &#8211; <\/p>\n<p>O Casaco Musto Snug Blouson \u00e9 uma jaqueta t\u00e9cnica de estilo de vida fabricada com tecido Ocean Tech\u2122 e forrada com quente fleece Polartec\u00ae para maior conforto e prote\u00e7\u00e3o em dias mais frescos. As costuras seladas garantem impermeabilidade, tornando-a ideal como camadas interm\u00e9dias em condi\u00e7\u00f5es clim\u00e1ticas vari\u00e1veis. As bainhas e punhos canelados oferecem um ajuste justo, enquanto os bolsos laterais com fecho oferecem praticidade e seguran\u00e7a. Esta jaqueta \u00e9 um produto certificado bluesign\u00ae feito com materiais reciclados.<br \/>Clique aqui para verificar o tamanho exato:<\/p>\n","protected":false},"excerpt":{"rendered":"<p>Casaco Musto Snug Blouson Tamanho L &#8211; Azul Marinho &#8211; O Casaco Musto Snug Blouson \u00e9 uma jaqueta t\u00e9cnica de<\/p>\n","protected":false},"featured_media":5753221,"comment_status":"open","ping_status":"closed","template":"","meta":[],"product_brand":[3157],"product_cat":[2141],"product_tag":[],"class_list":{"0":"post-5757164","1":"product","2":"type-product","3":"status-publish","4":"has-post-thumbnail","6":"product_brand-musto-pt","7":"product_cat-vestuario-de-vela-musto","9":"first","10":"instock","11":"shipping-taxable","12":"purchasable","13":"product-type-simple"},"_links":{"self":[{"href":"https:\/\/stoic-curie.212-227-153-4.plesk.page\/pt\/wp-json\/wp\/v2\/product\/5757164","targetHints":{"allow":["GET"]}}],"collection":[{"href":"https:\/\/stoic-curie.212-227-153-4.plesk.page\/pt\/wp-json\/wp\/v2\/product"}],"about":[{"href":"https:\/\/stoic-curie.212-227-153-4.plesk.page\/pt\/wp-json\/wp\/v2\/types\/product"}],"replies":[{"embeddable":true,"href":"https:\/\/stoic-curie.212-227-153-4.plesk.page\/pt\/wp-json\/wp\/v2\/comments?post=5757164"}],"version-history":[{"count":0,"href":"https:\/\/stoic-curie.212-227-153-4.plesk.page\/pt\/wp-json\/wp\/v2\/product\/5757164\/revisions"}],"wp:featuredmedia":[{"embeddable":true,"href":"https:\/\/stoic-curie.212-227-153-4.plesk.page\/pt\/wp-json\/wp\/v2\/media\/5753221"}],"wp:attachment":[{"href":"https:\/\/stoic-curie.212-227-153-4.plesk.page\/pt\/wp-json\/wp\/v2\/media?parent=5757164"}],"wp:term":[{"taxonomy":"product_brand","embeddable":true,"href":"https:\/\/stoic-curie.212-227-153-4.plesk.page\/pt\/wp-json\/wp\/v2\/product_brand?post=5757164"},{"taxonomy":"product_cat","embeddable":true,"href":"https:\/\/stoic-curie.212-227-153-4.plesk.page\/pt\/wp-json\/wp\/v2\/product_cat?post=5757164"},{"taxonomy":"product_tag","embeddable":true,"href":"https:\/\/stoic-curie.212-227-153-4.plesk.page\/pt\/wp-json\/wp\/v2\/product_tag?post=5757164"}],"curies":[{"name":"wp","href":"https:\/\/api.w.org\/{rel}","templated":true}]}}