{"id":5757169,"date":"2026-02-12T14:08:04","date_gmt":"2026-02-12T13:08:04","guid":{"rendered":"https:\/\/stoic-curie.212-227-153-4.plesk.page\/product\/jaqueta-musto-snug-blouson-tamanho-l-cor-platinum\/"},"modified":"2026-02-25T00:28:46","modified_gmt":"2026-02-25T00:28:46","slug":"jaqueta-musto-snug-blouson-tamanho-l-cor-platinum","status":"publish","type":"product","link":"https:\/\/stoic-curie.212-227-153-4.plesk.page\/pt\/product\/jaqueta-musto-snug-blouson-tamanho-l-cor-platinum\/","title":{"rendered":"Jaqueta Musto Snug Blouson Tamanho L &#8211; Cor Platinum"},"content":{"rendered":"<p>Jaqueta Musto Snug Blouson Tamanho L &#8211; Cor Platinum &#8211; <\/p>\n<p>A Jaqueta Musto Snug Blouson \u00e9 uma jaqueta t\u00e9cnica de estilo de vida feita com tecido Ocean Tech\u2122 e forrada com polar Polartec\u00ae quente para conforto e prote\u00e7\u00e3o em dias mais frescos. As costuras seladas garantem impermeabilidade, tornando-a ideal como camada intermedi\u00e1ria em condi\u00e7\u00f5es vari\u00e1veis. As mangas e a barra ribadas proporcionam um ajustes firme, enquanto os bolsos laterais com z\u00edper oferecem praticidade e seguran\u00e7a. Este produto \u00e9 certificado bluesign\u00ae e feito com materiais reciclados. <a>Clique aqui para verificar o tamanho exato.<\/a><\/p>\n","protected":false},"excerpt":{"rendered":"<p>Jaqueta Musto Snug Blouson Tamanho L &#8211; Cor Platinum &#8211; A Jaqueta Musto Snug Blouson \u00e9 uma jaqueta t\u00e9cnica de<\/p>\n","protected":false},"featured_media":5753221,"comment_status":"open","ping_status":"closed","template":"","meta":[],"product_brand":[3157],"product_cat":[2141],"product_tag":[],"class_list":{"0":"post-5757169","1":"product","2":"type-product","3":"status-publish","4":"has-post-thumbnail","6":"product_brand-musto-pt","7":"product_cat-vestuario-de-vela-musto","9":"first","10":"instock","11":"shipping-taxable","12":"purchasable","13":"product-type-simple"},"_links":{"self":[{"href":"https:\/\/stoic-curie.212-227-153-4.plesk.page\/pt\/wp-json\/wp\/v2\/product\/5757169","targetHints":{"allow":["GET"]}}],"collection":[{"href":"https:\/\/stoic-curie.212-227-153-4.plesk.page\/pt\/wp-json\/wp\/v2\/product"}],"about":[{"href":"https:\/\/stoic-curie.212-227-153-4.plesk.page\/pt\/wp-json\/wp\/v2\/types\/product"}],"replies":[{"embeddable":true,"href":"https:\/\/stoic-curie.212-227-153-4.plesk.page\/pt\/wp-json\/wp\/v2\/comments?post=5757169"}],"version-history":[{"count":0,"href":"https:\/\/stoic-curie.212-227-153-4.plesk.page\/pt\/wp-json\/wp\/v2\/product\/5757169\/revisions"}],"wp:featuredmedia":[{"embeddable":true,"href":"https:\/\/stoic-curie.212-227-153-4.plesk.page\/pt\/wp-json\/wp\/v2\/media\/5753221"}],"wp:attachment":[{"href":"https:\/\/stoic-curie.212-227-153-4.plesk.page\/pt\/wp-json\/wp\/v2\/media?parent=5757169"}],"wp:term":[{"taxonomy":"product_brand","embeddable":true,"href":"https:\/\/stoic-curie.212-227-153-4.plesk.page\/pt\/wp-json\/wp\/v2\/product_brand?post=5757169"},{"taxonomy":"product_cat","embeddable":true,"href":"https:\/\/stoic-curie.212-227-153-4.plesk.page\/pt\/wp-json\/wp\/v2\/product_cat?post=5757169"},{"taxonomy":"product_tag","embeddable":true,"href":"https:\/\/stoic-curie.212-227-153-4.plesk.page\/pt\/wp-json\/wp\/v2\/product_tag?post=5757169"}],"curies":[{"name":"wp","href":"https:\/\/api.w.org\/{rel}","templated":true}]}}